{"id":8298,"date":"2026-03-10T08:20:58","date_gmt":"2026-03-10T07:20:58","guid":{"rendered":"https:\/\/hotelsvendborg.dk\/?page_id=8298"},"modified":"2026-03-13T08:10:53","modified_gmt":"2026-03-13T07:10:53","slug":"mothers-day","status":"publish","type":"page","link":"https:\/\/hotelsvendborg.dk\/en\/mors-dag\/","title":{"rendered":"Mother&#039;s Day"},"content":{"rendered":"\t\t<div data-elementor-type=\"wp-page\" data-elementor-id=\"8298\" class=\"elementor elementor-8298\" data-elementor-post-type=\"page\">\n\t\t\t\t<div class=\"elementor-element elementor-element-f834f3e e-con-full e-flex e-con e-parent\" data-id=\"f834f3e\" data-element_type=\"container\" data-e-type=\"container\" data-settings=\"{&quot;background_background&quot;:&quot;slideshow&quot;,&quot;background_slideshow_gallery&quot;:[{&quot;id&quot;:5691,&quot;url&quot;:&quot;https:\\\/\\\/hotelsvendborg.dk\\\/wp-content\\\/uploads\\\/2025\\\/11\\\/krinsenskilt.jpg&quot;}],&quot;background_slideshow_slide_duration&quot;:3000,&quot;background_slideshow_loop&quot;:&quot;yes&quot;,&quot;background_slideshow_slide_transition&quot;:&quot;fade&quot;,&quot;background_slideshow_transition_duration&quot;:500}\">\n\t\t\t\t<div class=\"elementor-element elementor-element-c22bc29 elementor-widget elementor-widget-heading\" data-id=\"c22bc29\" data-element_type=\"widget\" data-e-type=\"widget\" data-widget_type=\"heading.default\">\n\t\t\t\t<div class=\"elementor-widget-container\">\n\t\t\t\t\t<h1 class=\"elementor-heading-title elementor-size-default\">Mors dag<\/h1>\t\t\t\t<\/div>\n\t\t\t\t<\/div>\n\t\t\t\t<div class=\"elementor-element elementor-element-84fec3c elementor-widget__width-initial elementor-widget elementor-widget-text-editor\" data-id=\"84fec3c\" data-element_type=\"widget\" data-e-type=\"widget\" data-widget_type=\"text-editor.default\">\n\t\t\t\t<div class=\"elementor-widget-container\">\n\t\t\t\t\t\t\t\t\tHotel Svendborg har \u00e5ben p\u00e5 Mors dag, s\u00f8ndag d. 10. maj 2026\t\t\t\t\t\t\t\t<\/div>\n\t\t\t\t<\/div>\n\t\t\t\t<div class=\"elementor-element elementor-element-168408a btn-slide elementor-mobile-align-justify elementor-widget-mobile__width-inherit elementor-widget elementor-widget-button\" data-id=\"168408a\" data-element_type=\"widget\" data-e-type=\"widget\" data-widget_type=\"button.default\">\n\t\t\t\t<div class=\"elementor-widget-container\">\n\t\t\t\t\t\t\t\t\t<div class=\"elementor-button-wrapper\">\n\t\t\t\t\t<a class=\"elementor-button elementor-button-link elementor-size-sm\" href=\"#mere\">\n\t\t\t\t\t\t<span class=\"elementor-button-content-wrapper\">\n\t\t\t\t\t\t\t\t\t<span class=\"elementor-button-text\">L\u00e6s mere<\/span>\n\t\t\t\t\t<\/span>\n\t\t\t\t\t<\/a>\n\t\t\t\t<\/div>\n\t\t\t\t\t\t\t\t<\/div>\n\t\t\t\t<\/div>\n\t\t\t\t<\/div>\n\t\t<div class=\"elementor-element elementor-element-4f8553b2 e-flex e-con-boxed e-con e-parent\" data-id=\"4f8553b2\" data-element_type=\"container\" data-e-type=\"container\" id=\"mere\">\n\t\t\t\t\t<div class=\"e-con-inner\">\n\t\t<div class=\"elementor-element elementor-element-743dcb0 e-grid e-con-full e-con e-child\" data-id=\"743dcb0\" data-element_type=\"container\" data-e-type=\"container\">\n\t\t<div class=\"elementor-element elementor-element-4a17029 e-con-full e-flex e-con e-child\" data-id=\"4a17029\" data-element_type=\"container\" data-e-type=\"container\" data-settings=\"{&quot;background_background&quot;:&quot;classic&quot;}\">\n\t\t<div class=\"elementor-element elementor-element-2452c16 e-con-full e-flex e-con e-child\" data-id=\"2452c16\" data-element_type=\"container\" data-e-type=\"container\">\n\t\t\t\t<div class=\"elementor-element elementor-element-12ef1d9 elementor-widget elementor-widget-heading\" data-id=\"12ef1d9\" data-element_type=\"widget\" data-e-type=\"widget\" data-widget_type=\"heading.default\">\n\t\t\t\t<div class=\"elementor-widget-container\">\n\t\t\t\t\t<p class=\"elementor-heading-title elementor-size-default\">Mors dag<\/p>\t\t\t\t<\/div>\n\t\t\t\t<\/div>\n\t\t\t\t<div class=\"elementor-element elementor-element-ae7fe28 elementor-widget elementor-widget-heading\" data-id=\"ae7fe28\" data-element_type=\"widget\" data-e-type=\"widget\" data-widget_type=\"heading.default\">\n\t\t\t\t<div class=\"elementor-widget-container\">\n\t\t\t\t\t<h2 class=\"elementor-heading-title elementor-size-default\">Fork\u00e6l din mor med en l\u00e6kker brunch eller 2 retters menu<\/h2>\t\t\t\t<\/div>\n\t\t\t\t<\/div>\n\t\t<div class=\"elementor-element elementor-element-40d40d2 e-con-full e-flex e-con e-child\" data-id=\"40d40d2\" data-element_type=\"container\" data-e-type=\"container\">\n\t\t\t\t<div class=\"elementor-element elementor-element-aa3ecca elementor-widget elementor-widget-heading\" data-id=\"aa3ecca\" data-element_type=\"widget\" data-e-type=\"widget\" data-widget_type=\"heading.default\">\n\t\t\t\t<div class=\"elementor-widget-container\">\n\t\t\t\t\t<h3 class=\"elementor-heading-title elementor-size-default\">Brunchbuffet<\/h3>\t\t\t\t<\/div>\n\t\t\t\t<\/div>\n\t\t\t\t<div class=\"elementor-element elementor-element-bdd68e8 elementor-widget elementor-widget-text-editor\" data-id=\"bdd68e8\" data-element_type=\"widget\" data-e-type=\"widget\" data-widget_type=\"text-editor.default\">\n\t\t\t\t<div class=\"elementor-widget-container\">\n\t\t\t\t\t\t\t\t\t<p>Stor l\u00e6kker brunchbuffet fra kl. 11.30 til kl. 14.00<\/p><p>Alle de sk\u00f8nne retter der h\u00f8rer til en l\u00e6kker brunch inkl. Bobler, kaffe, te og most<\/p>\t\t\t\t\t\t\t\t<\/div>\n\t\t\t\t<\/div>\n\t\t\t\t<div class=\"elementor-element elementor-element-7d8aad1 elementor-widget elementor-widget-heading\" data-id=\"7d8aad1\" data-element_type=\"widget\" data-e-type=\"widget\" data-widget_type=\"heading.default\">\n\t\t\t\t<div class=\"elementor-widget-container\">\n\t\t\t\t\t<p class=\"elementor-heading-title elementor-size-default\">Pris pr. person 295,-\n\n<\/p>\t\t\t\t<\/div>\n\t\t\t\t<\/div>\n\t\t\t\t<\/div>\n\t\t<div class=\"elementor-element elementor-element-8571806 e-con-full e-flex e-con e-child\" data-id=\"8571806\" data-element_type=\"container\" data-e-type=\"container\">\n\t\t\t\t<div class=\"elementor-element elementor-element-6a031ab elementor-widget elementor-widget-heading\" data-id=\"6a031ab\" data-element_type=\"widget\" data-e-type=\"widget\" data-widget_type=\"heading.default\">\n\t\t\t\t<div class=\"elementor-widget-container\">\n\t\t\t\t\t<h3 class=\"elementor-heading-title elementor-size-default\">Aftenmenu med 2 retter<\/h3>\t\t\t\t<\/div>\n\t\t\t\t<\/div>\n\t\t\t\t<div class=\"elementor-element elementor-element-d841c1f elementor-widget elementor-widget-text-editor\" data-id=\"d841c1f\" data-element_type=\"widget\" data-e-type=\"widget\" data-widget_type=\"text-editor.default\">\n\t\t\t\t<div class=\"elementor-widget-container\">\n\t\t\t\t\t\t\t\t\t<p>Fra kl. 17.30 til kl. 21.30<\/p>\t\t\t\t\t\t\t\t<\/div>\n\t\t\t\t<\/div>\n\t\t<div class=\"elementor-element elementor-element-19662d8 e-con-full e-flex e-con e-child\" data-id=\"19662d8\" data-element_type=\"container\" data-e-type=\"container\">\n\t\t\t\t<div class=\"elementor-element elementor-element-6089ec3 elementor-widget elementor-widget-text-editor\" data-id=\"6089ec3\" data-element_type=\"widget\" data-e-type=\"widget\" data-widget_type=\"text-editor.default\">\n\t\t\t\t<div class=\"elementor-widget-container\">\n\t\t\t\t\t\t\t\t\tForret\t\t\t\t\t\t\t\t<\/div>\n\t\t\t\t<\/div>\n\t\t\t\t<div class=\"elementor-element elementor-element-9767ca6 elementor-widget elementor-widget-text-editor\" data-id=\"9767ca6\" data-element_type=\"widget\" data-e-type=\"widget\" data-widget_type=\"text-editor.default\">\n\t\t\t\t<div class=\"elementor-widget-container\">\n\t\t\t\t\t\t\t\t\tBr\u00f8dstegt filet af torsk med soufflefars, gr\u00f8n olie, spidsk\u00e5l, tomat, \u00f8kologiske krydderurter fra Micro Greens\n\n\t\t\t\t\t\t\t\t<\/div>\n\t\t\t\t<\/div>\n\t\t\t\t<\/div>\n\t\t<div class=\"elementor-element elementor-element-b47f3ae e-con-full e-flex e-con e-child\" data-id=\"b47f3ae\" data-element_type=\"container\" data-e-type=\"container\">\n\t\t\t\t<div class=\"elementor-element elementor-element-5153264 elementor-widget elementor-widget-text-editor\" data-id=\"5153264\" data-element_type=\"widget\" data-e-type=\"widget\" data-widget_type=\"text-editor.default\">\n\t\t\t\t<div class=\"elementor-widget-container\">\n\t\t\t\t\t\t\t\t\t<p>Hovedret<\/p>\t\t\t\t\t\t\t\t<\/div>\n\t\t\t\t<\/div>\n\t\t\t\t<div class=\"elementor-element elementor-element-98e4f84 elementor-widget elementor-widget-text-editor\" data-id=\"98e4f84\" data-element_type=\"widget\" data-e-type=\"widget\" data-widget_type=\"text-editor.default\">\n\t\t\t\t<div class=\"elementor-widget-container\">\n\t\t\t\t\t\t\t\t\tSvampefarseret kyllingebryst fra Hop balle m\u00f8lle\nmed spinatcreme, jordskokkepure, porre, gulerod med top og kartoffelterrin\t\t\t\t\t\t\t\t<\/div>\n\t\t\t\t<\/div>\n\t\t\t\t<\/div>\n\t\t\t\t<div class=\"elementor-element elementor-element-11cc948 elementor-widget elementor-widget-heading\" data-id=\"11cc948\" data-element_type=\"widget\" data-e-type=\"widget\" data-widget_type=\"heading.default\">\n\t\t\t\t<div class=\"elementor-widget-container\">\n\t\t\t\t\t<p class=\"elementor-heading-title elementor-size-default\">2 retter 295,-\n<\/p>\t\t\t\t<\/div>\n\t\t\t\t<\/div>\n\t\t\t\t<div class=\"elementor-element elementor-element-ad6bb9c elementor-widget elementor-widget-heading\" data-id=\"ad6bb9c\" data-element_type=\"widget\" data-e-type=\"widget\" data-widget_type=\"heading.default\">\n\t\t\t\t<div class=\"elementor-widget-container\">\n\t\t\t\t\t<h3 class=\"elementor-heading-title elementor-size-default\">Tilk\u00f8b dessert<\/h3>\t\t\t\t<\/div>\n\t\t\t\t<\/div>\n\t\t\t\t<div class=\"elementor-element elementor-element-39cd603 elementor-widget elementor-widget-text-editor\" data-id=\"39cd603\" data-element_type=\"widget\" data-e-type=\"widget\" data-widget_type=\"text-editor.default\">\n\t\t\t\t<div class=\"elementor-widget-container\">\n\t\t\t\t\t\t\t\t\t<p>Bagt rabarber med marengs, br\u00e6ndt chokolade, tuile og r\u00f8rt vaniljeis<\/p>\t\t\t\t\t\t\t\t<\/div>\n\t\t\t\t<\/div>\n\t\t\t\t<div class=\"elementor-element elementor-element-b60e79b elementor-widget elementor-widget-heading\" data-id=\"b60e79b\" data-element_type=\"widget\" data-e-type=\"widget\" data-widget_type=\"heading.default\">\n\t\t\t\t<div class=\"elementor-widget-container\">\n\t\t\t\t\t<p class=\"elementor-heading-title elementor-size-default\">Pr. person kr. +65,-\n\n<\/p>\t\t\t\t<\/div>\n\t\t\t\t<\/div>\n\t\t\t\t<\/div>\n\t\t<div class=\"elementor-element elementor-element-51ef03d e-con-full e-flex e-con e-child\" data-id=\"51ef03d\" data-element_type=\"container\" data-e-type=\"container\">\n\t\t\t\t<div class=\"elementor-element elementor-element-fa5d14f elementor-mobile-align-justify elementor-widget elementor-widget-button\" data-id=\"fa5d14f\" data-element_type=\"widget\" data-e-type=\"widget\" data-widget_type=\"button.default\">\n\t\t\t\t<div class=\"elementor-widget-container\">\n\t\t\t\t\t\t\t\t\t<div class=\"elementor-button-wrapper\">\n\t\t\t\t\t<a class=\"elementor-button elementor-button-link elementor-size-sm\" href=\"tel:+4562176203%20\">\n\t\t\t\t\t\t<span class=\"elementor-button-content-wrapper\">\n\t\t\t\t\t\t\t\t\t<span class=\"elementor-button-text\">Book bord p\u00e5 62 17 62 03 <\/span>\n\t\t\t\t\t<\/span>\n\t\t\t\t\t<\/a>\n\t\t\t\t<\/div>\n\t\t\t\t\t\t\t\t<\/div>\n\t\t\t\t<\/div>\n\t\t\t\t<div class=\"elementor-element elementor-element-d2f85dc elementor-widget elementor-widget-text-editor\" data-id=\"d2f85dc\" data-element_type=\"widget\" data-e-type=\"widget\" data-widget_type=\"text-editor.default\">\n\t\t\t\t<div class=\"elementor-widget-container\">\n\t\t\t\t\t\t\t\t\t<a href=\"https:\/\/hotelaeroe.dk\/mors-dag\/\" target=\"_blank\" rel=\"noopener\">Se ogs\u00e5 mors dag arrangement p\u00e5 Hotel \u00c6r\u00f8<\/a>\t\t\t\t\t\t\t\t<\/div>\n\t\t\t\t<\/div>\n\t\t\t\t<\/div>\n\t\t\t\t<\/div>\n\t\t\t\t<\/div>\n\t\t<div class=\"elementor-element elementor-element-7771731 e-grid e-con-full e-con e-child\" data-id=\"7771731\" data-element_type=\"container\" data-e-type=\"container\">\n\t\t<div class=\"elementor-element elementor-element-3a4680f e-con-full e-flex e-con e-child\" data-id=\"3a4680f\" data-element_type=\"container\" data-e-type=\"container\" data-settings=\"{&quot;background_background&quot;:&quot;classic&quot;}\">\n\t\t\t\t<\/div>\n\t\t<div class=\"elementor-element elementor-element-f55462a e-con-full e-flex e-con e-child\" data-id=\"f55462a\" data-element_type=\"container\" data-e-type=\"container\" data-settings=\"{&quot;background_background&quot;:&quot;classic&quot;}\">\n\t\t\t\t<\/div>\n\t\t\t\t<\/div>\n\t\t\t\t<\/div>\n\t\t\t\t\t<\/div>\n\t\t\t\t<\/div>\n\t\t\t\t<\/div>\n\t\t","protected":false},"excerpt":{"rendered":"<p>Mors dag Hotel Svendborg har \u00e5ben p\u00e5 Mors dag, s\u00f8ndag d. 10. maj 2026 L\u00e6s mere Mors dag Fork\u00e6l din mor med en l\u00e6kker brunch eller 2 retters menu Brunchbuffet Stor l\u00e6kker brunchbuffet fra kl. 11.30 til kl. 14.00 Alle de sk\u00f8nne retter der h\u00f8rer til en l\u00e6kker brunch inkl. Bobler, kaffe, te og most [&hellip;]<\/p>\n","protected":false},"author":2,"featured_media":0,"parent":0,"menu_order":0,"comment_status":"closed","ping_status":"closed","template":"","meta":{"_acf_changed":false,"footnotes":""},"class_list":["post-8298","page","type-page","status-publish","hentry"],"acf":[],"yoast_head":"<!-- This site is optimized with the Yoast SEO plugin v27.5 - https:\/\/yoast.com\/product\/yoast-seo-wordpress\/ -->\n<title>Reception \u2013 f\u00f8dselsdag, fejring og jubil\u00e6um hos Restaurant Krinsen<\/title>\n<meta name=\"description\" content=\"Vi er med jer hele vejen fra modtagelse af g\u00e6ster, registrering af gaver, buffet og drikkevarer til den afsluttende kaffe.\" \/>\n<meta name=\"robots\" content=\"index, follow, max-snippet:-1, max-image-preview:large, max-video-preview:-1\" \/>\n<link rel=\"canonical\" href=\"https:\/\/hotelsvendborg.dk\/en\/mothers-day\/\" \/>\n<meta property=\"og:locale\" content=\"en_GB\" \/>\n<meta property=\"og:type\" content=\"article\" \/>\n<meta property=\"og:title\" content=\"Reception \u2013 f\u00f8dselsdag, fejring og jubil\u00e6um hos Restaurant Krinsen\" \/>\n<meta property=\"og:description\" content=\"Vi er med jer hele vejen fra modtagelse af g\u00e6ster, registrering af gaver, buffet og drikkevarer til den afsluttende kaffe.\" \/>\n<meta property=\"og:url\" content=\"https:\/\/hotelsvendborg.dk\/en\/mothers-day\/\" \/>\n<meta property=\"og:site_name\" content=\"Hotel Svendborg\" \/>\n<meta property=\"article:modified_time\" content=\"2026-03-13T07:10:53+00:00\" \/>\n<meta name=\"twitter:card\" content=\"summary_large_image\" \/>\n<meta name=\"twitter:label1\" content=\"Estimated reading time\" \/>\n\t<meta name=\"twitter:data1\" content=\"1 minute\" \/>\n<!-- \/ Yoast SEO plugin. -->","yoast_head_json":{"title":"Reception \u2013 birthday, celebration and anniversary at Restaurant Krinsen","description":"We are with you all the way from welcoming guests, registering gifts, buffet and drinks to the final coffee.","robots":{"index":"index","follow":"follow","max-snippet":"max-snippet:-1","max-image-preview":"max-image-preview:large","max-video-preview":"max-video-preview:-1"},"canonical":"https:\/\/hotelsvendborg.dk\/en\/mothers-day\/","og_locale":"en_GB","og_type":"article","og_title":"Reception \u2013 f\u00f8dselsdag, fejring og jubil\u00e6um hos Restaurant Krinsen","og_description":"Vi er med jer hele vejen fra modtagelse af g\u00e6ster, registrering af gaver, buffet og drikkevarer til den afsluttende kaffe.","og_url":"https:\/\/hotelsvendborg.dk\/en\/mothers-day\/","og_site_name":"Hotel Svendborg","article_modified_time":"2026-03-13T07:10:53+00:00","twitter_card":"summary_large_image","twitter_misc":{"Estimated reading time":"1 minute"},"schema":{"@context":"https:\/\/schema.org","@graph":[{"@type":"WebPage","@id":"https:\/\/hotelsvendborg.dk\/mors-dag\/","url":"https:\/\/hotelsvendborg.dk\/mors-dag\/","name":"Reception \u2013 birthday, celebration and anniversary at Restaurant Krinsen","isPartOf":{"@id":"https:\/\/hotelsvendborg.dk\/#website"},"datePublished":"2026-03-10T07:20:58+00:00","dateModified":"2026-03-13T07:10:53+00:00","description":"We are with you all the way from welcoming guests, registering gifts, buffet and drinks to the final coffee.","breadcrumb":{"@id":"https:\/\/hotelsvendborg.dk\/mors-dag\/#breadcrumb"},"inLanguage":"en-GB","potentialAction":[{"@type":"ReadAction","target":["https:\/\/hotelsvendborg.dk\/mors-dag\/"]}]},{"@type":"BreadcrumbList","@id":"https:\/\/hotelsvendborg.dk\/mors-dag\/#breadcrumb","itemListElement":[{"@type":"ListItem","position":1,"name":"Home","item":"https:\/\/hotelsvendborg.dk\/"},{"@type":"ListItem","position":2,"name":"Mors dag"}]},{"@type":"WebSite","@id":"https:\/\/hotelsvendborg.dk\/#website","url":"https:\/\/hotelsvendborg.dk\/","name":"Hotel Svendborg","description":"","publisher":{"@id":"https:\/\/hotelsvendborg.dk\/#organization"},"potentialAction":[{"@type":"SearchAction","target":{"@type":"EntryPoint","urlTemplate":"https:\/\/hotelsvendborg.dk\/?s={search_term_string}"},"query-input":{"@type":"PropertyValueSpecification","valueRequired":true,"valueName":"search_term_string"}}],"inLanguage":"en-GB"},{"@type":"Organization","@id":"https:\/\/hotelsvendborg.dk\/#organization","name":"Hotel Svendborg","url":"https:\/\/hotelsvendborg.dk\/","logo":{"@type":"ImageObject","inLanguage":"en-GB","@id":"https:\/\/hotelsvendborg.dk\/#\/schema\/logo\/image\/","url":"https:\/\/hotelsvendborg.dk\/wp-content\/uploads\/2024\/10\/hotel-svendborg.svg","contentUrl":"https:\/\/hotelsvendborg.dk\/wp-content\/uploads\/2024\/10\/hotel-svendborg.svg","width":257,"height":55,"caption":"Hotel Svendborg"},"image":{"@id":"https:\/\/hotelsvendborg.dk\/#\/schema\/logo\/image\/"}}]}},"_links":{"self":[{"href":"https:\/\/hotelsvendborg.dk\/en\/wp-json\/wp\/v2\/pages\/8298","targetHints":{"allow":["GET"]}}],"collection":[{"href":"https:\/\/hotelsvendborg.dk\/en\/wp-json\/wp\/v2\/pages"}],"about":[{"href":"https:\/\/hotelsvendborg.dk\/en\/wp-json\/wp\/v2\/types\/page"}],"author":[{"embeddable":true,"href":"https:\/\/hotelsvendborg.dk\/en\/wp-json\/wp\/v2\/users\/2"}],"replies":[{"embeddable":true,"href":"https:\/\/hotelsvendborg.dk\/en\/wp-json\/wp\/v2\/comments?post=8298"}],"version-history":[{"count":37,"href":"https:\/\/hotelsvendborg.dk\/en\/wp-json\/wp\/v2\/pages\/8298\/revisions"}],"predecessor-version":[{"id":8359,"href":"https:\/\/hotelsvendborg.dk\/en\/wp-json\/wp\/v2\/pages\/8298\/revisions\/8359"}],"wp:attachment":[{"href":"https:\/\/hotelsvendborg.dk\/en\/wp-json\/wp\/v2\/media?parent=8298"}],"curies":[{"name":"wp","href":"https:\/\/api.w.org\/{rel}","templated":true}]}}