{"id":7954,"date":"2026-02-11T13:45:43","date_gmt":"2026-02-11T12:45:43","guid":{"rendered":"https:\/\/hotelsvendborg.dk\/?page_id=7954"},"modified":"2026-04-01T13:12:10","modified_gmt":"2026-04-01T11:12:10","slug":"recipe-of-the-month","status":"publish","type":"page","link":"https:\/\/hotelsvendborg.dk\/en\/maanedens-opskrift\/","title":{"rendered":"Recipe of the month"},"content":{"rendered":"\t\t<div data-elementor-type=\"wp-page\" data-elementor-id=\"7954\" class=\"elementor elementor-7954\" data-elementor-post-type=\"page\">\n\t\t\t\t<div class=\"elementor-element elementor-element-26dc47a e-con-full e-flex e-con e-parent\" data-id=\"26dc47a\" data-element_type=\"container\" data-e-type=\"container\" data-settings=\"{&quot;background_background&quot;:&quot;video&quot;,&quot;background_video_link&quot;:&quot;https:\\\/\\\/hotelsvendborg.dk\\\/wp-content\\\/uploads\\\/2025\\\/11\\\/AdobeStock_1532982613.mp4&quot;,&quot;background_play_on_mobile&quot;:&quot;yes&quot;}\">\n\t\t<div class=\"elementor-background-video-container\">\n\t\t\t\t\t\t\t<video class=\"elementor-background-video-hosted\" role=\"presentation\" autoplay muted playsinline loop><\/video>\n\t\t\t\t\t<\/div>\t\t<div class=\"elementor-element elementor-element-fd7f3ac elementor-widget elementor-widget-heading\" data-id=\"fd7f3ac\" data-element_type=\"widget\" data-e-type=\"widget\" data-widget_type=\"heading.default\">\n\t\t\t\t<div class=\"elementor-widget-container\">\n\t\t\t\t\t<h1 class=\"elementor-heading-title elementor-size-default\">M\u00e5nedens opskrift<\/h1>\t\t\t\t<\/div>\n\t\t\t\t<\/div>\n\t\t\t\t<\/div>\n\t\t<div class=\"elementor-element elementor-element-7f3b103 e-flex e-con-boxed e-con e-parent\" data-id=\"7f3b103\" data-element_type=\"container\" data-e-type=\"container\">\n\t\t\t\t\t<div class=\"e-con-inner\">\n\t\t<div class=\"elementor-element elementor-element-9518ff5 e-con-full e-flex e-con e-child\" data-id=\"9518ff5\" data-element_type=\"container\" data-e-type=\"container\">\n\t\t\t\t<div class=\"elementor-element elementor-element-e88debc elementor-widget elementor-widget-jet-listing-grid\" data-id=\"e88debc\" data-element_type=\"widget\" data-e-type=\"widget\" data-settings=\"{&quot;columns_laptop&quot;:&quot;2&quot;,&quot;columns_tablet&quot;:&quot;1&quot;,&quot;columns&quot;:3}\" data-widget_type=\"jet-listing-grid.default\">\n\t\t\t\t<div class=\"elementor-widget-container\">\n\t\t\t\t\t<div class=\"jet-listing-grid jet-listing\"><div class=\"jet-listing-grid__items grid-col-desk-3 grid-col-tablet-1 grid-col-mobile-1 jet-listing-grid--7995\" data-queried-id=\"7954|WP_Post\" data-nav=\"{&quot;enabled&quot;:false,&quot;type&quot;:null,&quot;more_el&quot;:null,&quot;query&quot;:[],&quot;widget_settings&quot;:{&quot;lisitng_id&quot;:7995,&quot;posts_num&quot;:999,&quot;columns&quot;:3,&quot;columns_tablet&quot;:1,&quot;columns_mobile&quot;:1,&quot;column_min_width&quot;:240,&quot;column_min_width_tablet&quot;:240,&quot;column_min_width_mobile&quot;:240,&quot;inline_columns_css&quot;:false,&quot;is_archive_template&quot;:&quot;&quot;,&quot;post_status&quot;:[&quot;publish&quot;],&quot;use_random_posts_num&quot;:&quot;&quot;,&quot;max_posts_num&quot;:9,&quot;not_found_message&quot;:&quot;No data was found&quot;,&quot;is_masonry&quot;:false,&quot;equal_columns_height&quot;:&quot;&quot;,&quot;use_load_more&quot;:&quot;&quot;,&quot;load_more_id&quot;:&quot;&quot;,&quot;load_more_type&quot;:&quot;click&quot;,&quot;load_more_offset&quot;:null,&quot;use_custom_post_types&quot;:&quot;&quot;,&quot;custom_post_types&quot;:[],&quot;hide_widget_if&quot;:&quot;&quot;,&quot;carousel_enabled&quot;:&quot;&quot;,&quot;slides_to_scroll&quot;:&quot;1&quot;,&quot;arrows&quot;:&quot;true&quot;,&quot;arrow_icon&quot;:&quot;fa fa-angle-left&quot;,&quot;dots&quot;:&quot;&quot;,&quot;autoplay&quot;:&quot;true&quot;,&quot;pause_on_hover&quot;:&quot;true&quot;,&quot;autoplay_speed&quot;:5000,&quot;infinite&quot;:&quot;true&quot;,&quot;center_mode&quot;:&quot;&quot;,&quot;effect&quot;:&quot;slide&quot;,&quot;speed&quot;:500,&quot;inject_alternative_items&quot;:&quot;&quot;,&quot;injection_items&quot;:[],&quot;scroll_slider_enabled&quot;:&quot;&quot;,&quot;scroll_slider_on&quot;:[&quot;desktop&quot;,&quot;tablet&quot;,&quot;mobile&quot;],&quot;custom_query&quot;:&quot;yes&quot;,&quot;custom_query_id&quot;:&quot;&quot;,&quot;_element_id&quot;:&quot;&quot;,&quot;collapse_first_last_gap&quot;:false,&quot;list_tag_selection&quot;:&quot;&quot;,&quot;list_items_wrapper_tag&quot;:&quot;div&quot;,&quot;list_item_tag&quot;:&quot;div&quot;,&quot;empty_items_wrapper_tag&quot;:&quot;div&quot;}}\" data-page=\"1\" data-pages=\"1\" data-listing-source=\"posts\" data-listing-id=\"7995\" data-query-id=\"\"><div class=\"jet-listing-grid__item jet-listing-dynamic-post-8791\" data-post-id=\"8791\"  ><style type=\"text\/css\">.jet-listing-dynamic-post-8791 .elementor-element.elementor-element-1baa90a::before, .jet-listing-dynamic-post-8791 .elementor-element.elementor-element-1baa90a > .elementor-background-video-container::before, .jet-listing-dynamic-post-8791 .elementor-element.elementor-element-1baa90a > .e-con-inner > .elementor-background-video-container::before, .jet-listing-dynamic-post-8791 .elementor-element.elementor-element-1baa90a > .elementor-background-slideshow::before, .jet-listing-dynamic-post-8791 .elementor-element.elementor-element-1baa90a > .e-con-inner > .elementor-background-slideshow::before, .jet-listing-dynamic-post-8791 .elementor-element.elementor-element-1baa90a > .elementor-motion-effects-container > .elementor-motion-effects-layer::before{background-image:url(\"https:\/\/hotelsvendborg.dk\/wp-content\/uploads\/2026\/04\/image.png\");}<\/style>\t\t<div data-elementor-type=\"jet-listing-items\" data-elementor-id=\"7995\" class=\"elementor elementor-7995\" data-elementor-post-type=\"jet-engine\">\n\t\t\t\t<div class=\"elementor-element elementor-element-ed80a9a e-con-full e-flex e-con e-child\" data-id=\"ed80a9a\" data-element_type=\"container\" data-e-type=\"container\" data-settings=\"{&quot;background_background&quot;:&quot;classic&quot;}\">\n\t\t<a class=\"elementor-element elementor-element-1baa90a e-con-full e-flex e-con e-child\" data-id=\"1baa90a\" data-element_type=\"container\" data-e-type=\"container\" href=\"https:\/\/hotelsvendborg.dk\/en\/opret-opskrift\/linse-tofu-med-hummus-og-rosti-2\/\">\n\t\t<div class=\"elementor-element elementor-element-4acac01 e-con-full e-flex e-con e-child\" data-id=\"4acac01\" data-element_type=\"container\" data-e-type=\"container\">\n\t\t\t\t<div class=\"elementor-element elementor-element-a40009f jedv-enabled--yes elementor-widget elementor-widget-heading\" data-id=\"a40009f\" data-element_type=\"widget\" data-e-type=\"widget\" data-widget_type=\"heading.default\">\n\t\t\t\t<div class=\"elementor-widget-container\">\n\t\t\t\t\t<h3 class=\"elementor-heading-title elementor-size-default\">Tilberedningstid:<\/h3>\t\t\t\t<\/div>\n\t\t\t\t<\/div>\n\t\t\t\t<div class=\"elementor-element elementor-element-f552e0f elementor-widget elementor-widget-heading\" data-id=\"f552e0f\" data-element_type=\"widget\" data-e-type=\"widget\" data-widget_type=\"heading.default\">\n\t\t\t\t<div class=\"elementor-widget-container\">\n\t\t\t\t\t<h3 class=\"elementor-heading-title elementor-size-default\">45-60 min.<\/h3>\t\t\t\t<\/div>\n\t\t\t\t<\/div>\n\t\t\t\t<\/div>\n\t\t\t\t<div class=\"elementor-element elementor-element-4f2d214 elementor-widget elementor-widget-heading\" data-id=\"4f2d214\" data-element_type=\"widget\" data-e-type=\"widget\" data-widget_type=\"heading.default\">\n\t\t\t\t<div class=\"elementor-widget-container\">\n\t\t\t\t\t<h3 class=\"elementor-heading-title elementor-size-default\">Linse \"tofu\" med hummus og r\u00f6sti<\/h3>\t\t\t\t<\/div>\n\t\t\t\t<\/div>\n\t\t<div class=\"elementor-element elementor-element-98b5843 e-con-full hidden-text e-flex e-con e-child\" data-id=\"98b5843\" data-element_type=\"container\" data-e-type=\"container\">\n\t\t\t\t<div class=\"elementor-element elementor-element-46bc120 elementor-widget elementor-widget-jet-listing-dynamic-field\" data-id=\"46bc120\" data-element_type=\"widget\" data-e-type=\"widget\" data-widget_type=\"jet-listing-dynamic-field.default\">\n\t\t\t\t<div class=\"elementor-widget-container\">\n\t\t\t\t\t<div class=\"jet-listing jet-listing-dynamic-field display-inline\"><div class=\"jet-listing-dynamic-field__inline-wrap\"><div class=\"jet-listing-dynamic-field__content\" >Vegetarisk ret med linse-\u201ctofustykker\u201d, hummus og spr\u00f8de r\u00f6sti. Serveres med friske gr\u00f8ntsager. <\/div><\/div><\/div>\t\t\t\t<\/div>\n\t\t\t\t<\/div>\n\t\t\t\t<div class=\"elementor-element elementor-element-7a817bf elementor-widget elementor-widget-post-info\" data-id=\"7a817bf\" data-element_type=\"widget\" data-e-type=\"widget\" data-widget_type=\"post-info.default\">\n\t\t\t\t<div class=\"elementor-widget-container\">\n\t\t\t\t\t\t\t<ul class=\"elementor-inline-items elementor-icon-list-items elementor-post-info\">\n\t\t\t\t\t\t\t\t<li class=\"elementor-icon-list-item elementor-repeater-item-f353e82 elementor-inline-item\" itemprop=\"datePublished\">\n\t\t\t\t\t\t\t\t\t\t\t\t\t<span class=\"elementor-icon-list-text elementor-post-info__item elementor-post-info__item--type-date\">\n\t\t\t\t\t\t\t\t\t\t<time>01\/04\/2026<\/time>\t\t\t\t\t<\/span>\n\t\t\t\t\t\t\t\t<\/li>\n\t\t\t\t<\/ul>\n\t\t\t\t\t\t<\/div>\n\t\t\t\t<\/div>\n\t\t\t\t<\/div>\n\t\t\t\t<\/a>\n\t\t\t\t<\/div>\n\t\t\t\t<\/div>\n\t\t<\/div><div class=\"jet-listing-grid__item jet-listing-dynamic-post-8232\" data-post-id=\"8232\"  ><style type=\"text\/css\">.jet-listing-dynamic-post-8232 .elementor-element.elementor-element-1baa90a::before, .jet-listing-dynamic-post-8232 .elementor-element.elementor-element-1baa90a > .elementor-background-video-container::before, .jet-listing-dynamic-post-8232 .elementor-element.elementor-element-1baa90a > .e-con-inner > .elementor-background-video-container::before, .jet-listing-dynamic-post-8232 .elementor-element.elementor-element-1baa90a > .elementor-background-slideshow::before, .jet-listing-dynamic-post-8232 .elementor-element.elementor-element-1baa90a > .e-con-inner > .elementor-background-slideshow::before, .jet-listing-dynamic-post-8232 .elementor-element.elementor-element-1baa90a > .elementor-motion-effects-container > .elementor-motion-effects-layer::before{background-image:url(\"https:\/\/hotelsvendborg.dk\/wp-content\/uploads\/2026\/02\/image-3.png\");}<\/style>\t\t<div data-elementor-type=\"jet-listing-items\" data-elementor-id=\"7995\" class=\"elementor elementor-7995\" data-elementor-post-type=\"jet-engine\">\n\t\t\t\t<div class=\"elementor-element elementor-element-ed80a9a e-con-full e-flex e-con e-child\" data-id=\"ed80a9a\" data-element_type=\"container\" data-e-type=\"container\" data-settings=\"{&quot;background_background&quot;:&quot;classic&quot;}\">\n\t\t<a class=\"elementor-element elementor-element-1baa90a e-con-full e-flex e-con e-child\" data-id=\"1baa90a\" data-element_type=\"container\" data-e-type=\"container\" href=\"https:\/\/hotelsvendborg.dk\/en\/opret-opskrift\/bagte-figner-medvaniljeparfait\/\">\n\t\t<div class=\"elementor-element elementor-element-4acac01 e-con-full e-flex e-con e-child\" data-id=\"4acac01\" data-element_type=\"container\" data-e-type=\"container\">\n\t\t\t\t<div class=\"elementor-element elementor-element-a40009f jedv-enabled--yes elementor-widget elementor-widget-heading\" data-id=\"a40009f\" data-element_type=\"widget\" data-e-type=\"widget\" data-widget_type=\"heading.default\">\n\t\t\t\t<div class=\"elementor-widget-container\">\n\t\t\t\t\t<h3 class=\"elementor-heading-title elementor-size-default\">Tilberedningstid:<\/h3>\t\t\t\t<\/div>\n\t\t\t\t<\/div>\n\t\t\t\t<div class=\"elementor-element elementor-element-f552e0f elementor-widget elementor-widget-heading\" data-id=\"f552e0f\" data-element_type=\"widget\" data-e-type=\"widget\" data-widget_type=\"heading.default\">\n\t\t\t\t<div class=\"elementor-widget-container\">\n\t\t\t\t\t<h3 class=\"elementor-heading-title elementor-size-default\">30\u201340 min.<\/h3>\t\t\t\t<\/div>\n\t\t\t\t<\/div>\n\t\t\t\t<\/div>\n\t\t\t\t<div class=\"elementor-element elementor-element-4f2d214 elementor-widget elementor-widget-heading\" data-id=\"4f2d214\" data-element_type=\"widget\" data-e-type=\"widget\" data-widget_type=\"heading.default\">\n\t\t\t\t<div class=\"elementor-widget-container\">\n\t\t\t\t\t<h3 class=\"elementor-heading-title elementor-size-default\">Bagte figner med vaniljeparfait<\/h3>\t\t\t\t<\/div>\n\t\t\t\t<\/div>\n\t\t<div class=\"elementor-element elementor-element-98b5843 e-con-full hidden-text e-flex e-con e-child\" data-id=\"98b5843\" data-element_type=\"container\" data-e-type=\"container\">\n\t\t\t\t<div class=\"elementor-element elementor-element-46bc120 elementor-widget elementor-widget-jet-listing-dynamic-field\" data-id=\"46bc120\" data-element_type=\"widget\" data-e-type=\"widget\" data-widget_type=\"jet-listing-dynamic-field.default\">\n\t\t\t\t<div class=\"elementor-widget-container\">\n\t\t\t\t\t<div class=\"jet-listing jet-listing-dynamic-field display-inline\"><div class=\"jet-listing-dynamic-field__inline-wrap\"><div class=\"jet-listing-dynamic-field__content\" >Lune, portvinsbagte figner serveret med cremet vaniljeparfait og spr\u00f8de tuiles.<\/div><\/div><\/div>\t\t\t\t<\/div>\n\t\t\t\t<\/div>\n\t\t\t\t<div class=\"elementor-element elementor-element-7a817bf elementor-widget elementor-widget-post-info\" data-id=\"7a817bf\" data-element_type=\"widget\" data-e-type=\"widget\" data-widget_type=\"post-info.default\">\n\t\t\t\t<div class=\"elementor-widget-container\">\n\t\t\t\t\t\t\t<ul class=\"elementor-inline-items elementor-icon-list-items elementor-post-info\">\n\t\t\t\t\t\t\t\t<li class=\"elementor-icon-list-item elementor-repeater-item-f353e82 elementor-inline-item\" itemprop=\"datePublished\">\n\t\t\t\t\t\t\t\t\t\t\t\t\t<span class=\"elementor-icon-list-text elementor-post-info__item elementor-post-info__item--type-date\">\n\t\t\t\t\t\t\t\t\t\t<time>26\/02\/2026<\/time>\t\t\t\t\t<\/span>\n\t\t\t\t\t\t\t\t<\/li>\n\t\t\t\t<\/ul>\n\t\t\t\t\t\t<\/div>\n\t\t\t\t<\/div>\n\t\t\t\t<\/div>\n\t\t\t\t<\/a>\n\t\t\t\t<\/div>\n\t\t\t\t<\/div>\n\t\t<\/div><\/div><\/div>\t\t\t\t<\/div>\n\t\t\t\t<\/div>\n\t\t\t\t<\/div>\n\t\t\t\t\t<\/div>\n\t\t\t\t<\/div>\n\t\t\t\t<\/div>\n\t\t","protected":false},"excerpt":{"rendered":"<p>Recipe of the month Lune, port wine baked figs served with creamy vanilla parfait and crispy tuiles. 01\/04\/2026 Lune, port wine baked figs served with creamy vanilla parfait and crispy tuiles. 26\/02\/2026<\/p>","protected":false},"author":2,"featured_media":0,"parent":0,"menu_order":0,"comment_status":"closed","ping_status":"closed","template":"","meta":{"_acf_changed":false,"footnotes":""},"class_list":["post-7954","page","type-page","status-publish","hentry"],"acf":[],"yoast_head":"<!-- This site is optimized with the Yoast SEO plugin v27.4 - https:\/\/yoast.com\/product\/yoast-seo-wordpress\/ -->\n<title>M\u00e5nedens opskrift - Hotel Svendborg<\/title>\n<meta name=\"robots\" content=\"index, follow, max-snippet:-1, max-image-preview:large, max-video-preview:-1\" \/>\n<link rel=\"canonical\" href=\"https:\/\/hotelsvendborg.dk\/en\/recipe-of-the-month\/\" \/>\n<meta property=\"og:locale\" content=\"en_GB\" \/>\n<meta property=\"og:type\" content=\"article\" \/>\n<meta property=\"og:title\" content=\"M\u00e5nedens opskrift - Hotel Svendborg\" \/>\n<meta property=\"og:description\" content=\"M\u00e5nedens opskrift Lune, portvinsbagte figner serveret med cremet vaniljeparfait og spr\u00f8de tuiles. 01\/04\/2026 Lune, portvinsbagte figner serveret med cremet vaniljeparfait og spr\u00f8de tuiles. 26\/02\/2026\" \/>\n<meta property=\"og:url\" content=\"https:\/\/hotelsvendborg.dk\/en\/recipe-of-the-month\/\" \/>\n<meta property=\"og:site_name\" content=\"Hotel Svendborg\" \/>\n<meta property=\"article:modified_time\" content=\"2026-04-01T11:12:10+00:00\" \/>\n<meta name=\"twitter:card\" content=\"summary_large_image\" \/>\n<meta name=\"twitter:label1\" content=\"Estimated reading time\" \/>\n\t<meta name=\"twitter:data1\" content=\"1 minute\" \/>\n<script type=\"application\/ld+json\" class=\"yoast-schema-graph\">{\"@context\":\"https:\\\/\\\/schema.org\",\"@graph\":[{\"@type\":\"WebPage\",\"@id\":\"https:\\\/\\\/hotelsvendborg.dk\\\/maanedens-opskrift\\\/\",\"url\":\"https:\\\/\\\/hotelsvendborg.dk\\\/maanedens-opskrift\\\/\",\"name\":\"M\u00e5nedens opskrift - Hotel Svendborg\",\"isPartOf\":{\"@id\":\"https:\\\/\\\/hotelsvendborg.dk\\\/#website\"},\"datePublished\":\"2026-02-11T12:45:43+00:00\",\"dateModified\":\"2026-04-01T11:12:10+00:00\",\"breadcrumb\":{\"@id\":\"https:\\\/\\\/hotelsvendborg.dk\\\/maanedens-opskrift\\\/#breadcrumb\"},\"inLanguage\":\"en-GB\",\"potentialAction\":[{\"@type\":\"ReadAction\",\"target\":[\"https:\\\/\\\/hotelsvendborg.dk\\\/maanedens-opskrift\\\/\"]}]},{\"@type\":\"BreadcrumbList\",\"@id\":\"https:\\\/\\\/hotelsvendborg.dk\\\/maanedens-opskrift\\\/#breadcrumb\",\"itemListElement\":[{\"@type\":\"ListItem\",\"position\":1,\"name\":\"Home\",\"item\":\"https:\\\/\\\/hotelsvendborg.dk\\\/\"},{\"@type\":\"ListItem\",\"position\":2,\"name\":\"M\u00e5nedens opskrift\"}]},{\"@type\":\"WebSite\",\"@id\":\"https:\\\/\\\/hotelsvendborg.dk\\\/#website\",\"url\":\"https:\\\/\\\/hotelsvendborg.dk\\\/\",\"name\":\"Hotel Svendborg\",\"description\":\"\",\"publisher\":{\"@id\":\"https:\\\/\\\/hotelsvendborg.dk\\\/#organization\"},\"potentialAction\":[{\"@type\":\"SearchAction\",\"target\":{\"@type\":\"EntryPoint\",\"urlTemplate\":\"https:\\\/\\\/hotelsvendborg.dk\\\/?s={search_term_string}\"},\"query-input\":{\"@type\":\"PropertyValueSpecification\",\"valueRequired\":true,\"valueName\":\"search_term_string\"}}],\"inLanguage\":\"en-GB\"},{\"@type\":\"Organization\",\"@id\":\"https:\\\/\\\/hotelsvendborg.dk\\\/#organization\",\"name\":\"Hotel Svendborg\",\"url\":\"https:\\\/\\\/hotelsvendborg.dk\\\/\",\"logo\":{\"@type\":\"ImageObject\",\"inLanguage\":\"en-GB\",\"@id\":\"https:\\\/\\\/hotelsvendborg.dk\\\/#\\\/schema\\\/logo\\\/image\\\/\",\"url\":\"https:\\\/\\\/hotelsvendborg.dk\\\/wp-content\\\/uploads\\\/2024\\\/10\\\/hotel-svendborg.svg\",\"contentUrl\":\"https:\\\/\\\/hotelsvendborg.dk\\\/wp-content\\\/uploads\\\/2024\\\/10\\\/hotel-svendborg.svg\",\"width\":257,\"height\":55,\"caption\":\"Hotel Svendborg\"},\"image\":{\"@id\":\"https:\\\/\\\/hotelsvendborg.dk\\\/#\\\/schema\\\/logo\\\/image\\\/\"}}]}<\/script>\n<!-- \/ Yoast SEO plugin. -->","yoast_head_json":{"title":"Recipe of the month - Hotel Svendborg","robots":{"index":"index","follow":"follow","max-snippet":"max-snippet:-1","max-image-preview":"max-image-preview:large","max-video-preview":"max-video-preview:-1"},"canonical":"https:\/\/hotelsvendborg.dk\/en\/recipe-of-the-month\/","og_locale":"en_GB","og_type":"article","og_title":"M\u00e5nedens opskrift - Hotel Svendborg","og_description":"M\u00e5nedens opskrift Lune, portvinsbagte figner serveret med cremet vaniljeparfait og spr\u00f8de tuiles. 01\/04\/2026 Lune, portvinsbagte figner serveret med cremet vaniljeparfait og spr\u00f8de tuiles. 26\/02\/2026","og_url":"https:\/\/hotelsvendborg.dk\/en\/recipe-of-the-month\/","og_site_name":"Hotel Svendborg","article_modified_time":"2026-04-01T11:12:10+00:00","twitter_card":"summary_large_image","twitter_misc":{"Estimated reading time":"1 minute"},"schema":{"@context":"https:\/\/schema.org","@graph":[{"@type":"WebPage","@id":"https:\/\/hotelsvendborg.dk\/maanedens-opskrift\/","url":"https:\/\/hotelsvendborg.dk\/maanedens-opskrift\/","name":"Recipe of the month - Hotel Svendborg","isPartOf":{"@id":"https:\/\/hotelsvendborg.dk\/#website"},"datePublished":"2026-02-11T12:45:43+00:00","dateModified":"2026-04-01T11:12:10+00:00","breadcrumb":{"@id":"https:\/\/hotelsvendborg.dk\/maanedens-opskrift\/#breadcrumb"},"inLanguage":"en-GB","potentialAction":[{"@type":"ReadAction","target":["https:\/\/hotelsvendborg.dk\/maanedens-opskrift\/"]}]},{"@type":"BreadcrumbList","@id":"https:\/\/hotelsvendborg.dk\/maanedens-opskrift\/#breadcrumb","itemListElement":[{"@type":"ListItem","position":1,"name":"Home","item":"https:\/\/hotelsvendborg.dk\/"},{"@type":"ListItem","position":2,"name":"M\u00e5nedens opskrift"}]},{"@type":"WebSite","@id":"https:\/\/hotelsvendborg.dk\/#website","url":"https:\/\/hotelsvendborg.dk\/","name":"Hotel Svendborg","description":"","publisher":{"@id":"https:\/\/hotelsvendborg.dk\/#organization"},"potentialAction":[{"@type":"SearchAction","target":{"@type":"EntryPoint","urlTemplate":"https:\/\/hotelsvendborg.dk\/?s={search_term_string}"},"query-input":{"@type":"PropertyValueSpecification","valueRequired":true,"valueName":"search_term_string"}}],"inLanguage":"en-GB"},{"@type":"Organization","@id":"https:\/\/hotelsvendborg.dk\/#organization","name":"Hotel Svendborg","url":"https:\/\/hotelsvendborg.dk\/","logo":{"@type":"ImageObject","inLanguage":"en-GB","@id":"https:\/\/hotelsvendborg.dk\/#\/schema\/logo\/image\/","url":"https:\/\/hotelsvendborg.dk\/wp-content\/uploads\/2024\/10\/hotel-svendborg.svg","contentUrl":"https:\/\/hotelsvendborg.dk\/wp-content\/uploads\/2024\/10\/hotel-svendborg.svg","width":257,"height":55,"caption":"Hotel Svendborg"},"image":{"@id":"https:\/\/hotelsvendborg.dk\/#\/schema\/logo\/image\/"}}]}},"_links":{"self":[{"href":"https:\/\/hotelsvendborg.dk\/en\/wp-json\/wp\/v2\/pages\/7954","targetHints":{"allow":["GET"]}}],"collection":[{"href":"https:\/\/hotelsvendborg.dk\/en\/wp-json\/wp\/v2\/pages"}],"about":[{"href":"https:\/\/hotelsvendborg.dk\/en\/wp-json\/wp\/v2\/types\/page"}],"author":[{"embeddable":true,"href":"https:\/\/hotelsvendborg.dk\/en\/wp-json\/wp\/v2\/users\/2"}],"replies":[{"embeddable":true,"href":"https:\/\/hotelsvendborg.dk\/en\/wp-json\/wp\/v2\/comments?post=7954"}],"version-history":[{"count":40,"href":"https:\/\/hotelsvendborg.dk\/en\/wp-json\/wp\/v2\/pages\/7954\/revisions"}],"predecessor-version":[{"id":8787,"href":"https:\/\/hotelsvendborg.dk\/en\/wp-json\/wp\/v2\/pages\/7954\/revisions\/8787"}],"wp:attachment":[{"href":"https:\/\/hotelsvendborg.dk\/en\/wp-json\/wp\/v2\/media?parent=7954"}],"curies":[{"name":"wp","href":"https:\/\/api.w.org\/{rel}","templated":true}]}}