{"id":5020,"date":"2025-10-31T12:33:16","date_gmt":"2025-10-31T11:33:16","guid":{"rendered":"https:\/\/hotelsvendborg.dk\/?page_id=5020"},"modified":"2025-12-09T16:37:02","modified_gmt":"2025-12-09T15:37:02","slug":"terms-and-conditions-of-sale","status":"publish","type":"page","link":"https:\/\/hotelsvendborg.dk\/en\/salgs-og-handelsbetingelser\/","title":{"rendered":"Terms and conditions of sale and trade"},"content":{"rendered":"\t\t<div data-elementor-type=\"wp-page\" data-elementor-id=\"5020\" class=\"elementor elementor-5020\" data-elementor-post-type=\"page\">\n\t\t\t\t<div class=\"elementor-element elementor-element-83fa7a5 e-con-full e-flex e-con e-parent\" data-id=\"83fa7a5\" data-element_type=\"container\" data-e-type=\"container\" data-settings=\"{&quot;background_background&quot;:&quot;slideshow&quot;,&quot;background_slideshow_gallery&quot;:[{&quot;id&quot;:4140,&quot;url&quot;:&quot;https:\\\/\\\/hotelsvendborg.dk\\\/wp-content\\\/uploads\\\/2025\\\/10\\\/facade_1.jpg&quot;}],&quot;background_slideshow_slide_duration&quot;:3000,&quot;background_slideshow_loop&quot;:&quot;yes&quot;,&quot;background_slideshow_slide_transition&quot;:&quot;fade&quot;,&quot;background_slideshow_transition_duration&quot;:500}\">\n\t\t\t\t<div class=\"elementor-element elementor-element-e43a403 elementor-widget elementor-widget-heading\" data-id=\"e43a403\" data-element_type=\"widget\" data-e-type=\"widget\" data-widget_type=\"heading.default\">\n\t\t\t\t<div class=\"elementor-widget-container\">\n\t\t\t\t\t<h1 class=\"elementor-heading-title elementor-size-default\">Salgs- og handelsbetingelser\n<\/h1>\t\t\t\t<\/div>\n\t\t\t\t<\/div>\n\t\t\t\t<div class=\"elementor-element elementor-element-c04c062 btn-slide elementor-mobile-align-justify elementor-widget elementor-widget-button\" data-id=\"c04c062\" data-element_type=\"widget\" data-e-type=\"widget\" data-widget_type=\"button.default\">\n\t\t\t\t<div class=\"elementor-widget-container\">\n\t\t\t\t\t\t\t\t\t<div class=\"elementor-button-wrapper\">\n\t\t\t\t\t<a class=\"elementor-button elementor-button-link elementor-size-sm\" href=\"https:\/\/hotelsvendborg.dk\/\">\n\t\t\t\t\t\t<span class=\"elementor-button-content-wrapper\">\n\t\t\t\t\t\t\t\t\t<span class=\"elementor-button-text\">Tilbage til forsiden<\/span>\n\t\t\t\t\t<\/span>\n\t\t\t\t\t<\/a>\n\t\t\t\t<\/div>\n\t\t\t\t\t\t\t\t<\/div>\n\t\t\t\t<\/div>\n\t\t\t\t<\/div>\n\t\t<div class=\"elementor-element elementor-element-47846ac e-flex e-con-boxed e-con e-parent\" data-id=\"47846ac\" data-element_type=\"container\" data-e-type=\"container\">\n\t\t\t\t\t<div class=\"e-con-inner\">\n\t\t\t\t<div class=\"elementor-element elementor-element-4480745 elementor-widget elementor-widget-text-editor\" data-id=\"4480745\" data-element_type=\"widget\" data-e-type=\"widget\" data-widget_type=\"text-editor.default\">\n\t\t\t\t<div class=\"elementor-widget-container\">\n\t\t\t\t\t\t\t\t\t<h2>Salgsbetingelser<\/h2><p>Hotel Svendborg forbeholder sig retten til at forh\u00e5ndsgodkende dit kreditkort\/debitkort inden ankomst.<\/p><p>N\u00e5r du laver en reservation via vores hjemmeside:\u00a0<a href=\"http:\/\/www.hotel-svendborg.dk\" target=\"_blank\" rel=\"noopener\">www.hotel-svendborg.dk<\/a>\u00a0beder vi om en garanti med dit kreditkort eller betaling ved bookingtidspunktet s\u00e5fremt du har valgt denne betalingsform. Fornavn og efternavn skal stemmeoverens med g\u00e6stens ID-kort og kreditkort, som skal forevises p\u00e5 forlangende ved check in. Man kan se annullering- og betalingsbetingelser p\u00e5 det aktuelle tilbud ved bestilling. Det fremg\u00e5r ogs\u00e5 i bekr\u00e6ftelsen, som sendes p\u00e5 mail efter en booking er foretaget.<\/p><h3>Betaling sker i DKK<\/h3><p>Alle priser er total priser inkl. moms.<\/p><h3>Betingelser for \u00e6ndring og annullering af en reservation<\/h3><p>Reservationer foretaget p\u00e5 hotellets egen hjemmeside kan \u00e6ndres eller annulleres. Ved \u00e6ndring eller annullering tages der forbehold for eventuelle pris\u00e6ndringer. Reservationen kan ikke flyttes til et andet hotel. Ved annullering modtager man en bekr\u00e6ftelse p\u00e5 annullering til den oplyste mailadresse. Denne bekr\u00e6ftelse er en garanti for, at v\u00e6relset er annulleret. Ved hotelophold\/overnatning som er booket via en tredjepart eller via online rejsebureauer, skal den p\u00e5g\u00e6ldende part kontaktes direkte.<\/p><h3>Reservationer uden mulighed for afbestilling<\/h3><p>Har man foretaget en ikke refund\u00e9rbar booking skal reservationen forudbetales og kan ikke refunderes. \u00c6ndring kan kun ske ved at kontakte hotellet direkte enten p\u00e5 mail: booking@hotel-svendborg.dk eller tlf: <a href=\"tel: +456221 1700\">+456221 1700<\/a>. Ved \u00e6ndring p\u00e5l\u00e6gges et gebyr p\u00e5 300 kr. pr. reservation pr. gang datoen \u00e6ndres. Vi g\u00f8r desuden opm\u00e6rksom p\u00e5 at \u00e6ndring i dato, antal n\u00e6tter, antal personer og lign. kan f\u00f8re til en \u00e6ndring i prisen pr. nat. Der tages forbehold for udsolgte dage og\/eller v\u00e6relseskategorier ved \u00e6ndring af opholdets dato eller l\u00e6ngde. Eventuel prisreducering i opholdet ved en \u00e6ndring refunderes ikke. Reservationer kan maks. \u00c6ndres til 12 m\u00e5neder frem fra den oprindeligt bookede dato.<\/p><h3>Reservationer med mulighed for afbestilling<\/h3><p>Alle reservationer som inkluderer overnatning med eller uden morgenmad kan \u00e6ndres og\/eller annulleres uden ekstra gebyrer eller omkostninger frem til kl. 12:00 p\u00e5 ankomstdagen. \u00c6ndring eller annullering efter kl. 12:00 p\u00e5 ankomstdagen vil medf\u00f8re at f\u00f8rste overnatning af opholdet vil blive opkr\u00e6vet.<\/p><p>\u00c6ndringer af reservationer foretaget p\u00e5 hotellets egen hjemmeside skal ske ved at kontakte hotellet direkte enten p\u00e5 mail: <a href=\"mailto:booking@hotel-svendborg.dk\">booking@hotel-svendborg.dk<\/a> eller tlf: <a href=\"tel:+4562211700\">+4562211700<\/a>.<\/p><p>Vi g\u00f8r opm\u00e6rksom p\u00e5 at \u00e6ndringer i dato, antal n\u00e6tter, antal personer eller lign. Kan f\u00f8re til \u00e6ndring i prisen pr. nat. Der tages forbehold for udsolgte dage og\/eller v\u00e6relseskategorier ved \u00e6ndring af reservation.<\/p><p>Ved manglende fremm\u00f8de vil det oplyste kreditkortnummer blive debiteret i henhold til annulleringsbetingelserne for den p\u00e5g\u00e6ldende reservation.<\/p><h3>Check in og check ud<\/h3><p>V\u00e6relset er til r\u00e5dighed fra kl. 15:00 p\u00e5 ankomstdagen og frem til kl. 11:00 p\u00e5 afrejsedagen. S\u00e5fremt afrejsetidpunktet ikke overholdes forbeholder hotellet sig retten til at debitere dig for v\u00e6relsesprisen for en ekstra nat i henhold til g\u00e6ldende listepriser.<\/p><p>Foretages check in ikke p\u00e5 ankomstdatoen, frafalder din ret til at benytte v\u00e6relset p\u00e5 de resterende n\u00e6tter du har booket. \u00d8nsker du at benytte dig af reservationen efter den oprindelige ankomstdato, er det dit eget ansvar at kontakte hotellet senest p\u00e5 datoen for oprindeligt planlagt check in. Dette skal foreg\u00e5 skriftligt via mail og g\u00e6lder alle reservationstyper.<\/p><h3>Grupper<\/h3><p>Priserne p\u00e5 hjemmesiden er g\u00e6lder til individuelle reservationer op til maks 5 v\u00e6relser i alt. S\u00e5fremt der reserveres mere end 6 eller flere v\u00e6relser til samme periode vil hotellet betragte det som en gruppe, hvilket vil medf\u00f8re en \u00e6ndring af priser og generelle betingelser herunder bl.a. annullerings og betalingsbetingelser. Hotellet vil fremsende en gruppekontrakt til underskrift for at reservationerne bekr\u00e6ftes.<\/p><h3>G\u00e6ster under 18 \u00e5r<\/h3><p>G\u00e6ster under 18 \u00e5r skal altid v\u00e6re ledsaget af en myndig person ved ophold p\u00e5 hotellet.<\/p><h3>Kortgebyr og faktureringsgebyr<\/h3><p>Vi g\u00f8r opm\u00e6rksom p\u00e5, at der opkr\u00e6ves et faktureringsgebyr p\u00e5 kr.75,00 ved udstedelse af faktura. Betales med firmakort eller private kort udstedt uden for EU, vil der blive p\u00e5lagt et kortgebyr svarende til 2% af det totale bel\u00f8b. Gebyret svarer til de omkostninger, vi p\u00e5drager os ved at h\u00e5ndtere betaling via kort.<\/p><h3>Klagemuligheder<\/h3><p>Kontakt altid hotellets reception som vil hj\u00e6lpe med at afklare eventuelle misforst\u00e5elser p\u00e5 <a href=\"mailto:booking@hotel-svendborg.dk\">booking@hotel-svendborg.dk<\/a> eller p\u00e5 tlf: <a href=\"tel: +4562211700\">+4562211700<\/a>.<\/p>\t\t\t\t\t\t\t\t<\/div>\n\t\t\t\t<\/div>\n\t\t\t\t\t<\/div>\n\t\t\t\t<\/div>\n\t\t\t\t<\/div>\n\t\t","protected":false},"excerpt":{"rendered":"<p>Salgs- og handelsbetingelser Tilbage til forsiden Salgsbetingelser Hotel Svendborg forbeholder sig retten til at forh\u00e5ndsgodkende dit kreditkort\/debitkort inden ankomst. N\u00e5r du laver en reservation via vores hjemmeside:\u00a0www.hotel-svendborg.dk\u00a0beder vi om en garanti med dit kreditkort eller betaling ved bookingtidspunktet s\u00e5fremt du har valgt denne betalingsform. Fornavn og efternavn skal stemmeoverens med g\u00e6stens ID-kort og kreditkort, som [&hellip;]<\/p>\n","protected":false},"author":2,"featured_media":0,"parent":0,"menu_order":0,"comment_status":"closed","ping_status":"closed","template":"","meta":{"_acf_changed":false,"footnotes":""},"class_list":["post-5020","page","type-page","status-publish","hentry"],"acf":[],"yoast_head":"<!-- This site is optimized with the Yoast SEO plugin v27.5 - https:\/\/yoast.com\/product\/yoast-seo-wordpress\/ -->\n<title>Salgs- og handelsbetingelser | Hotel Svendborg | L\u00e6s mere her<\/title>\n<meta name=\"description\" content=\"Hotel Svendborg forbeholder sig retten til at forh\u00e5ndsgodkende dit kreditkort\/debitkort inden ankomst. L\u00e6s mere her.\" \/>\n<meta name=\"robots\" content=\"index, follow, max-snippet:-1, max-image-preview:large, max-video-preview:-1\" \/>\n<link rel=\"canonical\" href=\"https:\/\/hotelsvendborg.dk\/en\/terms-and-conditions-of-sale\/\" \/>\n<meta property=\"og:locale\" content=\"en_GB\" \/>\n<meta property=\"og:type\" content=\"article\" \/>\n<meta property=\"og:title\" content=\"Salgs- og handelsbetingelser | Hotel Svendborg | L\u00e6s mere her\" \/>\n<meta property=\"og:description\" content=\"Hotel Svendborg forbeholder sig retten til at forh\u00e5ndsgodkende dit kreditkort\/debitkort inden ankomst. L\u00e6s mere her.\" \/>\n<meta property=\"og:url\" content=\"https:\/\/hotelsvendborg.dk\/en\/terms-and-conditions-of-sale\/\" \/>\n<meta property=\"og:site_name\" content=\"Hotel Svendborg\" \/>\n<meta property=\"article:modified_time\" content=\"2025-12-09T15:37:02+00:00\" \/>\n<meta name=\"twitter:card\" content=\"summary_large_image\" \/>\n<meta name=\"twitter:label1\" content=\"Estimated reading time\" \/>\n\t<meta name=\"twitter:data1\" content=\"4 minutes\" \/>\n<!-- \/ Yoast SEO plugin. -->","yoast_head_json":{"title":"Terms and conditions of sale | Hotel Svendborg | Read more here","description":"Hotel Svendborg reserves the right to pre-authorize your credit\/debit card prior to arrival. Read more here.","robots":{"index":"index","follow":"follow","max-snippet":"max-snippet:-1","max-image-preview":"max-image-preview:large","max-video-preview":"max-video-preview:-1"},"canonical":"https:\/\/hotelsvendborg.dk\/en\/terms-and-conditions-of-sale\/","og_locale":"en_GB","og_type":"article","og_title":"Salgs- og handelsbetingelser | Hotel Svendborg | L\u00e6s mere her","og_description":"Hotel Svendborg forbeholder sig retten til at forh\u00e5ndsgodkende dit kreditkort\/debitkort inden ankomst. L\u00e6s mere her.","og_url":"https:\/\/hotelsvendborg.dk\/en\/terms-and-conditions-of-sale\/","og_site_name":"Hotel Svendborg","article_modified_time":"2025-12-09T15:37:02+00:00","twitter_card":"summary_large_image","twitter_misc":{"Estimated reading time":"4 minutes"},"schema":{"@context":"https:\/\/schema.org","@graph":[{"@type":"WebPage","@id":"https:\/\/hotelsvendborg.dk\/salgs-og-handelsbetingelser\/","url":"https:\/\/hotelsvendborg.dk\/salgs-og-handelsbetingelser\/","name":"Terms and conditions of sale | Hotel Svendborg | Read more here","isPartOf":{"@id":"https:\/\/hotelsvendborg.dk\/#website"},"datePublished":"2025-10-31T11:33:16+00:00","dateModified":"2025-12-09T15:37:02+00:00","description":"Hotel Svendborg reserves the right to pre-authorize your credit\/debit card prior to arrival. Read more here.","breadcrumb":{"@id":"https:\/\/hotelsvendborg.dk\/salgs-og-handelsbetingelser\/#breadcrumb"},"inLanguage":"en-GB","potentialAction":[{"@type":"ReadAction","target":["https:\/\/hotelsvendborg.dk\/salgs-og-handelsbetingelser\/"]}]},{"@type":"BreadcrumbList","@id":"https:\/\/hotelsvendborg.dk\/salgs-og-handelsbetingelser\/#breadcrumb","itemListElement":[{"@type":"ListItem","position":1,"name":"Home","item":"https:\/\/hotelsvendborg.dk\/"},{"@type":"ListItem","position":2,"name":"Salgs- og handelsbetingelser"}]},{"@type":"WebSite","@id":"https:\/\/hotelsvendborg.dk\/#website","url":"https:\/\/hotelsvendborg.dk\/","name":"Hotel Svendborg","description":"","publisher":{"@id":"https:\/\/hotelsvendborg.dk\/#organization"},"potentialAction":[{"@type":"SearchAction","target":{"@type":"EntryPoint","urlTemplate":"https:\/\/hotelsvendborg.dk\/?s={search_term_string}"},"query-input":{"@type":"PropertyValueSpecification","valueRequired":true,"valueName":"search_term_string"}}],"inLanguage":"en-GB"},{"@type":"Organization","@id":"https:\/\/hotelsvendborg.dk\/#organization","name":"Hotel Svendborg","url":"https:\/\/hotelsvendborg.dk\/","logo":{"@type":"ImageObject","inLanguage":"en-GB","@id":"https:\/\/hotelsvendborg.dk\/#\/schema\/logo\/image\/","url":"https:\/\/hotelsvendborg.dk\/wp-content\/uploads\/2024\/10\/hotel-svendborg.svg","contentUrl":"https:\/\/hotelsvendborg.dk\/wp-content\/uploads\/2024\/10\/hotel-svendborg.svg","width":257,"height":55,"caption":"Hotel Svendborg"},"image":{"@id":"https:\/\/hotelsvendborg.dk\/#\/schema\/logo\/image\/"}}]}},"_links":{"self":[{"href":"https:\/\/hotelsvendborg.dk\/en\/wp-json\/wp\/v2\/pages\/5020","targetHints":{"allow":["GET"]}}],"collection":[{"href":"https:\/\/hotelsvendborg.dk\/en\/wp-json\/wp\/v2\/pages"}],"about":[{"href":"https:\/\/hotelsvendborg.dk\/en\/wp-json\/wp\/v2\/types\/page"}],"author":[{"embeddable":true,"href":"https:\/\/hotelsvendborg.dk\/en\/wp-json\/wp\/v2\/users\/2"}],"replies":[{"embeddable":true,"href":"https:\/\/hotelsvendborg.dk\/en\/wp-json\/wp\/v2\/comments?post=5020"}],"version-history":[{"count":16,"href":"https:\/\/hotelsvendborg.dk\/en\/wp-json\/wp\/v2\/pages\/5020\/revisions"}],"predecessor-version":[{"id":5637,"href":"https:\/\/hotelsvendborg.dk\/en\/wp-json\/wp\/v2\/pages\/5020\/revisions\/5637"}],"wp:attachment":[{"href":"https:\/\/hotelsvendborg.dk\/en\/wp-json\/wp\/v2\/media?parent=5020"}],"curies":[{"name":"wp","href":"https:\/\/api.w.org\/{rel}","templated":true}]}}