{"id":4813,"date":"2025-10-31T08:49:13","date_gmt":"2025-10-31T07:49:13","guid":{"rendered":"https:\/\/hotelsvendborg.dk\/?page_id=4813"},"modified":"2025-10-31T08:52:46","modified_gmt":"2025-10-31T07:52:46","slug":"nominated-for-conference-center-of-the-year-2019","status":"publish","type":"page","link":"https:\/\/hotelsvendborg.dk\/en\/nomineret-til-aarets-konferencecenter-2019\/","title":{"rendered":"Nominated for Conference Center of the Year 2019"},"content":{"rendered":"<div data-elementor-type=\"wp-page\" data-elementor-id=\"4813\" class=\"elementor elementor-4813\" data-elementor-post-type=\"page\">\n\t\t\t\t<div class=\"elementor-element elementor-element-0da4ad2 e-con-full e-flex e-con e-parent\" data-id=\"0da4ad2\" data-element_type=\"container\" data-e-type=\"container\" data-settings=\"{&quot;background_background&quot;:&quot;classic&quot;}\">\n\t\t\t\t<div class=\"elementor-element elementor-element-0fb5681 elementor-widget__width-initial elementor-widget elementor-widget-text-editor\" data-id=\"0fb5681\" data-element_type=\"widget\" data-e-type=\"widget\" data-widget_type=\"text-editor.default\">\n\t\t\t\t<div class=\"elementor-widget-container\">\n\t\t\t\t\t\t\t\t\tFebruary 2019 | Press release\t\t\t\t\t\t\t\t<\/div>\n\t\t\t\t<\/div>\n\t\t\t\t<div class=\"elementor-element elementor-element-0c5e09a elementor-widget elementor-widget-heading\" data-id=\"0c5e09a\" data-element_type=\"widget\" data-e-type=\"widget\" data-widget_type=\"heading.default\">\n\t\t\t\t<div class=\"elementor-widget-container\">\n\t\t\t\t\t<h1 class=\"elementor-heading-title elementor-size-default\">Nominated for Conference Center of the Year 2019\n<\/h1>\t\t\t\t<\/div>\n\t\t\t\t<\/div>\n\t\t\t\t<\/div>\n\t\t<div class=\"elementor-element elementor-element-e486b51 e-flex e-con-boxed e-con e-parent\" data-id=\"e486b51\" data-element_type=\"container\" data-e-type=\"container\">\n\t\t\t\t\t<div class=\"e-con-inner\">\n\t\t<div class=\"elementor-element elementor-element-216c953 e-con-full e-flex e-con e-child\" data-id=\"216c953\" data-element_type=\"container\" data-e-type=\"container\" data-settings=\"{&quot;background_background&quot;:&quot;classic&quot;}\">\n\t\t<div class=\"elementor-element elementor-element-e22a584 e-con-full e-flex e-con e-child\" data-id=\"e22a584\" data-element_type=\"container\" data-e-type=\"container\" data-settings=\"{&quot;background_background&quot;:&quot;classic&quot;}\">\n\t\t\t\t<\/div>\n\t\t<div class=\"elementor-element elementor-element-6119b34 e-con-full e-flex e-con e-child\" data-id=\"6119b34\" data-element_type=\"container\" data-e-type=\"container\">\n\t\t\t\t<div class=\"elementor-element elementor-element-3ca93b7 elementor-widget elementor-widget-heading\" data-id=\"3ca93b7\" data-element_type=\"widget\" data-e-type=\"widget\" data-widget_type=\"heading.default\">\n\t\t\t\t<div class=\"elementor-widget-container\">\n\t\t\t\t\t<p class=\"elementor-heading-title elementor-size-default\">Conference Center of the Year 2019<\/p>\t\t\t\t<\/div>\n\t\t\t\t<\/div>\n\t\t\t\t<div class=\"elementor-element elementor-element-2f54f4e elementor-widget elementor-widget-heading\" data-id=\"2f54f4e\" data-element_type=\"widget\" data-e-type=\"widget\" data-widget_type=\"heading.default\">\n\t\t\t\t<div class=\"elementor-widget-container\">\n\t\t\t\t\t<h2 class=\"elementor-heading-title elementor-size-default\">Extra tough competition for prestigious award\n<\/h2>\t\t\t\t<\/div>\n\t\t\t\t<\/div>\n\t\t\t\t<div class=\"elementor-element elementor-element-6d6440f elementor-widget elementor-widget-text-editor\" data-id=\"6d6440f\" data-element_type=\"widget\" data-e-type=\"widget\" data-widget_type=\"text-editor.default\">\n\t\t\t\t<div class=\"elementor-widget-container\">\n\t\t\t\t\t\t\t\t\t<p>There are usually five nominees for the coveted title of Conference Center of the Year. But this year there are six. It is symptomatic of a time when the award is highly coveted and the battle for customer favor is intense.<\/p><p>However, this is not due to the increasing number of partners in the association, but simply because two of the hotels have received exactly the same NPS score. NPS stands for Net Promoter Score and is an internationally recognized measure of customer satisfaction and loyalty. And NPS is also the basis for the nominations for Conference Center of the Year.<\/p><p>The nominees in 2019 are:<\/p><ul><li>Bautah\u00f8j Course Center and Hotel<\/li><li>Hotel Svendborg<\/li><li>Hotel Vejlefjord<\/li><li>Pharmakon Conference Center<\/li><li>Rungstedgaard<\/li><li>Severin<\/li><\/ul><p>\u00a0<\/p><p>The basis for the award is the thousands of evaluations that conference guests fill out every year at the individual hotels, conference venues and other venues in the partner group. But the evaluations are not only important for determining which conference venue should be named the best of the year, explains Marlene H. Sylvester-Hvid, CEO of Danish Conference Centres:<\/p>\t\t\t\t\t\t\t\t<\/div>\n\t\t\t\t<\/div>\n\t\t\t\t<\/div>\n\t\t\t\t<\/div>\n\t\t\t\t\t<\/div>\n\t\t\t\t<\/div>\n\t\t<div class=\"elementor-element elementor-element-4dbf55ae e-flex e-con-boxed e-con e-parent\" data-id=\"4dbf55ae\" data-element_type=\"container\" data-e-type=\"container\">\n\t\t\t\t\t<div class=\"e-con-inner\">\n\t\t<div class=\"elementor-element elementor-element-334ac059 e-con-full e-flex e-con e-child\" data-id=\"334ac059\" data-element_type=\"container\" data-e-type=\"container\" data-settings=\"{&quot;background_background&quot;:&quot;classic&quot;}\">\n\t\t<div class=\"elementor-element elementor-element-49c51107 e-con-full e-flex e-con e-child\" data-id=\"49c51107\" data-element_type=\"container\" data-e-type=\"container\" data-settings=\"{&quot;background_background&quot;:&quot;classic&quot;}\">\n\t\t\t\t<\/div>\n\t\t<div class=\"elementor-element elementor-element-700a6a36 e-con-full e-flex e-con e-child\" data-id=\"700a6a36\" data-element_type=\"container\" data-e-type=\"container\">\n\t\t\t\t<div class=\"elementor-element elementor-element-4f8042f1 elementor-widget elementor-widget-heading\" data-id=\"4f8042f1\" data-element_type=\"widget\" data-e-type=\"widget\" data-widget_type=\"heading.default\">\n\t\t\t\t<div class=\"elementor-widget-container\">\n\t\t\t\t\t<p class=\"elementor-heading-title elementor-size-default\">Conference Center of the Year 2019<\/p>\t\t\t\t<\/div>\n\t\t\t\t<\/div>\n\t\t\t\t<div class=\"elementor-element elementor-element-6a3c3945 elementor-widget elementor-widget-heading\" data-id=\"6a3c3945\" data-element_type=\"widget\" data-e-type=\"widget\" data-widget_type=\"heading.default\">\n\t\t\t\t<div class=\"elementor-widget-container\">\n\t\t\t\t\t<h2 class=\"elementor-heading-title elementor-size-default\">Together we become better.<\/h2>\t\t\t\t<\/div>\n\t\t\t\t<\/div>\n\t\t\t\t<div class=\"elementor-element elementor-element-54808936 elementor-widget elementor-widget-text-editor\" data-id=\"54808936\" data-element_type=\"widget\" data-e-type=\"widget\" data-widget_type=\"text-editor.default\">\n\t\t\t\t<div class=\"elementor-widget-container\">\n\t\t\t\t\t\t\t\t\t<p>\u201cOf course, the individual conference venues use the evaluations to prioritize what they should improve and what they should do more of. We also use them to target our efforts and service in relation to partners and to develop the content of our customer-facing events,\u201d she says.<\/p><p>Danish Conference Centres is much more than a booking portal and sparring partner for busy meeting planners. The association holds a wide range of networking meetings and other events where conference venues and customers meet to exchange experiences and ideas.<\/p><p>\u201c&quot;We have a very strong unity in the partner circle. While our partners of course compete for the same customers, they choose to collaborate to make each other better. As a catalyst for this collaboration, Danske Konferencecentre can really make a difference for the individual venues, and this ultimately benefits the guests,&quot; explains Marlene H. Sylvester-Hvid.<\/p><p>You can read more about the individual nominees at dkbs.dk. The award ceremony will take place on April 24th.<\/p>\t\t\t\t\t\t\t\t<\/div>\n\t\t\t\t<\/div>\n\t\t\t\t<\/div>\n\t\t\t\t<\/div>\n\t\t\t\t\t<\/div>\n\t\t\t\t<\/div>\n\t\t<div class=\"elementor-element elementor-element-24f7a20 e-flex e-con-boxed e-con e-parent\" data-id=\"24f7a20\" data-element_type=\"container\" data-e-type=\"container\">\n\t\t\t\t\t<div class=\"e-con-inner\">\n\t\t<div class=\"elementor-element elementor-element-c8ff55e e-con-full e-flex e-con e-child\" data-id=\"c8ff55e\" data-element_type=\"container\" data-e-type=\"container\" data-settings=\"{&quot;background_background&quot;:&quot;classic&quot;}\">\n\t\t<div class=\"elementor-element elementor-element-0df8b5c e-con-full e-flex e-con e-child\" data-id=\"0df8b5c\" data-element_type=\"container\" data-e-type=\"container\" data-settings=\"{&quot;background_background&quot;:&quot;classic&quot;}\">\n\t\t\t\t<\/div>\n\t\t<div class=\"elementor-element elementor-element-2d7ab7d e-con-full e-flex e-con e-child\" data-id=\"2d7ab7d\" data-element_type=\"container\" data-e-type=\"container\">\n\t\t\t\t<div class=\"elementor-element elementor-element-ec18139 elementor-widget elementor-widget-heading\" data-id=\"ec18139\" data-element_type=\"widget\" data-e-type=\"widget\" data-widget_type=\"heading.default\">\n\t\t\t\t<div class=\"elementor-widget-container\">\n\t\t\t\t\t<p class=\"elementor-heading-title elementor-size-default\">Conference Center of the Year 2019<\/p>\t\t\t\t<\/div>\n\t\t\t\t<\/div>\n\t\t\t\t<div class=\"elementor-element elementor-element-b45e02e elementor-widget elementor-widget-heading\" data-id=\"b45e02e\" data-element_type=\"widget\" data-e-type=\"widget\" data-widget_type=\"heading.default\">\n\t\t\t\t<div class=\"elementor-widget-container\">\n\t\t\t\t\t<h2 class=\"elementor-heading-title elementor-size-default\">Contact<\/h2>\t\t\t\t<\/div>\n\t\t\t\t<\/div>\n\t\t\t\t<div class=\"elementor-element elementor-element-9400e59 elementor-widget elementor-widget-text-editor\" data-id=\"9400e59\" data-element_type=\"widget\" data-e-type=\"widget\" data-widget_type=\"text-editor.default\">\n\t\t\t\t<div class=\"elementor-widget-container\">\n\t\t\t\t\t\t\t\t\t<p>For further information, please contact Marlene H. Sylvester-Hvid on +45 26 77 18 32.<br \/>Would you like to hear more about Hotel Svendborg&#039;s nomination or have a personal comment?<\/p><p>Tom Pelle Jensen<br \/>Director<br \/>Telephone <a href=\"tel: +45 40 96 15 55\">+45 40 96 15 55<\/a><\/p>\t\t\t\t\t\t\t\t<\/div>\n\t\t\t\t<\/div>\n\t\t\t\t<div class=\"elementor-element elementor-element-4109c38 elementor-widget elementor-widget-heading\" data-id=\"4109c38\" data-element_type=\"widget\" data-e-type=\"widget\" data-widget_type=\"heading.default\">\n\t\t\t\t<div class=\"elementor-widget-container\">\n\t\t\t\t\t<h3 class=\"elementor-heading-title elementor-size-default\">Facts about Danish Conference Centres\n<\/h3>\t\t\t\t<\/div>\n\t\t\t\t<\/div>\n\t\t\t\t<div class=\"elementor-element elementor-element-54840b6 elementor-widget elementor-widget-text-editor\" data-id=\"54840b6\" data-element_type=\"widget\" data-e-type=\"widget\" data-widget_type=\"text-editor.default\">\n\t\t\t\t<div class=\"elementor-widget-container\">\n\t\t\t\t\t\t\t\t\t<p>Danish Conference Centres was founded in 1990 with the primary purpose of facilitating contact between customers who want to hold meetings, conferences and other major events and a number of carefully selected meeting and conference venues in Denmark.<\/p><p>Customers receive free, fast and non-binding advice and planning service. Danish Conference Centres has more than 100 partners across the country, and both the association and the number of partners are growing rapidly.<\/p>\t\t\t\t\t\t\t\t<\/div>\n\t\t\t\t<\/div>\n\t\t\t\t<div class=\"elementor-element elementor-element-e8a8433 elementor-mobile-align-justify elementor-widget elementor-widget-button\" data-id=\"e8a8433\" data-element_type=\"widget\" data-e-type=\"widget\" data-widget_type=\"button.default\">\n\t\t\t\t<div class=\"elementor-widget-container\">\n\t\t\t\t\t\t\t\t\t<div class=\"elementor-button-wrapper\">\n\t\t\t\t\t<a class=\"elementor-button elementor-button-link elementor-size-sm\" href=\"https:\/\/hotelsvendborg.dk\/en\/press\/\">\n\t\t\t\t\t\t<span class=\"elementor-button-content-wrapper\">\n\t\t\t\t\t\t\t\t\t<span class=\"elementor-button-text\">See all press releases<\/span>\n\t\t\t\t\t<\/span>\n\t\t\t\t\t<\/a>\n\t\t\t\t<\/div>\n\t\t\t\t\t\t\t\t<\/div>\n\t\t\t\t<\/div>\n\t\t\t\t<\/div>\n\t\t\t\t<\/div>\n\t\t\t\t\t<\/div>\n\t\t\t\t<\/div>\n\t\t\t\t<\/div>","protected":false},"excerpt":{"rendered":"<p>Februar 2019 | Pressemeddelelse Nomineret til \u00e5rets konferencecenter 2019 \u00c5rets konferencecenter 2019 Ekstra h\u00e5rd kamp om prestigefyldt pris Der plejer at v\u00e6re fem nominerede til den eftertragtede titel som \u00c5rets Konferencecenter. Men i \u00e5r er der seks. Det er symptomatisk for en tid, hvor prisen er s\u00e6rdeles eftertragtet og kampen om kundernes gunst er intensiv. [&hellip;]<\/p>\n","protected":false},"author":2,"featured_media":0,"parent":0,"menu_order":0,"comment_status":"closed","ping_status":"closed","template":"","meta":{"_acf_changed":false,"footnotes":""},"class_list":["post-4813","page","type-page","status-publish","hentry"],"acf":[],"yoast_head":"<!-- This site is optimized with the Yoast SEO plugin v27.5 - https:\/\/yoast.com\/product\/yoast-seo-wordpress\/ -->\n<title>Nomineret til \u00e5rets konferencecenter 2019 - Hotel Svendborg<\/title>\n<meta name=\"robots\" content=\"index, follow, max-snippet:-1, max-image-preview:large, max-video-preview:-1\" \/>\n<link rel=\"canonical\" href=\"https:\/\/hotelsvendborg.dk\/en\/nominated-for-conference-center-of-the-year-2019\/\" \/>\n<meta property=\"og:locale\" content=\"en_GB\" \/>\n<meta property=\"og:type\" content=\"article\" \/>\n<meta property=\"og:title\" content=\"Nomineret til \u00e5rets konferencecenter 2019 - Hotel Svendborg\" \/>\n<meta property=\"og:description\" content=\"Februar 2019 | Pressemeddelelse Nomineret til \u00e5rets konferencecenter 2019 \u00c5rets konferencecenter 2019 Ekstra h\u00e5rd kamp om prestigefyldt pris Der plejer at v\u00e6re fem nominerede til den eftertragtede titel som \u00c5rets Konferencecenter. Men i \u00e5r er der seks. Det er symptomatisk for en tid, hvor prisen er s\u00e6rdeles eftertragtet og kampen om kundernes gunst er intensiv. [&hellip;]\" \/>\n<meta property=\"og:url\" content=\"https:\/\/hotelsvendborg.dk\/en\/nominated-for-conference-center-of-the-year-2019\/\" \/>\n<meta property=\"og:site_name\" content=\"Hotel Svendborg\" \/>\n<meta property=\"article:modified_time\" content=\"2025-10-31T07:52:46+00:00\" \/>\n<meta name=\"twitter:card\" content=\"summary_large_image\" \/>\n<meta name=\"twitter:label1\" content=\"Estimated reading time\" \/>\n\t<meta name=\"twitter:data1\" content=\"3 minutes\" \/>\n<!-- \/ Yoast SEO plugin. -->","yoast_head_json":{"title":"Nominated for Conference Center of the Year 2019 - Hotel Svendborg","robots":{"index":"index","follow":"follow","max-snippet":"max-snippet:-1","max-image-preview":"max-image-preview:large","max-video-preview":"max-video-preview:-1"},"canonical":"https:\/\/hotelsvendborg.dk\/en\/nominated-for-conference-center-of-the-year-2019\/","og_locale":"en_GB","og_type":"article","og_title":"Nomineret til \u00e5rets konferencecenter 2019 - Hotel Svendborg","og_description":"Februar 2019 | Pressemeddelelse Nomineret til \u00e5rets konferencecenter 2019 \u00c5rets konferencecenter 2019 Ekstra h\u00e5rd kamp om prestigefyldt pris Der plejer at v\u00e6re fem nominerede til den eftertragtede titel som \u00c5rets Konferencecenter. Men i \u00e5r er der seks. Det er symptomatisk for en tid, hvor prisen er s\u00e6rdeles eftertragtet og kampen om kundernes gunst er intensiv. [&hellip;]","og_url":"https:\/\/hotelsvendborg.dk\/en\/nominated-for-conference-center-of-the-year-2019\/","og_site_name":"Hotel Svendborg","article_modified_time":"2025-10-31T07:52:46+00:00","twitter_card":"summary_large_image","twitter_misc":{"Estimated reading time":"3 minutes"},"schema":{"@context":"https:\/\/schema.org","@graph":[{"@type":"WebPage","@id":"https:\/\/hotelsvendborg.dk\/nomineret-til-aarets-konferencecenter-2019\/","url":"https:\/\/hotelsvendborg.dk\/nomineret-til-aarets-konferencecenter-2019\/","name":"Nominated for Conference Center of the Year 2019 - Hotel Svendborg","isPartOf":{"@id":"https:\/\/hotelsvendborg.dk\/#website"},"datePublished":"2025-10-31T07:49:13+00:00","dateModified":"2025-10-31T07:52:46+00:00","breadcrumb":{"@id":"https:\/\/hotelsvendborg.dk\/nomineret-til-aarets-konferencecenter-2019\/#breadcrumb"},"inLanguage":"en-GB","potentialAction":[{"@type":"ReadAction","target":["https:\/\/hotelsvendborg.dk\/nomineret-til-aarets-konferencecenter-2019\/"]}]},{"@type":"BreadcrumbList","@id":"https:\/\/hotelsvendborg.dk\/nomineret-til-aarets-konferencecenter-2019\/#breadcrumb","itemListElement":[{"@type":"ListItem","position":1,"name":"Home","item":"https:\/\/hotelsvendborg.dk\/"},{"@type":"ListItem","position":2,"name":"Nomineret til \u00e5rets konferencecenter 2019"}]},{"@type":"WebSite","@id":"https:\/\/hotelsvendborg.dk\/#website","url":"https:\/\/hotelsvendborg.dk\/","name":"Hotel Svendborg","description":"","publisher":{"@id":"https:\/\/hotelsvendborg.dk\/#organization"},"potentialAction":[{"@type":"SearchAction","target":{"@type":"EntryPoint","urlTemplate":"https:\/\/hotelsvendborg.dk\/?s={search_term_string}"},"query-input":{"@type":"PropertyValueSpecification","valueRequired":true,"valueName":"search_term_string"}}],"inLanguage":"en-GB"},{"@type":"Organization","@id":"https:\/\/hotelsvendborg.dk\/#organization","name":"Hotel Svendborg","url":"https:\/\/hotelsvendborg.dk\/","logo":{"@type":"ImageObject","inLanguage":"en-GB","@id":"https:\/\/hotelsvendborg.dk\/#\/schema\/logo\/image\/","url":"https:\/\/hotelsvendborg.dk\/wp-content\/uploads\/2024\/10\/hotel-svendborg.svg","contentUrl":"https:\/\/hotelsvendborg.dk\/wp-content\/uploads\/2024\/10\/hotel-svendborg.svg","width":257,"height":55,"caption":"Hotel Svendborg"},"image":{"@id":"https:\/\/hotelsvendborg.dk\/#\/schema\/logo\/image\/"}}]}},"_links":{"self":[{"href":"https:\/\/hotelsvendborg.dk\/en\/wp-json\/wp\/v2\/pages\/4813","targetHints":{"allow":["GET"]}}],"collection":[{"href":"https:\/\/hotelsvendborg.dk\/en\/wp-json\/wp\/v2\/pages"}],"about":[{"href":"https:\/\/hotelsvendborg.dk\/en\/wp-json\/wp\/v2\/types\/page"}],"author":[{"embeddable":true,"href":"https:\/\/hotelsvendborg.dk\/en\/wp-json\/wp\/v2\/users\/2"}],"replies":[{"embeddable":true,"href":"https:\/\/hotelsvendborg.dk\/en\/wp-json\/wp\/v2\/comments?post=4813"}],"version-history":[{"count":7,"href":"https:\/\/hotelsvendborg.dk\/en\/wp-json\/wp\/v2\/pages\/4813\/revisions"}],"predecessor-version":[{"id":4820,"href":"https:\/\/hotelsvendborg.dk\/en\/wp-json\/wp\/v2\/pages\/4813\/revisions\/4820"}],"wp:attachment":[{"href":"https:\/\/hotelsvendborg.dk\/en\/wp-json\/wp\/v2\/media?parent=4813"}],"curies":[{"name":"wp","href":"https:\/\/api.w.org\/{rel}","templated":true}]}}