{"id":4793,"date":"2025-10-31T08:25:35","date_gmt":"2025-10-31T07:25:35","guid":{"rendered":"https:\/\/hotelsvendborg.dk\/?page_id=4793"},"modified":"2025-10-31T08:32:58","modified_gmt":"2025-10-31T07:32:58","slug":"renovation-completed","status":"publish","type":"page","link":"https:\/\/hotelsvendborg.dk\/en\/ombygning-faerdig\/","title":{"rendered":"Renovation completed"},"content":{"rendered":"<div data-elementor-type=\"wp-page\" data-elementor-id=\"4793\" class=\"elementor elementor-4793\" data-elementor-post-type=\"page\">\n\t\t\t\t<div class=\"elementor-element elementor-element-0da4ad2 e-con-full e-flex e-con e-parent\" data-id=\"0da4ad2\" data-element_type=\"container\" data-e-type=\"container\" data-settings=\"{&quot;background_background&quot;:&quot;classic&quot;}\">\n\t\t\t\t<div class=\"elementor-element elementor-element-0fb5681 elementor-widget__width-initial elementor-widget elementor-widget-text-editor\" data-id=\"0fb5681\" data-element_type=\"widget\" data-e-type=\"widget\" data-widget_type=\"text-editor.default\">\n\t\t\t\t<div class=\"elementor-widget-container\">\n\t\t\t\t\t\t\t\t\tPress release | March 6, 2020\n\t\t\t\t\t\t\t\t<\/div>\n\t\t\t\t<\/div>\n\t\t\t\t<div class=\"elementor-element elementor-element-0c5e09a elementor-widget elementor-widget-heading\" data-id=\"0c5e09a\" data-element_type=\"widget\" data-e-type=\"widget\" data-widget_type=\"heading.default\">\n\t\t\t\t<div class=\"elementor-widget-container\">\n\t\t\t\t\t<h1 class=\"elementor-heading-title elementor-size-default\">Renovation completed\n<\/h1>\t\t\t\t<\/div>\n\t\t\t\t<\/div>\n\t\t\t\t<\/div>\n\t\t<div class=\"elementor-element elementor-element-e486b51 e-flex e-con-boxed e-con e-parent\" data-id=\"e486b51\" data-element_type=\"container\" data-e-type=\"container\">\n\t\t\t\t\t<div class=\"e-con-inner\">\n\t\t<div class=\"elementor-element elementor-element-216c953 e-con-full e-flex e-con e-child\" data-id=\"216c953\" data-element_type=\"container\" data-e-type=\"container\" data-settings=\"{&quot;background_background&quot;:&quot;classic&quot;}\">\n\t\t<div class=\"elementor-element elementor-element-e22a584 e-con-full e-flex e-con e-child\" data-id=\"e22a584\" data-element_type=\"container\" data-e-type=\"container\" data-settings=\"{&quot;background_background&quot;:&quot;classic&quot;}\">\n\t\t\t\t<\/div>\n\t\t<div class=\"elementor-element elementor-element-6119b34 e-con-full e-flex e-con e-child\" data-id=\"6119b34\" data-element_type=\"container\" data-e-type=\"container\">\n\t\t\t\t<div class=\"elementor-element elementor-element-3ca93b7 elementor-widget elementor-widget-heading\" data-id=\"3ca93b7\" data-element_type=\"widget\" data-e-type=\"widget\" data-widget_type=\"heading.default\">\n\t\t\t\t<div class=\"elementor-widget-container\">\n\t\t\t\t\t<p class=\"elementor-heading-title elementor-size-default\">Renovation completed<\/p>\t\t\t\t<\/div>\n\t\t\t\t<\/div>\n\t\t\t\t<div class=\"elementor-element elementor-element-2f54f4e elementor-widget elementor-widget-heading\" data-id=\"2f54f4e\" data-element_type=\"widget\" data-e-type=\"widget\" data-widget_type=\"heading.default\">\n\t\t\t\t<div class=\"elementor-widget-container\">\n\t\t\t\t\t<h2 class=\"elementor-heading-title elementor-size-default\">Hotel Svendborg with a new look\n<\/h2>\t\t\t\t<\/div>\n\t\t\t\t<\/div>\n\t\t\t\t<div class=\"elementor-element elementor-element-6d6440f elementor-widget elementor-widget-text-editor\" data-id=\"6d6440f\" data-element_type=\"widget\" data-e-type=\"widget\" data-widget_type=\"text-editor.default\">\n\t\t\t\t<div class=\"elementor-widget-container\">\n\t\t\t\t\t\t\t\t\t<p>Two construction phases at Hotel Svendborg have ended. New, bright and modern surroundings have been created for approximately 12.5 million kroner at the city&#039;s hotel and conference center. Now we can look back on months of construction chaos and construction noise, but where the hotel has also managed to be fully operational.<\/p><p>It is a natural and Nordic style. The cedar tree is repeated in several places. Starting from the well-known wall in the hotel&#039;s restaurant, Krinsen. In April last year, construction began. First at the entrance from the parking lot with new facilities, entrance area and smoking area. In September it was finished, and the big stage began with a new reception, lounge area and restaurant as well as an entrance area towards Centrumpladsen.<\/p><p>\u201d&quot;We achieved it, and we are very happy and proud of the result. It shows that if you tackle it right, it can be done. We have rebuilt while the hotel was fully operational. We have always done that. Also during previous construction projects,&quot; says Director of Hotel Svendborg, Tom Pelle Jensen.<\/p><p>Guests on vacation or at conferences have been welcomed in a changing environment in recent months. But by involving employees in the process, taking crazy steps, such as covering the entire restaurant with graffiti art by local young street artists, the hotel has managed to get the nod so that guests had a good experience despite the construction.<\/p>\t\t\t\t\t\t\t\t<\/div>\n\t\t\t\t<\/div>\n\t\t\t\t<\/div>\n\t\t\t\t<\/div>\n\t\t\t\t\t<\/div>\n\t\t\t\t<\/div>\n\t\t<div class=\"elementor-element elementor-element-4dbf55ae e-flex e-con-boxed e-con e-parent\" data-id=\"4dbf55ae\" data-element_type=\"container\" data-e-type=\"container\">\n\t\t\t\t\t<div class=\"e-con-inner\">\n\t\t<div class=\"elementor-element elementor-element-334ac059 e-con-full e-flex e-con e-child\" data-id=\"334ac059\" data-element_type=\"container\" data-e-type=\"container\" data-settings=\"{&quot;background_background&quot;:&quot;classic&quot;}\">\n\t\t<div class=\"elementor-element elementor-element-49c51107 e-con-full e-flex e-con e-child\" data-id=\"49c51107\" data-element_type=\"container\" data-e-type=\"container\" data-settings=\"{&quot;background_background&quot;:&quot;classic&quot;}\">\n\t\t\t\t<\/div>\n\t\t<div class=\"elementor-element elementor-element-700a6a36 e-con-full e-flex e-con e-child\" data-id=\"700a6a36\" data-element_type=\"container\" data-e-type=\"container\">\n\t\t\t\t<div class=\"elementor-element elementor-element-4f8042f1 elementor-widget elementor-widget-heading\" data-id=\"4f8042f1\" data-element_type=\"widget\" data-e-type=\"widget\" data-widget_type=\"heading.default\">\n\t\t\t\t<div class=\"elementor-widget-container\">\n\t\t\t\t\t<p class=\"elementor-heading-title elementor-size-default\">Renovation completed<\/p>\t\t\t\t<\/div>\n\t\t\t\t<\/div>\n\t\t\t\t<div class=\"elementor-element elementor-element-6a3c3945 elementor-widget elementor-widget-heading\" data-id=\"6a3c3945\" data-element_type=\"widget\" data-e-type=\"widget\" data-widget_type=\"heading.default\">\n\t\t\t\t<div class=\"elementor-widget-container\">\n\t\t\t\t\t<h2 class=\"elementor-heading-title elementor-size-default\">Hotel Svendborg nominated for Conference Center of the Year<\/h2>\t\t\t\t<\/div>\n\t\t\t\t<\/div>\n\t\t\t\t<div class=\"elementor-element elementor-element-54808936 elementor-widget elementor-widget-text-editor\" data-id=\"54808936\" data-element_type=\"widget\" data-e-type=\"widget\" data-widget_type=\"text-editor.default\">\n\t\t\t\t<div class=\"elementor-widget-container\">\n\t\t\t\t\t\t\t\t\t<p>\u201d&quot;It has been hard. And the employees have pulled a huge load. They should be thanked for that. And we are therefore very proud that the guests have also recognized the effort, as we have been nominated for Conference Center of the Year. It has gone well \u2013 in the middle of a renovation,&quot; says Tom Pelle Jensen.<\/p><p>Along the way, there has been constant close collaboration with the craftsmen. When, where and how they could be allowed to work on the construction, so that it disturbed the guests as little as possible. A complicated but crucial puzzle that is now coming together.<\/p><p>\u201d&quot;We are looking forward to the final details being in place. Now we can welcome guests in the setting that hotel and conference guests in 2020 demand. It will be really good,&quot; concludes the hotel director.<\/p><p>A large restaurant with small nooks, bright rooms and a special place for local produce. A large and inviting reception, which is the guests&#039; first impression upon arrival, with the possibility of workstations and phone charging. And a new lounge area, where, for example, business travelers or conference guests can sit and work in pleasant surroundings, with a good cup of coffee or where the working day ends in soft furniture with a drink from the bar.<\/p><p>Photos are free to use. If you would like more photos of the new surroundings, that is also possible.<\/p><p>For further comments or questions, please contact the director of Hotel Svendborg, Tom Pelle Jensen at <a href=\"mailto:tom-pelle@hotel-svendborg.dk\">tom-pelle@hotel-svendborg.dk<\/a> or <a href=\"http:\/\/+45 40 96 15 55.\" data-wplink-url-error=\"true\">+45 40 96 15 55.<\/a><\/p>\t\t\t\t\t\t\t\t<\/div>\n\t\t\t\t<\/div>\n\t\t\t\t<div class=\"elementor-element elementor-element-a13d9c3 elementor-mobile-align-justify elementor-widget elementor-widget-button\" data-id=\"a13d9c3\" data-element_type=\"widget\" data-e-type=\"widget\" data-widget_type=\"button.default\">\n\t\t\t\t<div class=\"elementor-widget-container\">\n\t\t\t\t\t\t\t\t\t<div class=\"elementor-button-wrapper\">\n\t\t\t\t\t<a class=\"elementor-button elementor-button-link elementor-size-sm\" href=\"https:\/\/hotelsvendborg.dk\/en\/press\/\">\n\t\t\t\t\t\t<span class=\"elementor-button-content-wrapper\">\n\t\t\t\t\t\t\t\t\t<span class=\"elementor-button-text\">See all press releases<\/span>\n\t\t\t\t\t<\/span>\n\t\t\t\t\t<\/a>\n\t\t\t\t<\/div>\n\t\t\t\t\t\t\t\t<\/div>\n\t\t\t\t<\/div>\n\t\t\t\t<\/div>\n\t\t\t\t<\/div>\n\t\t\t\t\t<\/div>\n\t\t\t\t<\/div>\n\t\t\t\t<\/div>","protected":false},"excerpt":{"rendered":"<p>Pressemeddelelse | 6. marts 2020 Ombygning f\u00e6rdig Ombygning f\u00e6rdig Hotel Svendborg med nyt look To byggefaser p\u00e5 Hotel Svendborg er slut. Nye, lyse og moderne omgivelser er skabt for ca. 12,5 millioner kroner p\u00e5 byens hotel og konferencecenter. Nu kan der ses tilbage p\u00e5 m\u00e5neder med byggerod og h\u00e5ndv\u00e6rkerlarm, men hvor hotellet samtidig er lykkedes [&hellip;]<\/p>\n","protected":false},"author":2,"featured_media":0,"parent":0,"menu_order":0,"comment_status":"closed","ping_status":"closed","template":"","meta":{"_acf_changed":false,"footnotes":""},"class_list":["post-4793","page","type-page","status-publish","hentry"],"acf":[],"yoast_head":"<!-- This site is optimized with the Yoast SEO plugin v27.5 - https:\/\/yoast.com\/product\/yoast-seo-wordpress\/ -->\n<title>Ombygning f\u00e6rdig - Hotel Svendborg<\/title>\n<meta name=\"robots\" content=\"index, follow, max-snippet:-1, max-image-preview:large, max-video-preview:-1\" \/>\n<link rel=\"canonical\" href=\"https:\/\/hotelsvendborg.dk\/en\/renovation-completed\/\" \/>\n<meta property=\"og:locale\" content=\"en_GB\" \/>\n<meta property=\"og:type\" content=\"article\" \/>\n<meta property=\"og:title\" content=\"Ombygning f\u00e6rdig - Hotel Svendborg\" \/>\n<meta property=\"og:description\" content=\"Pressemeddelelse | 6. marts 2020 Ombygning f\u00e6rdig Ombygning f\u00e6rdig Hotel Svendborg med nyt look To byggefaser p\u00e5 Hotel Svendborg er slut. Nye, lyse og moderne omgivelser er skabt for ca. 12,5 millioner kroner p\u00e5 byens hotel og konferencecenter. Nu kan der ses tilbage p\u00e5 m\u00e5neder med byggerod og h\u00e5ndv\u00e6rkerlarm, men hvor hotellet samtidig er lykkedes [&hellip;]\" \/>\n<meta property=\"og:url\" content=\"https:\/\/hotelsvendborg.dk\/en\/renovation-completed\/\" \/>\n<meta property=\"og:site_name\" content=\"Hotel Svendborg\" \/>\n<meta property=\"article:modified_time\" content=\"2025-10-31T07:32:58+00:00\" \/>\n<meta name=\"twitter:card\" content=\"summary_large_image\" \/>\n<meta name=\"twitter:label1\" content=\"Estimated reading time\" \/>\n\t<meta name=\"twitter:data1\" content=\"3 minutes\" \/>\n<!-- \/ Yoast SEO plugin. -->","yoast_head_json":{"title":"Renovation completed - Hotel Svendborg","robots":{"index":"index","follow":"follow","max-snippet":"max-snippet:-1","max-image-preview":"max-image-preview:large","max-video-preview":"max-video-preview:-1"},"canonical":"https:\/\/hotelsvendborg.dk\/en\/renovation-completed\/","og_locale":"en_GB","og_type":"article","og_title":"Ombygning f\u00e6rdig - Hotel Svendborg","og_description":"Pressemeddelelse | 6. marts 2020 Ombygning f\u00e6rdig Ombygning f\u00e6rdig Hotel Svendborg med nyt look To byggefaser p\u00e5 Hotel Svendborg er slut. Nye, lyse og moderne omgivelser er skabt for ca. 12,5 millioner kroner p\u00e5 byens hotel og konferencecenter. Nu kan der ses tilbage p\u00e5 m\u00e5neder med byggerod og h\u00e5ndv\u00e6rkerlarm, men hvor hotellet samtidig er lykkedes [&hellip;]","og_url":"https:\/\/hotelsvendborg.dk\/en\/renovation-completed\/","og_site_name":"Hotel Svendborg","article_modified_time":"2025-10-31T07:32:58+00:00","twitter_card":"summary_large_image","twitter_misc":{"Estimated reading time":"3 minutes"},"schema":{"@context":"https:\/\/schema.org","@graph":[{"@type":"WebPage","@id":"https:\/\/hotelsvendborg.dk\/ombygning-faerdig\/","url":"https:\/\/hotelsvendborg.dk\/ombygning-faerdig\/","name":"Renovation completed - Hotel Svendborg","isPartOf":{"@id":"https:\/\/hotelsvendborg.dk\/#website"},"datePublished":"2025-10-31T07:25:35+00:00","dateModified":"2025-10-31T07:32:58+00:00","breadcrumb":{"@id":"https:\/\/hotelsvendborg.dk\/ombygning-faerdig\/#breadcrumb"},"inLanguage":"en-GB","potentialAction":[{"@type":"ReadAction","target":["https:\/\/hotelsvendborg.dk\/ombygning-faerdig\/"]}]},{"@type":"BreadcrumbList","@id":"https:\/\/hotelsvendborg.dk\/ombygning-faerdig\/#breadcrumb","itemListElement":[{"@type":"ListItem","position":1,"name":"Home","item":"https:\/\/hotelsvendborg.dk\/"},{"@type":"ListItem","position":2,"name":"Ombygning f\u00e6rdig"}]},{"@type":"WebSite","@id":"https:\/\/hotelsvendborg.dk\/#website","url":"https:\/\/hotelsvendborg.dk\/","name":"Hotel Svendborg","description":"","publisher":{"@id":"https:\/\/hotelsvendborg.dk\/#organization"},"potentialAction":[{"@type":"SearchAction","target":{"@type":"EntryPoint","urlTemplate":"https:\/\/hotelsvendborg.dk\/?s={search_term_string}"},"query-input":{"@type":"PropertyValueSpecification","valueRequired":true,"valueName":"search_term_string"}}],"inLanguage":"en-GB"},{"@type":"Organization","@id":"https:\/\/hotelsvendborg.dk\/#organization","name":"Hotel Svendborg","url":"https:\/\/hotelsvendborg.dk\/","logo":{"@type":"ImageObject","inLanguage":"en-GB","@id":"https:\/\/hotelsvendborg.dk\/#\/schema\/logo\/image\/","url":"https:\/\/hotelsvendborg.dk\/wp-content\/uploads\/2024\/10\/hotel-svendborg.svg","contentUrl":"https:\/\/hotelsvendborg.dk\/wp-content\/uploads\/2024\/10\/hotel-svendborg.svg","width":257,"height":55,"caption":"Hotel Svendborg"},"image":{"@id":"https:\/\/hotelsvendborg.dk\/#\/schema\/logo\/image\/"}}]}},"_links":{"self":[{"href":"https:\/\/hotelsvendborg.dk\/en\/wp-json\/wp\/v2\/pages\/4793","targetHints":{"allow":["GET"]}}],"collection":[{"href":"https:\/\/hotelsvendborg.dk\/en\/wp-json\/wp\/v2\/pages"}],"about":[{"href":"https:\/\/hotelsvendborg.dk\/en\/wp-json\/wp\/v2\/types\/page"}],"author":[{"embeddable":true,"href":"https:\/\/hotelsvendborg.dk\/en\/wp-json\/wp\/v2\/users\/2"}],"replies":[{"embeddable":true,"href":"https:\/\/hotelsvendborg.dk\/en\/wp-json\/wp\/v2\/comments?post=4793"}],"version-history":[{"count":10,"href":"https:\/\/hotelsvendborg.dk\/en\/wp-json\/wp\/v2\/pages\/4793\/revisions"}],"predecessor-version":[{"id":4803,"href":"https:\/\/hotelsvendborg.dk\/en\/wp-json\/wp\/v2\/pages\/4793\/revisions\/4803"}],"wp:attachment":[{"href":"https:\/\/hotelsvendborg.dk\/en\/wp-json\/wp\/v2\/media?parent=4793"}],"curies":[{"name":"wp","href":"https:\/\/api.w.org\/{rel}","templated":true}]}}