{"id":4264,"date":"2025-10-29T11:48:07","date_gmt":"2025-10-29T10:48:07","guid":{"rendered":"https:\/\/hotelsvendborg.dk\/?page_id=4264"},"modified":"2025-12-09T16:13:12","modified_gmt":"2025-12-09T15:13:12","slug":"event-round-arch-hall","status":"publish","type":"page","link":"https:\/\/hotelsvendborg.dk\/en\/event-rundbuehallen\/","title":{"rendered":"Event Round Arch Hall"},"content":{"rendered":"\t\t<div data-elementor-type=\"wp-page\" data-elementor-id=\"4264\" class=\"elementor elementor-4264\" data-elementor-post-type=\"page\">\n\t\t\t\t<div class=\"elementor-element elementor-element-f834f3e e-con-full e-flex e-con e-parent\" data-id=\"f834f3e\" data-element_type=\"container\" data-e-type=\"container\" data-settings=\"{&quot;background_background&quot;:&quot;slideshow&quot;,&quot;background_slideshow_gallery&quot;:[{&quot;id&quot;:4256,&quot;url&quot;:&quot;https:\\\/\\\/hotelsvendborg.dk\\\/wp-content\\\/uploads\\\/2025\\\/10\\\/EZ_10-06-22_Orkla-Summer-Party_800-scaled-1.jpg&quot;}],&quot;background_slideshow_slide_duration&quot;:3000,&quot;background_slideshow_loop&quot;:&quot;yes&quot;,&quot;background_slideshow_slide_transition&quot;:&quot;fade&quot;,&quot;background_slideshow_transition_duration&quot;:500}\">\n\t\t\t\t<div class=\"elementor-element elementor-element-c22bc29 elementor-widget elementor-widget-heading\" data-id=\"c22bc29\" data-element_type=\"widget\" data-e-type=\"widget\" data-widget_type=\"heading.default\">\n\t\t\t\t<div class=\"elementor-widget-container\">\n\t\t\t\t\t<h1 class=\"elementor-heading-title elementor-size-default\">Event i Rundbuehallen p\u00e5 <br>Frederiks\u00f8en i Svendborg\n<\/h1>\t\t\t\t<\/div>\n\t\t\t\t<\/div>\n\t\t\t\t<div class=\"elementor-element elementor-element-0612c86 elementor-widget__width-initial elementor-widget elementor-widget-text-editor\" data-id=\"0612c86\" data-element_type=\"widget\" data-e-type=\"widget\" data-widget_type=\"text-editor.default\">\n\t\t\t\t<div class=\"elementor-widget-container\">\n\t\t\t\t\t\t\t\t\tHold jeres n\u00e6ste m\u00f8de, firmafest eller event v\u00e6re i en r\u00e5 industriel v\u00e6rftshal med\nmasser af atmosf\u00e6re og kun 3 meter fra havnekajen i Svendborg p\u00e5 Sydfyn.\t\t\t\t\t\t\t\t<\/div>\n\t\t\t\t<\/div>\n\t\t\t\t<div class=\"elementor-element elementor-element-168408a btn-slide elementor-mobile-align-justify elementor-widget-mobile__width-inherit elementor-widget elementor-widget-button\" data-id=\"168408a\" data-element_type=\"widget\" data-e-type=\"widget\" data-widget_type=\"button.default\">\n\t\t\t\t<div class=\"elementor-widget-container\">\n\t\t\t\t\t\t\t\t\t<div class=\"elementor-button-wrapper\">\n\t\t\t\t\t<a class=\"elementor-button elementor-button-link elementor-size-sm\" href=\"#mere\">\n\t\t\t\t\t\t<span class=\"elementor-button-content-wrapper\">\n\t\t\t\t\t\t\t\t\t<span class=\"elementor-button-text\">L\u00e6s mere<\/span>\n\t\t\t\t\t<\/span>\n\t\t\t\t\t<\/a>\n\t\t\t\t<\/div>\n\t\t\t\t\t\t\t\t<\/div>\n\t\t\t\t<\/div>\n\t\t\t\t<\/div>\n\t\t<div class=\"elementor-element elementor-element-4f8553b2 e-flex e-con-boxed e-con e-parent\" data-id=\"4f8553b2\" data-element_type=\"container\" data-e-type=\"container\" id=\"mere\">\n\t\t\t\t\t<div class=\"e-con-inner\">\n\t\t<div class=\"elementor-element elementor-element-2305b5d4 e-con-full e-flex e-con e-child\" data-id=\"2305b5d4\" data-element_type=\"container\" data-e-type=\"container\" data-settings=\"{&quot;background_background&quot;:&quot;classic&quot;}\">\n\t\t<div class=\"elementor-element elementor-element-524c3b3f e-con-full e-flex e-con e-child\" data-id=\"524c3b3f\" data-element_type=\"container\" data-e-type=\"container\" data-settings=\"{&quot;background_background&quot;:&quot;slideshow&quot;,&quot;background_slideshow_gallery&quot;:[{&quot;id&quot;:5708,&quot;url&quot;:&quot;https:\\\/\\\/hotelsvendborg.dk\\\/wp-content\\\/uploads\\\/2025\\\/11\\\/Events-3.jpg&quot;},{&quot;id&quot;:5711,&quot;url&quot;:&quot;https:\\\/\\\/hotelsvendborg.dk\\\/wp-content\\\/uploads\\\/2025\\\/11\\\/HS-Events-6.jpg&quot;},{&quot;id&quot;:3036,&quot;url&quot;:&quot;https:\\\/\\\/hotelsvendborg.dk\\\/wp-content\\\/uploads\\\/2025\\\/10\\\/balloner.jpg&quot;},{&quot;id&quot;:5710,&quot;url&quot;:&quot;https:\\\/\\\/hotelsvendborg.dk\\\/wp-content\\\/uploads\\\/2025\\\/11\\\/HS-events-5.jpg&quot;},{&quot;id&quot;:5709,&quot;url&quot;:&quot;https:\\\/\\\/hotelsvendborg.dk\\\/wp-content\\\/uploads\\\/2025\\\/11\\\/HS-events-4.jpg&quot;}],&quot;background_slideshow_loop&quot;:&quot;yes&quot;,&quot;background_slideshow_slide_duration&quot;:5000,&quot;background_slideshow_slide_transition&quot;:&quot;fade&quot;,&quot;background_slideshow_transition_duration&quot;:500}\">\n\t\t\t\t<\/div>\n\t\t<div class=\"elementor-element elementor-element-7f0037e2 e-con-full e-flex e-con e-child\" data-id=\"7f0037e2\" data-element_type=\"container\" data-e-type=\"container\">\n\t\t\t\t<div class=\"elementor-element elementor-element-5f50e67 elementor-widget elementor-widget-heading\" data-id=\"5f50e67\" data-element_type=\"widget\" data-e-type=\"widget\" data-widget_type=\"heading.default\">\n\t\t\t\t<div class=\"elementor-widget-container\">\n\t\t\t\t\t<p class=\"elementor-heading-title elementor-size-default\">Event i Rundbuehallen<\/p>\t\t\t\t<\/div>\n\t\t\t\t<\/div>\n\t\t\t\t<div class=\"elementor-element elementor-element-4606194 elementor-widget elementor-widget-heading\" data-id=\"4606194\" data-element_type=\"widget\" data-e-type=\"widget\" data-widget_type=\"heading.default\">\n\t\t\t\t<div class=\"elementor-widget-container\">\n\t\t\t\t\t<h2 class=\"elementor-heading-title elementor-size-default\">Eksempel p\u00e5 event alt inklusiv:\n<\/h2>\t\t\t\t<\/div>\n\t\t\t\t<\/div>\n\t\t\t\t<div class=\"elementor-element elementor-element-fb5aa38 elementor-icon-list--layout-traditional elementor-list-item-link-full_width elementor-widget elementor-widget-icon-list\" data-id=\"fb5aa38\" data-element_type=\"widget\" data-e-type=\"widget\" data-widget_type=\"icon-list.default\">\n\t\t\t\t<div class=\"elementor-widget-container\">\n\t\t\t\t\t\t\t<ul class=\"elementor-icon-list-items\">\n\t\t\t\t\t\t\t<li class=\"elementor-icon-list-item\">\n\t\t\t\t\t\t\t\t\t\t<span class=\"elementor-icon-list-text\">- Velkomstdrink<\/span>\n\t\t\t\t\t\t\t\t\t<\/li>\n\t\t\t\t\t\t\t\t<li class=\"elementor-icon-list-item\">\n\t\t\t\t\t\t\t\t\t\t<span class=\"elementor-icon-list-text\">- 3 retters menu<\/span>\n\t\t\t\t\t\t\t\t\t<\/li>\n\t\t\t\t\t\t\t\t<li class=\"elementor-icon-list-item\">\n\t\t\t\t\t\t\t\t\t\t<span class=\"elementor-icon-list-text\">- Vine ad libitum til middagen<\/span>\n\t\t\t\t\t\t\t\t\t<\/li>\n\t\t\t\t\t\t\t\t<li class=\"elementor-icon-list-item\">\n\t\t\t\t\t\t\t\t\t\t<span class=\"elementor-icon-list-text\">- Kaffe<\/span>\n\t\t\t\t\t\t\t\t\t<\/li>\n\t\t\t\t\t\t\t\t<li class=\"elementor-icon-list-item\">\n\t\t\t\t\t\t\t\t\t\t<span class=\"elementor-icon-list-text\">- Bar i 3 timer vin, \u00f8l og sodavand<\/span>\n\t\t\t\t\t\t\t\t\t<\/li>\n\t\t\t\t\t\t\t\t<li class=\"elementor-icon-list-item\">\n\t\t\t\t\t\t\t\t\t\t<span class=\"elementor-icon-list-text\">- Natmad<\/span>\n\t\t\t\t\t\t\t\t\t<\/li>\n\t\t\t\t\t\t<\/ul>\n\t\t\t\t\t\t<\/div>\n\t\t\t\t<\/div>\n\t\t<div class=\"elementor-element elementor-element-7cc8ee7 e-con-full e-flex e-con e-child\" data-id=\"7cc8ee7\" data-element_type=\"container\" data-e-type=\"container\">\n\t\t\t\t<div class=\"elementor-element elementor-element-14d368d elementor-widget elementor-widget-heading\" data-id=\"14d368d\" data-element_type=\"widget\" data-e-type=\"widget\" data-widget_type=\"heading.default\">\n\t\t\t\t<div class=\"elementor-widget-container\">\n\t\t\t\t\t<h4 class=\"elementor-heading-title elementor-size-default\">Prisen inkluder ligeledes:\n\n<\/h4>\t\t\t\t<\/div>\n\t\t\t\t<\/div>\n\t\t\t\t<div class=\"elementor-element elementor-element-5d905a5 elementor-icon-list--layout-traditional elementor-list-item-link-full_width elementor-widget elementor-widget-icon-list\" data-id=\"5d905a5\" data-element_type=\"widget\" data-e-type=\"widget\" data-widget_type=\"icon-list.default\">\n\t\t\t\t<div class=\"elementor-widget-container\">\n\t\t\t\t\t\t\t<ul class=\"elementor-icon-list-items\">\n\t\t\t\t\t\t\t<li class=\"elementor-icon-list-item\">\n\t\t\t\t\t\t\t\t\t\t<span class=\"elementor-icon-list-text\">- Tjenere &amp; kokke<\/span>\n\t\t\t\t\t\t\t\t\t<\/li>\n\t\t\t\t\t\t\t\t<li class=\"elementor-icon-list-item\">\n\t\t\t\t\t\t\t\t\t\t<span class=\"elementor-icon-list-text\">- Duge &amp; servietter<\/span>\n\t\t\t\t\t\t\t\t\t<\/li>\n\t\t\t\t\t\t\t\t<li class=\"elementor-icon-list-item\">\n\t\t\t\t\t\t\t\t\t\t<span class=\"elementor-icon-list-text\">- Opd\u00e6kning af lokalet<\/span>\n\t\t\t\t\t\t\t\t\t<\/li>\n\t\t\t\t\t\t\t\t<li class=\"elementor-icon-list-item\">\n\t\t\t\t\t\t\t\t\t\t<span class=\"elementor-icon-list-text\">- Borde, stole &amp; service<\/span>\n\t\t\t\t\t\t\t\t\t<\/li>\n\t\t\t\t\t\t\t\t<li class=\"elementor-icon-list-item\">\n\t\t\t\t\t\t\t\t\t\t<span class=\"elementor-icon-list-text\">- Slutreng\u00f8ring (*)<\/span>\n\t\t\t\t\t\t\t\t\t<\/li>\n\t\t\t\t\t\t\t\t<li class=\"elementor-icon-list-item\">\n\t\t\t\t\t\t\t\t\t\t<span class=\"elementor-icon-list-text\">- Leje af hallerne (*)<\/span>\n\t\t\t\t\t\t\t\t\t<\/li>\n\t\t\t\t\t\t\t\t<li class=\"elementor-icon-list-item\">\n\t\t\t\t\t\t\t\t\t\t<span class=\"elementor-icon-list-text\">- Tilladelse ved brandmyndighederne (*)<\/span>\n\t\t\t\t\t\t\t\t\t<\/li>\n\t\t\t\t\t\t<\/ul>\n\t\t\t\t\t\t<\/div>\n\t\t\t\t<\/div>\n\t\t\t\t<div class=\"elementor-element elementor-element-c723204 elementor-widget elementor-widget-text-editor\" data-id=\"c723204\" data-element_type=\"widget\" data-e-type=\"widget\" data-widget_type=\"text-editor.default\">\n\t\t\t\t<div class=\"elementor-widget-container\">\n\t\t\t\t\t\t\t\t\t(*) Obligatorisk fra udlejer\n\n\t\t\t\t\t\t\t\t<\/div>\n\t\t\t\t<\/div>\n\t\t\t\t<\/div>\n\t\t<div class=\"elementor-element elementor-element-f8afc1f e-con-full e-flex e-con e-child\" data-id=\"f8afc1f\" data-element_type=\"container\" data-e-type=\"container\">\n\t\t\t\t<div class=\"elementor-element elementor-element-71b4c04 elementor-widget elementor-widget-heading\" data-id=\"71b4c04\" data-element_type=\"widget\" data-e-type=\"widget\" data-widget_type=\"heading.default\">\n\t\t\t\t<div class=\"elementor-widget-container\">\n\t\t\t\t\t<h4 class=\"elementor-heading-title elementor-size-default\">Pris pr. person DKK 996,-\n<\/h4>\t\t\t\t<\/div>\n\t\t\t\t<\/div>\n\t\t\t\t<div class=\"elementor-element elementor-element-9f9c082 elementor-icon-list--layout-traditional elementor-list-item-link-full_width elementor-widget elementor-widget-icon-list\" data-id=\"9f9c082\" data-element_type=\"widget\" data-e-type=\"widget\" data-widget_type=\"icon-list.default\">\n\t\t\t\t<div class=\"elementor-widget-container\">\n\t\t\t\t\t\t\t<ul class=\"elementor-icon-list-items\">\n\t\t\t\t\t\t\t<li class=\"elementor-icon-list-item\">\n\t\t\t\t\t\t\t\t\t\t<span class=\"elementor-icon-list-text\">For mellem 100 og 200 kuverter<\/span>\n\t\t\t\t\t\t\t\t\t<\/li>\n\t\t\t\t\t\t\t\t<li class=\"elementor-icon-list-item\">\n\t\t\t\t\t\t\t\t\t\t<span class=\"elementor-icon-list-text\">(ved over 200 kuverter reduktion i pris. Ved f\u00e6rre end 100 kuverter, kontakt os)<\/span>\n\t\t\t\t\t\t\t\t\t<\/li>\n\t\t\t\t\t\t<\/ul>\n\t\t\t\t\t\t<\/div>\n\t\t\t\t<\/div>\n\t\t\t\t<div class=\"elementor-element elementor-element-c17e845 elementor-widget elementor-widget-text-editor\" data-id=\"c17e845\" data-element_type=\"widget\" data-e-type=\"widget\" data-widget_type=\"text-editor.default\">\n\t\t\t\t<div class=\"elementor-widget-container\">\n\t\t\t\t\t\t\t\t\tAlle priser er ekskl. moms.\n\n\t\t\t\t\t\t\t\t<\/div>\n\t\t\t\t<\/div>\n\t\t\t\t<\/div>\n\t\t\t\t<div class=\"elementor-element elementor-element-bcc3a95 elementor-mobile-align-justify elementor-widget elementor-widget-button\" data-id=\"bcc3a95\" data-element_type=\"widget\" data-e-type=\"widget\" data-widget_type=\"button.default\">\n\t\t\t\t<div class=\"elementor-widget-container\">\n\t\t\t\t\t\t\t\t\t<div class=\"elementor-button-wrapper\">\n\t\t\t\t\t<a class=\"elementor-button elementor-button-link elementor-size-sm\" href=\"#elementor-action%3Aaction%3Dpopup%3Aopen%26settings%3DeyJpZCI6IjQyMzEiLCJ0b2dnbGUiOmZhbHNlfQ%3D%3D\">\n\t\t\t\t\t\t<span class=\"elementor-button-content-wrapper\">\n\t\t\t\t\t\t\t\t\t<span class=\"elementor-button-text\">Foresp\u00f8rg p\u00e5 arrangement<\/span>\n\t\t\t\t\t<\/span>\n\t\t\t\t\t<\/a>\n\t\t\t\t<\/div>\n\t\t\t\t\t\t\t\t<\/div>\n\t\t\t\t<\/div>\n\t\t\t\t<\/div>\n\t\t\t\t<\/div>\n\t\t\t\t\t<\/div>\n\t\t\t\t<\/div>\n\t\t<div class=\"elementor-element elementor-element-2eefaba e-flex e-con-boxed e-con e-parent\" data-id=\"2eefaba\" data-element_type=\"container\" data-e-type=\"container\">\n\t\t\t\t\t<div class=\"e-con-inner\">\n\t\t<div class=\"elementor-element elementor-element-941c55a e-con-full e-flex e-con e-child\" data-id=\"941c55a\" data-element_type=\"container\" data-e-type=\"container\">\n\t\t\t\t<div class=\"elementor-element elementor-element-7f3b32a elementor-widget elementor-widget-heading\" data-id=\"7f3b32a\" data-element_type=\"widget\" data-e-type=\"widget\" data-widget_type=\"heading.default\">\n\t\t\t\t<div class=\"elementor-widget-container\">\n\t\t\t\t\t<h2 class=\"elementor-heading-title elementor-size-default\">Hvad f\u00f8lger med til eventet?<\/h2>\t\t\t\t<\/div>\n\t\t\t\t<\/div>\n\t\t<div class=\"elementor-element elementor-element-8d8d99b e-con-full e-flex e-con e-child\" data-id=\"8d8d99b\" data-element_type=\"container\" data-e-type=\"container\">\n\t\t\t\t<div class=\"elementor-element elementor-element-6f8386c elementor-widget__width-initial elementor-widget elementor-widget-text-editor\" data-id=\"6f8386c\" data-element_type=\"widget\" data-e-type=\"widget\" data-widget_type=\"text-editor.default\">\n\t\t\t\t<div class=\"elementor-widget-container\">\n\t\t\t\t\t\t\t\t\t<p>3 retters menu inklusiv kokke alt andet s\u00f8rger I selv for<br \/>pris pr. person<strong> DKK 356,-<\/strong><\/p>\t\t\t\t\t\t\t\t<\/div>\n\t\t\t\t<\/div>\n\t\t\t\t<div class=\"elementor-element elementor-element-6ca8428 elementor-widget__width-initial elementor-widget elementor-widget-text-editor\" data-id=\"6ca8428\" data-element_type=\"widget\" data-e-type=\"widget\" data-widget_type=\"text-editor.default\">\n\t\t\t\t<div class=\"elementor-widget-container\">\n\t\t\t\t\t\t\t\t\t<p>Mellem 100-200 kuverter<\/p><p>Ved over 200 kuverter reduktion i pris<\/p><p>Ved under 200 kuverter kontakt os for en pris<\/p>\t\t\t\t\t\t\t\t<\/div>\n\t\t\t\t<\/div>\n\t\t\t\t<\/div>\n\t\t\t\t<\/div>\n\t\t<div class=\"elementor-element elementor-element-09042fc e-con-full e-flex e-con e-child\" data-id=\"09042fc\" data-element_type=\"container\" data-e-type=\"container\" data-settings=\"{&quot;background_background&quot;:&quot;classic&quot;}\">\n\t\t\t\t<\/div>\n\t\t\t\t\t<\/div>\n\t\t\t\t<\/div>\n\t\t\t\t<\/div>\n\t\t","protected":false},"excerpt":{"rendered":"<p>Event i Rundbuehallen p\u00e5 Frederiks\u00f8en i Svendborg Hold jeres n\u00e6ste m\u00f8de, firmafest eller event v\u00e6re i en r\u00e5 industriel v\u00e6rftshal med masser af atmosf\u00e6re og kun 3 meter fra havnekajen i Svendborg p\u00e5 Sydfyn. L\u00e6s mere Event i Rundbuehallen Eksempel p\u00e5 event alt inklusiv: &#8211; Velkomstdrink &#8211; 3 retters menu &#8211; Vine ad libitum til [&hellip;]<\/p>\n","protected":false},"author":2,"featured_media":0,"parent":0,"menu_order":0,"comment_status":"closed","ping_status":"closed","template":"","meta":{"_acf_changed":false,"footnotes":""},"class_list":["post-4264","page","type-page","status-publish","hentry"],"acf":[],"yoast_head":"<!-- This site is optimized with the Yoast SEO plugin v27.5 - https:\/\/yoast.com\/product\/yoast-seo-wordpress\/ -->\n<title>Event i Rundbuehallerne i Svendborg | Hotel Svendborg<\/title>\n<meta name=\"description\" content=\"Afhold jeres n\u00e6ste m\u00f8de, firmafest eller andet arrangement p\u00e5 havnen i Svendborg. Vi s\u00f8rger for det hele, s\u00e5 du kan nyde festen. Se mere her.\" \/>\n<meta name=\"robots\" content=\"index, follow, max-snippet:-1, max-image-preview:large, max-video-preview:-1\" \/>\n<link rel=\"canonical\" href=\"https:\/\/hotelsvendborg.dk\/en\/event-round-arch-hall\/\" \/>\n<meta property=\"og:locale\" content=\"en_GB\" \/>\n<meta property=\"og:type\" content=\"article\" \/>\n<meta property=\"og:title\" content=\"Event i Rundbuehallerne i Svendborg | Hotel Svendborg\" \/>\n<meta property=\"og:description\" content=\"Afhold jeres n\u00e6ste m\u00f8de, firmafest eller andet arrangement p\u00e5 havnen i Svendborg. Vi s\u00f8rger for det hele, s\u00e5 du kan nyde festen. Se mere her.\" \/>\n<meta property=\"og:url\" content=\"https:\/\/hotelsvendborg.dk\/en\/event-round-arch-hall\/\" \/>\n<meta property=\"og:site_name\" content=\"Hotel Svendborg\" \/>\n<meta property=\"article:modified_time\" content=\"2025-12-09T15:13:12+00:00\" \/>\n<meta name=\"twitter:card\" content=\"summary_large_image\" \/>\n<meta name=\"twitter:label1\" content=\"Estimated reading time\" \/>\n\t<meta name=\"twitter:data1\" content=\"1 minute\" \/>\n<script type=\"application\/ld+json\" class=\"yoast-schema-graph\">{\"@context\":\"https:\\\/\\\/schema.org\",\"@graph\":[{\"@type\":\"WebPage\",\"@id\":\"https:\\\/\\\/hotelsvendborg.dk\\\/event-rundbuehallen\\\/\",\"url\":\"https:\\\/\\\/hotelsvendborg.dk\\\/event-rundbuehallen\\\/\",\"name\":\"Event i Rundbuehallerne i Svendborg | Hotel Svendborg\",\"isPartOf\":{\"@id\":\"https:\\\/\\\/hotelsvendborg.dk\\\/#website\"},\"datePublished\":\"2025-10-29T10:48:07+00:00\",\"dateModified\":\"2025-12-09T15:13:12+00:00\",\"description\":\"Afhold jeres n\u00e6ste m\u00f8de, firmafest eller andet arrangement p\u00e5 havnen i Svendborg. Vi s\u00f8rger for det hele, s\u00e5 du kan nyde festen. Se mere her.\",\"breadcrumb\":{\"@id\":\"https:\\\/\\\/hotelsvendborg.dk\\\/event-rundbuehallen\\\/#breadcrumb\"},\"inLanguage\":\"en-GB\",\"potentialAction\":[{\"@type\":\"ReadAction\",\"target\":[\"https:\\\/\\\/hotelsvendborg.dk\\\/event-rundbuehallen\\\/\"]}]},{\"@type\":\"BreadcrumbList\",\"@id\":\"https:\\\/\\\/hotelsvendborg.dk\\\/event-rundbuehallen\\\/#breadcrumb\",\"itemListElement\":[{\"@type\":\"ListItem\",\"position\":1,\"name\":\"Home\",\"item\":\"https:\\\/\\\/hotelsvendborg.dk\\\/\"},{\"@type\":\"ListItem\",\"position\":2,\"name\":\"Event Rundbuehallen\"}]},{\"@type\":\"WebSite\",\"@id\":\"https:\\\/\\\/hotelsvendborg.dk\\\/#website\",\"url\":\"https:\\\/\\\/hotelsvendborg.dk\\\/\",\"name\":\"Hotel Svendborg\",\"description\":\"\",\"publisher\":{\"@id\":\"https:\\\/\\\/hotelsvendborg.dk\\\/#organization\"},\"potentialAction\":[{\"@type\":\"SearchAction\",\"target\":{\"@type\":\"EntryPoint\",\"urlTemplate\":\"https:\\\/\\\/hotelsvendborg.dk\\\/?s={search_term_string}\"},\"query-input\":{\"@type\":\"PropertyValueSpecification\",\"valueRequired\":true,\"valueName\":\"search_term_string\"}}],\"inLanguage\":\"en-GB\"},{\"@type\":\"Organization\",\"@id\":\"https:\\\/\\\/hotelsvendborg.dk\\\/#organization\",\"name\":\"Hotel Svendborg\",\"url\":\"https:\\\/\\\/hotelsvendborg.dk\\\/\",\"logo\":{\"@type\":\"ImageObject\",\"inLanguage\":\"en-GB\",\"@id\":\"https:\\\/\\\/hotelsvendborg.dk\\\/#\\\/schema\\\/logo\\\/image\\\/\",\"url\":\"https:\\\/\\\/hotelsvendborg.dk\\\/wp-content\\\/uploads\\\/2024\\\/10\\\/hotel-svendborg.svg\",\"contentUrl\":\"https:\\\/\\\/hotelsvendborg.dk\\\/wp-content\\\/uploads\\\/2024\\\/10\\\/hotel-svendborg.svg\",\"width\":257,\"height\":55,\"caption\":\"Hotel Svendborg\"},\"image\":{\"@id\":\"https:\\\/\\\/hotelsvendborg.dk\\\/#\\\/schema\\\/logo\\\/image\\\/\"}}]}<\/script>\n<!-- \/ Yoast SEO plugin. -->","yoast_head_json":{"title":"Event in the Round Arch Halls in Svendborg | Hotel Svendborg","description":"Hold your next meeting, company party or other event at the harbor in Svendborg. We&#039;ll take care of everything so you can enjoy the party. See more here.","robots":{"index":"index","follow":"follow","max-snippet":"max-snippet:-1","max-image-preview":"max-image-preview:large","max-video-preview":"max-video-preview:-1"},"canonical":"https:\/\/hotelsvendborg.dk\/en\/event-round-arch-hall\/","og_locale":"en_GB","og_type":"article","og_title":"Event i Rundbuehallerne i Svendborg | Hotel Svendborg","og_description":"Afhold jeres n\u00e6ste m\u00f8de, firmafest eller andet arrangement p\u00e5 havnen i Svendborg. Vi s\u00f8rger for det hele, s\u00e5 du kan nyde festen. Se mere her.","og_url":"https:\/\/hotelsvendborg.dk\/en\/event-round-arch-hall\/","og_site_name":"Hotel Svendborg","article_modified_time":"2025-12-09T15:13:12+00:00","twitter_card":"summary_large_image","twitter_misc":{"Estimated reading time":"1 minute"},"schema":{"@context":"https:\/\/schema.org","@graph":[{"@type":"WebPage","@id":"https:\/\/hotelsvendborg.dk\/event-rundbuehallen\/","url":"https:\/\/hotelsvendborg.dk\/event-rundbuehallen\/","name":"Event in the Round Arch Halls in Svendborg | Hotel Svendborg","isPartOf":{"@id":"https:\/\/hotelsvendborg.dk\/#website"},"datePublished":"2025-10-29T10:48:07+00:00","dateModified":"2025-12-09T15:13:12+00:00","description":"Hold your next meeting, company party or other event at the harbor in Svendborg. We&#039;ll take care of everything so you can enjoy the party. See more here.","breadcrumb":{"@id":"https:\/\/hotelsvendborg.dk\/event-rundbuehallen\/#breadcrumb"},"inLanguage":"en-GB","potentialAction":[{"@type":"ReadAction","target":["https:\/\/hotelsvendborg.dk\/event-rundbuehallen\/"]}]},{"@type":"BreadcrumbList","@id":"https:\/\/hotelsvendborg.dk\/event-rundbuehallen\/#breadcrumb","itemListElement":[{"@type":"ListItem","position":1,"name":"Home","item":"https:\/\/hotelsvendborg.dk\/"},{"@type":"ListItem","position":2,"name":"Event Rundbuehallen"}]},{"@type":"WebSite","@id":"https:\/\/hotelsvendborg.dk\/#website","url":"https:\/\/hotelsvendborg.dk\/","name":"Hotel Svendborg","description":"","publisher":{"@id":"https:\/\/hotelsvendborg.dk\/#organization"},"potentialAction":[{"@type":"SearchAction","target":{"@type":"EntryPoint","urlTemplate":"https:\/\/hotelsvendborg.dk\/?s={search_term_string}"},"query-input":{"@type":"PropertyValueSpecification","valueRequired":true,"valueName":"search_term_string"}}],"inLanguage":"en-GB"},{"@type":"Organization","@id":"https:\/\/hotelsvendborg.dk\/#organization","name":"Hotel Svendborg","url":"https:\/\/hotelsvendborg.dk\/","logo":{"@type":"ImageObject","inLanguage":"en-GB","@id":"https:\/\/hotelsvendborg.dk\/#\/schema\/logo\/image\/","url":"https:\/\/hotelsvendborg.dk\/wp-content\/uploads\/2024\/10\/hotel-svendborg.svg","contentUrl":"https:\/\/hotelsvendborg.dk\/wp-content\/uploads\/2024\/10\/hotel-svendborg.svg","width":257,"height":55,"caption":"Hotel Svendborg"},"image":{"@id":"https:\/\/hotelsvendborg.dk\/#\/schema\/logo\/image\/"}}]}},"_links":{"self":[{"href":"https:\/\/hotelsvendborg.dk\/en\/wp-json\/wp\/v2\/pages\/4264","targetHints":{"allow":["GET"]}}],"collection":[{"href":"https:\/\/hotelsvendborg.dk\/en\/wp-json\/wp\/v2\/pages"}],"about":[{"href":"https:\/\/hotelsvendborg.dk\/en\/wp-json\/wp\/v2\/types\/page"}],"author":[{"embeddable":true,"href":"https:\/\/hotelsvendborg.dk\/en\/wp-json\/wp\/v2\/users\/2"}],"replies":[{"embeddable":true,"href":"https:\/\/hotelsvendborg.dk\/en\/wp-json\/wp\/v2\/comments?post=4264"}],"version-history":[{"count":31,"href":"https:\/\/hotelsvendborg.dk\/en\/wp-json\/wp\/v2\/pages\/4264\/revisions"}],"predecessor-version":[{"id":5943,"href":"https:\/\/hotelsvendborg.dk\/en\/wp-json\/wp\/v2\/pages\/4264\/revisions\/5943"}],"wp:attachment":[{"href":"https:\/\/hotelsvendborg.dk\/en\/wp-json\/wp\/v2\/media?parent=4264"}],"curies":[{"name":"wp","href":"https:\/\/api.w.org\/{rel}","templated":true}]}}