{"id":4222,"date":"2025-10-29T11:12:56","date_gmt":"2025-10-29T10:12:56","guid":{"rendered":"https:\/\/hotelsvendborg.dk\/?page_id=4222"},"modified":"2026-04-30T10:50:34","modified_gmt":"2026-04-30T08:50:34","slug":"company-card","status":"publish","type":"page","link":"https:\/\/hotelsvendborg.dk\/en\/selskabskort\/","title":{"rendered":"Parties"},"content":{"rendered":"\t\t<div data-elementor-type=\"wp-page\" data-elementor-id=\"4222\" class=\"elementor elementor-4222\" data-elementor-post-type=\"page\">\n\t\t\t\t<div class=\"elementor-element elementor-element-a4de8fe e-con-full e-flex e-con e-parent\" data-id=\"a4de8fe\" data-element_type=\"container\" data-e-type=\"container\" data-settings=\"{&quot;background_background&quot;:&quot;classic&quot;}\">\n\t\t\t\t<div class=\"elementor-element elementor-element-c22bc29 elementor-widget elementor-widget-heading\" data-id=\"c22bc29\" data-element_type=\"widget\" data-e-type=\"widget\" data-widget_type=\"heading.default\">\n\t\t\t\t<div class=\"elementor-widget-container\">\n\t\t\t\t\t<h1 class=\"elementor-heading-title elementor-size-default\">Selskaber\n<\/h1>\t\t\t\t<\/div>\n\t\t\t\t<\/div>\n\t\t\t\t<div class=\"elementor-element elementor-element-84fec3c elementor-widget__width-initial elementor-widget elementor-widget-text-editor\" data-id=\"84fec3c\" data-element_type=\"widget\" data-e-type=\"widget\" data-widget_type=\"text-editor.default\">\n\t\t\t\t<div class=\"elementor-widget-container\">\n\t\t\t\t\t\t\t\t\tInvit\u00e9r til fest og overlad resten til Hotel Svendborg\n\t\t\t\t\t\t\t\t<\/div>\n\t\t\t\t<\/div>\n\t\t\t\t<div class=\"elementor-element elementor-element-168408a btn-slide elementor-mobile-align-justify elementor-widget-mobile__width-inherit elementor-widget elementor-widget-button\" data-id=\"168408a\" data-element_type=\"widget\" data-e-type=\"widget\" data-widget_type=\"button.default\">\n\t\t\t\t<div class=\"elementor-widget-container\">\n\t\t\t\t\t\t\t\t\t<div class=\"elementor-button-wrapper\">\n\t\t\t\t\t<a class=\"elementor-button elementor-button-link elementor-size-sm\" href=\"#mere\">\n\t\t\t\t\t\t<span class=\"elementor-button-content-wrapper\">\n\t\t\t\t\t\t\t\t\t<span class=\"elementor-button-text\">L\u00e6s mere<\/span>\n\t\t\t\t\t<\/span>\n\t\t\t\t\t<\/a>\n\t\t\t\t<\/div>\n\t\t\t\t\t\t\t\t<\/div>\n\t\t\t\t<\/div>\n\t\t\t\t<\/div>\n\t\t<div class=\"elementor-element elementor-element-4f8553b2 e-flex e-con-boxed e-con e-parent\" data-id=\"4f8553b2\" data-element_type=\"container\" data-e-type=\"container\" id=\"mere\">\n\t\t\t\t\t<div class=\"e-con-inner\">\n\t\t<div class=\"elementor-element elementor-element-2305b5d4 e-con-full e-flex e-con e-child\" data-id=\"2305b5d4\" data-element_type=\"container\" data-e-type=\"container\" data-settings=\"{&quot;background_background&quot;:&quot;classic&quot;}\">\n\t\t<div class=\"elementor-element elementor-element-524c3b3f e-con-full e-flex e-con e-child\" data-id=\"524c3b3f\" data-element_type=\"container\" data-e-type=\"container\" data-settings=\"{&quot;background_background&quot;:&quot;slideshow&quot;,&quot;background_slideshow_gallery&quot;:[{&quot;id&quot;:4224,&quot;url&quot;:&quot;https:\\\/\\\/hotelsvendborg.dk\\\/wp-content\\\/uploads\\\/2025\\\/10\\\/selskabslokaler-egeskov-hotel-svendborg-02-683x1024-1.jpg&quot;}],&quot;background_slideshow_loop&quot;:&quot;yes&quot;,&quot;background_slideshow_slide_duration&quot;:5000,&quot;background_slideshow_slide_transition&quot;:&quot;fade&quot;,&quot;background_slideshow_transition_duration&quot;:500}\">\n\t\t\t\t<\/div>\n\t\t<div class=\"elementor-element elementor-element-7f0037e2 e-con-full e-flex e-con e-child\" data-id=\"7f0037e2\" data-element_type=\"container\" data-e-type=\"container\">\n\t\t\t\t<div class=\"elementor-element elementor-element-5f50e67 elementor-widget elementor-widget-heading\" data-id=\"5f50e67\" data-element_type=\"widget\" data-e-type=\"widget\" data-widget_type=\"heading.default\">\n\t\t\t\t<div class=\"elementor-widget-container\">\n\t\t\t\t\t<p class=\"elementor-heading-title elementor-size-default\">Selskaber<\/p>\t\t\t\t<\/div>\n\t\t\t\t<\/div>\n\t\t\t\t<div class=\"elementor-element elementor-element-4606194 elementor-widget elementor-widget-heading\" data-id=\"4606194\" data-element_type=\"widget\" data-e-type=\"widget\" data-widget_type=\"heading.default\">\n\t\t\t\t<div class=\"elementor-widget-container\">\n\t\t\t\t\t<h2 class=\"elementor-heading-title elementor-size-default\">Vi g\u00f8r din fest til noget helt s\u00e6rligt\n<\/h2>\t\t\t\t<\/div>\n\t\t\t\t<\/div>\n\t\t\t\t<div class=\"elementor-element elementor-element-32b79831 elementor-widget elementor-widget-text-editor\" data-id=\"32b79831\" data-element_type=\"widget\" data-e-type=\"widget\" data-widget_type=\"text-editor.default\">\n\t\t\t\t<div class=\"elementor-widget-container\">\n\t\t\t\t\t\t\t\t\tHotel Svendborg er kendt for dets mange selskabsarrangementer og fester \u2013 lige fra mindre forretningsmiddage og selskaber til store firmafester, bryllupper, konfirmationer og jubil\u00e6er. I tilbuddet f\u00e5r du:\n\n\t\t\t\t\t\t\t\t<\/div>\n\t\t\t\t<\/div>\n\t\t\t\t<div class=\"elementor-element elementor-element-8a7b3a6 elementor-icon-list--layout-traditional elementor-list-item-link-full_width elementor-widget elementor-widget-icon-list\" data-id=\"8a7b3a6\" data-element_type=\"widget\" data-e-type=\"widget\" data-widget_type=\"icon-list.default\">\n\t\t\t\t<div class=\"elementor-widget-container\">\n\t\t\t\t\t\t\t<ul class=\"elementor-icon-list-items\">\n\t\t\t\t\t\t\t<li class=\"elementor-icon-list-item\">\n\t\t\t\t\t\t\t\t\t\t<span class=\"elementor-icon-list-text\">\u2013  Velkomstdrink<\/span>\n\t\t\t\t\t\t\t\t\t<\/li>\n\t\t\t\t\t\t\t\t<li class=\"elementor-icon-list-item\">\n\t\t\t\t\t\t\t\t\t\t<span class=\"elementor-icon-list-text\">\u2013  3-retters menu<\/span>\n\t\t\t\t\t\t\t\t\t<\/li>\n\t\t\t\t\t\t\t\t<li class=\"elementor-icon-list-item\">\n\t\t\t\t\t\t\t\t\t\t<span class=\"elementor-icon-list-text\">\u2013  Vin ad libitum<\/span>\n\t\t\t\t\t\t\t\t\t<\/li>\n\t\t\t\t\t\t\t\t<li class=\"elementor-icon-list-item\">\n\t\t\t\t\t\t\t\t\t\t<span class=\"elementor-icon-list-text\">\u2013  Kaffe\/te <\/span>\n\t\t\t\t\t\t\t\t\t<\/li>\n\t\t\t\t\t\t<\/ul>\n\t\t\t\t\t\t<\/div>\n\t\t\t\t<\/div>\n\t\t\t\t<div class=\"elementor-element elementor-element-da5d946 elementor-widget elementor-widget-text-editor\" data-id=\"da5d946\" data-element_type=\"widget\" data-e-type=\"widget\" data-widget_type=\"text-editor.default\">\n\t\t\t\t<div class=\"elementor-widget-container\">\n\t\t\t\t\t\t\t\t\t<p>Pris pr. kuvert DKK 850,-<\/p><p>Det er naturligvis muligt at sammens\u00e6tte et arrangement helt efter jeres egne behov og \u00f8nsker. Ved st\u00f8rre private selskaber, tilbyder vi v\u00e6rtsparret gratis overnatning i dobbeltv\u00e6relse.<\/p>\t\t\t\t\t\t\t\t<\/div>\n\t\t\t\t<\/div>\n\t\t<div class=\"elementor-element elementor-element-1d424ff e-con-full e-flex e-con e-child\" data-id=\"1d424ff\" data-element_type=\"container\" data-e-type=\"container\">\n\t\t\t\t<div class=\"elementor-element elementor-element-c71ea42 elementor-mobile-align-justify elementor-widget-mobile__width-inherit btn-slide elementor-widget elementor-widget-button\" data-id=\"c71ea42\" data-element_type=\"widget\" data-e-type=\"widget\" data-widget_type=\"button.default\">\n\t\t\t\t<div class=\"elementor-widget-container\">\n\t\t\t\t\t\t\t\t\t<div class=\"elementor-button-wrapper\">\n\t\t\t\t\t<a class=\"elementor-button elementor-button-link elementor-size-sm\" href=\"https:\/\/hotelsvendborg.dk\/wp-content\/uploads\/2026\/04\/Selskabskort-april-2026.pdf\" target=\"_blank\">\n\t\t\t\t\t\t<span class=\"elementor-button-content-wrapper\">\n\t\t\t\t\t\t\t\t\t<span class=\"elementor-button-text\">Download Selskabskort<\/span>\n\t\t\t\t\t<\/span>\n\t\t\t\t\t<\/a>\n\t\t\t\t<\/div>\n\t\t\t\t\t\t\t\t<\/div>\n\t\t\t\t<\/div>\n\t\t\t\t<div class=\"elementor-element elementor-element-a889ac6 elementor-mobile-align-justify elementor-widget-mobile__width-inherit btn-slide elementor-widget elementor-widget-button\" data-id=\"a889ac6\" data-element_type=\"widget\" data-e-type=\"widget\" data-widget_type=\"button.default\">\n\t\t\t\t<div class=\"elementor-widget-container\">\n\t\t\t\t\t\t\t\t\t<div class=\"elementor-button-wrapper\">\n\t\t\t\t\t<a class=\"elementor-button elementor-button-link elementor-size-sm\" href=\"https:\/\/hotelsvendborg.dk\/wp-content\/uploads\/2026\/01\/Street-food-konceptNy-pris.pdf\" target=\"_blank\">\n\t\t\t\t\t\t<span class=\"elementor-button-content-wrapper\">\n\t\t\t\t\t\t\t\t\t<span class=\"elementor-button-text\">Download Street Food<\/span>\n\t\t\t\t\t<\/span>\n\t\t\t\t\t<\/a>\n\t\t\t\t<\/div>\n\t\t\t\t\t\t\t\t<\/div>\n\t\t\t\t<\/div>\n\t\t\t\t<\/div>\n\t\t\t\t<div class=\"elementor-element elementor-element-e7ba278 elementor-mobile-align-justify elementor-widget elementor-widget-button\" data-id=\"e7ba278\" data-element_type=\"widget\" data-e-type=\"widget\" data-widget_type=\"button.default\">\n\t\t\t\t<div class=\"elementor-widget-container\">\n\t\t\t\t\t\t\t\t\t<div class=\"elementor-button-wrapper\">\n\t\t\t\t\t<a class=\"elementor-button elementor-button-link elementor-size-sm\" href=\"https:\/\/hotelsvendborg.dk\/kontakt\/\">\n\t\t\t\t\t\t<span class=\"elementor-button-content-wrapper\">\n\t\t\t\t\t\t\t\t\t<span class=\"elementor-button-text\">Kontakt os<\/span>\n\t\t\t\t\t<\/span>\n\t\t\t\t\t<\/a>\n\t\t\t\t<\/div>\n\t\t\t\t\t\t\t\t<\/div>\n\t\t\t\t<\/div>\n\t\t\t\t<\/div>\n\t\t\t\t<\/div>\n\t\t\t\t\t<\/div>\n\t\t\t\t<\/div>\n\t\t<div class=\"elementor-element elementor-element-8250a75 e-flex e-con-boxed e-con e-parent\" data-id=\"8250a75\" data-element_type=\"container\" data-e-type=\"container\" data-settings=\"{&quot;background_background&quot;:&quot;classic&quot;}\">\n\t\t\t\t\t<div class=\"e-con-inner\">\n\t\t<div class=\"elementor-element elementor-element-62eb15a e-con-full e-flex e-con e-child\" data-id=\"62eb15a\" data-element_type=\"container\" data-e-type=\"container\" data-settings=\"{&quot;background_background&quot;:&quot;classic&quot;}\">\n\t\t\t\t<div class=\"elementor-element elementor-element-2913a76 elementor-widget elementor-widget-heading\" data-id=\"2913a76\" data-element_type=\"widget\" data-e-type=\"widget\" data-widget_type=\"heading.default\">\n\t\t\t\t<div class=\"elementor-widget-container\">\n\t\t\t\t\t<h2 class=\"elementor-heading-title elementor-size-default\">Hold din fest i <br>maritime rammer<\/h2>\t\t\t\t<\/div>\n\t\t\t\t<\/div>\n\t\t<div class=\"elementor-element elementor-element-b17cf00 e-con-full e-flex e-con e-child\" data-id=\"b17cf00\" data-element_type=\"container\" data-e-type=\"container\">\n\t\t\t\t<div class=\"elementor-element elementor-element-3dcd29d elementor-widget__width-initial elementor-widget elementor-widget-text-editor\" data-id=\"3dcd29d\" data-element_type=\"widget\" data-e-type=\"widget\" data-widget_type=\"text-editor.default\">\n\t\t\t\t<div class=\"elementor-widget-container\">\n\t\t\t\t\t\t\t\t\t<p>\u00d8nsker I en anderledes lokation, og \u00f8nsker I at v\u00e6re t\u00e6ttere p\u00e5 vandet, skal I holde jeres fest i Det Maritime Pakhus. Med plads til 150 mennesker udg\u00f8r disse smukke rammer den fantastiske lokation for den store fest.<\/p><p>Vi planl\u00e6gger sammen med jer, hvordan I f\u00e5r den bedste fest med alt fra bordopstilling til pynt og menu.<\/p>\t\t\t\t\t\t\t\t<\/div>\n\t\t\t\t<\/div>\n\t\t\t\t<div class=\"elementor-element elementor-element-de84d07 elementor-mobile-align-justify elementor-widget elementor-widget-button\" data-id=\"de84d07\" data-element_type=\"widget\" data-e-type=\"widget\" data-widget_type=\"button.default\">\n\t\t\t\t<div class=\"elementor-widget-container\">\n\t\t\t\t\t\t\t\t\t<div class=\"elementor-button-wrapper\">\n\t\t\t\t\t<a class=\"elementor-button elementor-button-link elementor-size-sm\" href=\"https:\/\/hotelsvendborg.dk\/event-maritimt-center\/\">\n\t\t\t\t\t\t<span class=\"elementor-button-content-wrapper\">\n\t\t\t\t\t\t\t\t\t<span class=\"elementor-button-text\">L\u00e6s om Det Maritime Pakhus <\/span>\n\t\t\t\t\t<\/span>\n\t\t\t\t\t<\/a>\n\t\t\t\t<\/div>\n\t\t\t\t\t\t\t\t<\/div>\n\t\t\t\t<\/div>\n\t\t\t\t<\/div>\n\t\t\t\t<\/div>\n\t\t\t\t\t<\/div>\n\t\t\t\t<\/div>\n\t\t\t\t<\/div>\n\t\t","protected":false},"excerpt":{"rendered":"<p>Selskaber Invit\u00e9r til fest og overlad resten til Hotel Svendborg L\u00e6s mere Selskaber Vi g\u00f8r din fest til noget helt s\u00e6rligt Hotel Svendborg er kendt for dets mange selskabsarrangementer og fester \u2013 lige fra mindre forretningsmiddage og selskaber til store firmafester, bryllupper, konfirmationer og jubil\u00e6er. I tilbuddet f\u00e5r du: \u2013 Velkomstdrink \u2013 3-retters menu \u2013 [&hellip;]<\/p>\n","protected":false},"author":2,"featured_media":0,"parent":0,"menu_order":0,"comment_status":"closed","ping_status":"closed","template":"","meta":{"_acf_changed":false,"footnotes":""},"class_list":["post-4222","page","type-page","status-publish","hentry"],"acf":[],"yoast_head":"<!-- This site is optimized with the Yoast SEO plugin v27.5 - https:\/\/yoast.com\/product\/yoast-seo-wordpress\/ -->\n<title>Selskaber og fester | Restaurant Krinsen | Hotel Svendborg<\/title>\n<meta name=\"description\" content=\"Alt fra mindre forretningsmiddage og selskaber til store firmafester, bryllupper, konfirmationer og jubil\u00e6er. Invit\u00e9r til fest og overlad resten til os.\" \/>\n<meta name=\"robots\" content=\"index, follow, max-snippet:-1, max-image-preview:large, max-video-preview:-1\" \/>\n<link rel=\"canonical\" href=\"https:\/\/hotelsvendborg.dk\/en\/company-card\/\" \/>\n<meta property=\"og:locale\" content=\"en_GB\" \/>\n<meta property=\"og:type\" content=\"article\" \/>\n<meta property=\"og:title\" content=\"Selskaber og fester | Restaurant Krinsen | Hotel Svendborg\" \/>\n<meta property=\"og:description\" content=\"Alt fra mindre forretningsmiddage og selskaber til store firmafester, bryllupper, konfirmationer og jubil\u00e6er. Invit\u00e9r til fest og overlad resten til os.\" \/>\n<meta property=\"og:url\" content=\"https:\/\/hotelsvendborg.dk\/en\/company-card\/\" \/>\n<meta property=\"og:site_name\" content=\"Hotel Svendborg\" \/>\n<meta property=\"article:modified_time\" content=\"2026-04-30T08:50:34+00:00\" \/>\n<meta name=\"twitter:card\" content=\"summary_large_image\" \/>\n<meta name=\"twitter:label1\" content=\"Estimated reading time\" \/>\n\t<meta name=\"twitter:data1\" content=\"1 minute\" \/>\n<!-- \/ Yoast SEO plugin. -->","yoast_head_json":{"title":"Parties and celebrations | Restaurant Krinsen | Hotel Svendborg","description":"Everything from small business dinners and parties to large company parties, weddings, confirmations and anniversaries. Invite to the party and leave the rest to us.","robots":{"index":"index","follow":"follow","max-snippet":"max-snippet:-1","max-image-preview":"max-image-preview:large","max-video-preview":"max-video-preview:-1"},"canonical":"https:\/\/hotelsvendborg.dk\/en\/company-card\/","og_locale":"en_GB","og_type":"article","og_title":"Selskaber og fester | Restaurant Krinsen | Hotel Svendborg","og_description":"Alt fra mindre forretningsmiddage og selskaber til store firmafester, bryllupper, konfirmationer og jubil\u00e6er. Invit\u00e9r til fest og overlad resten til os.","og_url":"https:\/\/hotelsvendborg.dk\/en\/company-card\/","og_site_name":"Hotel Svendborg","article_modified_time":"2026-04-30T08:50:34+00:00","twitter_card":"summary_large_image","twitter_misc":{"Estimated reading time":"1 minute"},"schema":{"@context":"https:\/\/schema.org","@graph":[{"@type":"WebPage","@id":"https:\/\/hotelsvendborg.dk\/selskabskort\/","url":"https:\/\/hotelsvendborg.dk\/selskabskort\/","name":"Parties and celebrations | Restaurant Krinsen | Hotel Svendborg","isPartOf":{"@id":"https:\/\/hotelsvendborg.dk\/#website"},"datePublished":"2025-10-29T10:12:56+00:00","dateModified":"2026-04-30T08:50:34+00:00","description":"Everything from small business dinners and parties to large company parties, weddings, confirmations and anniversaries. Invite to the party and leave the rest to us.","breadcrumb":{"@id":"https:\/\/hotelsvendborg.dk\/selskabskort\/#breadcrumb"},"inLanguage":"en-GB","potentialAction":[{"@type":"ReadAction","target":["https:\/\/hotelsvendborg.dk\/selskabskort\/"]}]},{"@type":"BreadcrumbList","@id":"https:\/\/hotelsvendborg.dk\/selskabskort\/#breadcrumb","itemListElement":[{"@type":"ListItem","position":1,"name":"Home","item":"https:\/\/hotelsvendborg.dk\/"},{"@type":"ListItem","position":2,"name":"Selskabskort"}]},{"@type":"WebSite","@id":"https:\/\/hotelsvendborg.dk\/#website","url":"https:\/\/hotelsvendborg.dk\/","name":"Hotel Svendborg","description":"","publisher":{"@id":"https:\/\/hotelsvendborg.dk\/#organization"},"potentialAction":[{"@type":"SearchAction","target":{"@type":"EntryPoint","urlTemplate":"https:\/\/hotelsvendborg.dk\/?s={search_term_string}"},"query-input":{"@type":"PropertyValueSpecification","valueRequired":true,"valueName":"search_term_string"}}],"inLanguage":"en-GB"},{"@type":"Organization","@id":"https:\/\/hotelsvendborg.dk\/#organization","name":"Hotel Svendborg","url":"https:\/\/hotelsvendborg.dk\/","logo":{"@type":"ImageObject","inLanguage":"en-GB","@id":"https:\/\/hotelsvendborg.dk\/#\/schema\/logo\/image\/","url":"https:\/\/hotelsvendborg.dk\/wp-content\/uploads\/2024\/10\/hotel-svendborg.svg","contentUrl":"https:\/\/hotelsvendborg.dk\/wp-content\/uploads\/2024\/10\/hotel-svendborg.svg","width":257,"height":55,"caption":"Hotel Svendborg"},"image":{"@id":"https:\/\/hotelsvendborg.dk\/#\/schema\/logo\/image\/"}}]}},"_links":{"self":[{"href":"https:\/\/hotelsvendborg.dk\/en\/wp-json\/wp\/v2\/pages\/4222","targetHints":{"allow":["GET"]}}],"collection":[{"href":"https:\/\/hotelsvendborg.dk\/en\/wp-json\/wp\/v2\/pages"}],"about":[{"href":"https:\/\/hotelsvendborg.dk\/en\/wp-json\/wp\/v2\/types\/page"}],"author":[{"embeddable":true,"href":"https:\/\/hotelsvendborg.dk\/en\/wp-json\/wp\/v2\/users\/2"}],"replies":[{"embeddable":true,"href":"https:\/\/hotelsvendborg.dk\/en\/wp-json\/wp\/v2\/comments?post=4222"}],"version-history":[{"count":31,"href":"https:\/\/hotelsvendborg.dk\/en\/wp-json\/wp\/v2\/pages\/4222\/revisions"}],"predecessor-version":[{"id":9365,"href":"https:\/\/hotelsvendborg.dk\/en\/wp-json\/wp\/v2\/pages\/4222\/revisions\/9365"}],"wp:attachment":[{"href":"https:\/\/hotelsvendborg.dk\/en\/wp-json\/wp\/v2\/media?parent=4222"}],"curies":[{"name":"wp","href":"https:\/\/api.w.org\/{rel}","templated":true}]}}