{"id":4828,"date":"2025-10-31T08:58:42","date_gmt":"2025-10-31T07:58:42","guid":{"rendered":"https:\/\/hotelsvendborg.dk\/?page_id=4828"},"modified":"2025-10-31T09:05:16","modified_gmt":"2025-10-31T08:05:16","slug":"das-hotel-kauft-grose-mengen-wein-ein","status":"publish","type":"page","link":"https:\/\/hotelsvendborg.dk\/de\/hotellet-opkoeber-stor-maengde-vin\/","title":{"rendered":"Das Hotel kauft eine gro\u00dfe Menge Wein."},"content":{"rendered":"<div data-elementor-type=\"wp-page\" data-elementor-id=\"4828\" class=\"elementor elementor-4828\" data-elementor-post-type=\"page\">\n\t\t\t\t<div class=\"elementor-element elementor-element-0da4ad2 e-con-full e-flex e-con e-parent\" data-id=\"0da4ad2\" data-element_type=\"container\" data-e-type=\"container\" data-settings=\"{&quot;background_background&quot;:&quot;classic&quot;}\">\n\t\t\t\t<div class=\"elementor-element elementor-element-30a0f6a elementor-widget__width-initial elementor-widget elementor-widget-text-editor\" data-id=\"30a0f6a\" data-element_type=\"widget\" data-e-type=\"widget\" data-widget_type=\"text-editor.default\">\n\t\t\t\t<div class=\"elementor-widget-container\">\n\t\t\t\t\t\t\t\t\tPressemitteilung vom 17. Mai 2017\n\t\t\t\t\t\t\t\t<\/div>\n\t\t\t\t<\/div>\n\t\t\t\t<div class=\"elementor-element elementor-element-0c5e09a elementor-widget elementor-widget-heading\" data-id=\"0c5e09a\" data-element_type=\"widget\" data-e-type=\"widget\" data-widget_type=\"heading.default\">\n\t\t\t\t<div class=\"elementor-widget-container\">\n\t\t\t\t\t<h1 class=\"elementor-heading-title elementor-size-default\">Das Hotel kauft eine gro\u00dfe Menge Wein.\n<\/h1>\t\t\t\t<\/div>\n\t\t\t\t<\/div>\n\t\t\t\t<\/div>\n\t\t<div class=\"elementor-element elementor-element-e486b51 e-flex e-con-boxed e-con e-parent\" data-id=\"e486b51\" data-element_type=\"container\" data-e-type=\"container\">\n\t\t\t\t\t<div class=\"e-con-inner\">\n\t\t<div class=\"elementor-element elementor-element-216c953 e-con-full e-flex e-con e-child\" data-id=\"216c953\" data-element_type=\"container\" data-e-type=\"container\" data-settings=\"{&quot;background_background&quot;:&quot;classic&quot;}\">\n\t\t<div class=\"elementor-element elementor-element-e22a584 e-con-full e-flex e-con e-child\" data-id=\"e22a584\" data-element_type=\"container\" data-e-type=\"container\" data-settings=\"{&quot;background_background&quot;:&quot;classic&quot;}\">\n\t\t\t\t<\/div>\n\t\t<div class=\"elementor-element elementor-element-6119b34 e-con-full e-flex e-con e-child\" data-id=\"6119b34\" data-element_type=\"container\" data-e-type=\"container\">\n\t\t\t\t<div class=\"elementor-element elementor-element-3ca93b7 elementor-widget elementor-widget-heading\" data-id=\"3ca93b7\" data-element_type=\"widget\" data-e-type=\"widget\" data-widget_type=\"heading.default\">\n\t\t\t\t<div class=\"elementor-widget-container\">\n\t\t\t\t\t<p class=\"elementor-heading-title elementor-size-default\">Lokaler Wein<\/p>\t\t\t\t<\/div>\n\t\t\t\t<\/div>\n\t\t\t\t<div class=\"elementor-element elementor-element-2f54f4e elementor-widget elementor-widget-heading\" data-id=\"2f54f4e\" data-element_type=\"widget\" data-e-type=\"widget\" data-widget_type=\"heading.default\">\n\t\t\t\t<div class=\"elementor-widget-container\">\n\t\t\t\t\t<h2 class=\"elementor-heading-title elementor-size-default\">Das Hotel Svendborg kauft gro\u00dfe Mengen des Weinjahrgangs 2016 auf S\u00fcdf\u00fcnen.\n<\/h2>\t\t\t\t<\/div>\n\t\t\t\t<\/div>\n\t\t\t\t<div class=\"elementor-element elementor-element-6d6440f elementor-widget elementor-widget-text-editor\" data-id=\"6d6440f\" data-element_type=\"widget\" data-e-type=\"widget\" data-widget_type=\"text-editor.default\">\n\t\t\t\t<div class=\"elementor-widget-container\">\n\t\t\t\t\t\t\t\t\t<p>Seitdem die d\u00e4nische Weinproduktion vor 20 Jahren einen regelrechten Boom erlebt hat, ringen die d\u00e4nischen Winzer mit der Frage, welche Rebsorten sich am besten f\u00fcr die n\u00f6rdlichen Randgebiete eignen. Wo herrschen die besten Mikroklimata und welche Bodenbedingungen sind optimal?<br \/>Das Klima und die zahlreichen Anbauversuche f\u00fchren dazu, dass d\u00e4nische Winzer im Vergleich zu anderen Weinbaul\u00e4ndern weltweit relativ hohe Produktionskosten haben. Dies ist auch der direkte Grund daf\u00fcr, dass Konsumenten d\u00e4nische Weine im Vergleich zu ausl\u00e4ndischen Weinen als teuer empfinden.<\/p><p>So ist es heute nicht mehr.<\/p><p>\u2013 Nat\u00fcrlich haben wir nicht alle d\u00e4nischen Weine des Jahrgangs 2016 verkostet, aber die, die wir hier auf S\u00fcdf\u00fcnen von Svendborg Vingaard und Skaarup\u00f8re Vingaard probiert haben, geh\u00f6ren zu den besten und passen hervorragend zu der Gastronomie, die wir im Hotel Svendborg kreieren, sagt Sommelier und Restaurantleiter Jan Milton.<br \/>Das Hotel Svendborg hat daher eine gro\u00dfe Menge beider Weine gekauft, die k\u00fcnftig auf der Weinkarte des Hotelrestaurants zu finden sein werden.<\/p><p>\u2013 Wir k\u00f6nnen Ihnen w\u00e4rmstens empfehlen, wie wir, Ihren Weinkeller bei Svendborg und Skaarup\u00f8re Vingaarde aufzuf\u00fcllen, solange die Vorr\u00e4te noch reichen, sagt Jan Milton.<\/p><p>\u2013 Wir sind w\u00e4hlerisch und kritisch im Interesse unserer G\u00e4ste, und es ist uns \u00e4u\u00dferst wichtig, dass die Weine auf unserer Weinkarte die beiden wichtigsten Anforderungen erf\u00fcllen:<br \/>1. Die Weine m\u00fcssen dem Geschmack der G\u00e4ste entsprechen.<br \/>2. Die Weine m\u00fcssen zu der von unserem K\u00fcchenchef kreierten Gastronomie passen.<\/p><p>Diese Weine aus S\u00fcdf\u00fcnen erf\u00fcllen beide Anforderungen, ist der Restaurantleiter \u00fcberzeugt.<\/p>\t\t\t\t\t\t\t\t<\/div>\n\t\t\t\t<\/div>\n\t\t\t\t<\/div>\n\t\t\t\t<\/div>\n\t\t\t\t\t<\/div>\n\t\t\t\t<\/div>\n\t\t<div class=\"elementor-element elementor-element-4dbf55ae e-flex e-con-boxed e-con e-parent\" data-id=\"4dbf55ae\" data-element_type=\"container\" data-e-type=\"container\">\n\t\t\t\t\t<div class=\"e-con-inner\">\n\t\t<div class=\"elementor-element elementor-element-334ac059 e-con-full e-flex e-con e-child\" data-id=\"334ac059\" data-element_type=\"container\" data-e-type=\"container\" data-settings=\"{&quot;background_background&quot;:&quot;classic&quot;}\">\n\t\t<div class=\"elementor-element elementor-element-49c51107 e-con-full e-flex e-con e-child\" data-id=\"49c51107\" data-element_type=\"container\" data-e-type=\"container\" data-settings=\"{&quot;background_background&quot;:&quot;classic&quot;}\">\n\t\t\t\t<\/div>\n\t\t<div class=\"elementor-element elementor-element-700a6a36 e-con-full e-flex e-con e-child\" data-id=\"700a6a36\" data-element_type=\"container\" data-e-type=\"container\">\n\t\t\t\t<div class=\"elementor-element elementor-element-4f8042f1 elementor-widget elementor-widget-heading\" data-id=\"4f8042f1\" data-element_type=\"widget\" data-e-type=\"widget\" data-widget_type=\"heading.default\">\n\t\t\t\t<div class=\"elementor-widget-container\">\n\t\t\t\t\t<p class=\"elementor-heading-title elementor-size-default\">Lokaler Wein<\/p>\t\t\t\t<\/div>\n\t\t\t\t<\/div>\n\t\t\t\t<div class=\"elementor-element elementor-element-6a3c3945 elementor-widget elementor-widget-heading\" data-id=\"6a3c3945\" data-element_type=\"widget\" data-e-type=\"widget\" data-widget_type=\"heading.default\">\n\t\t\t\t<div class=\"elementor-widget-container\">\n\t\t\t\t\t<h2 class=\"elementor-heading-title elementor-size-default\">Fakten<\/h2>\t\t\t\t<\/div>\n\t\t\t\t<\/div>\n\t\t\t\t<div class=\"elementor-element elementor-element-54808936 elementor-widget elementor-widget-text-editor\" data-id=\"54808936\" data-element_type=\"widget\" data-e-type=\"widget\" data-widget_type=\"text-editor.default\">\n\t\t\t\t<div class=\"elementor-widget-container\">\n\t\t\t\t\t\t\t\t\t<p>W\u00e4hrend dieser Woche werden zwei Weine aus S\u00fcdf\u00fcnen Teil der Weinkarte im Restaurant des Hotel Svendborg sein:<br \/>Es handelt sich um einen Wei\u00dfwein von Svendborg Vingaard aus der Rebsorte \u201cSolaris\u201d, Jahrgang 2016.<br \/>und ein Ros\u00e9wein von Skaarup\u00f8re Vingaard aus der \u201cRondon\u201d-Traube, Jahrgang 2016<\/p><p><a href=\"https:\/\/hotelsvendborg.dk\/de\/\">www.hotelsvendborg.dk<\/a><br \/><a href=\"http:\/\/svendborgvingaard.dk\/\" target=\"_blank\" rel=\"noopener\">svendborgvingaard.dk<\/a><br \/><a href=\"http:\/\/skaaruporevin.dk\/\" target=\"_blank\" rel=\"noopener\">skaaruporevin.dk<\/a><\/p><p>F\u00fcr weitere Informationen:<br \/>Restaurantleiter \u2013 Sommelier<br \/>Jan Milton<br \/><a href=\"tel: +45 62 17 62 07\">+45 62 17 62 07<\/a><br \/><a href=\"mailto:jan.milton@hotel-svendborg.dk\">jan.milton@hotel-svendborg.dk<\/a><\/p>\t\t\t\t\t\t\t\t<\/div>\n\t\t\t\t<\/div>\n\t\t\t\t<div class=\"elementor-element elementor-element-710a4b1 elementor-mobile-align-justify elementor-widget elementor-widget-button\" data-id=\"710a4b1\" data-element_type=\"widget\" data-e-type=\"widget\" data-widget_type=\"button.default\">\n\t\t\t\t<div class=\"elementor-widget-container\">\n\t\t\t\t\t\t\t\t\t<div class=\"elementor-button-wrapper\">\n\t\t\t\t\t<a class=\"elementor-button elementor-button-link elementor-size-sm\" href=\"https:\/\/hotelsvendborg.dk\/de\/drucken\/\">\n\t\t\t\t\t\t<span class=\"elementor-button-content-wrapper\">\n\t\t\t\t\t\t\t\t\t<span class=\"elementor-button-text\">Alle Pressemitteilungen ansehen<\/span>\n\t\t\t\t\t<\/span>\n\t\t\t\t\t<\/a>\n\t\t\t\t<\/div>\n\t\t\t\t\t\t\t\t<\/div>\n\t\t\t\t<\/div>\n\t\t\t\t<\/div>\n\t\t\t\t<\/div>\n\t\t\t\t\t<\/div>\n\t\t\t\t<\/div>\n\t\t\t\t<\/div>","protected":false},"excerpt":{"rendered":"<p>Pressemeddelelse 17. maj 2017 Hotellet opk\u00f8ber stor m\u00e6ngde vin Lokal vin Hotel Svendborg opk\u00f8ber store m\u00e6ngder af vinh\u00f8sten 2016 p\u00e5 Sydfyn De danske vinavlere har i de seneste 20 \u00e5r, siden vinproduktionen s\u00e5dan rigtig tog fat, k\u00e6mpet med hvilke druesorter der er bedst at anvende p\u00e5 disse nordlige kanter. Hvor er mikroklimaet bedst, og hvad [&hellip;]<\/p>\n","protected":false},"author":2,"featured_media":0,"parent":0,"menu_order":0,"comment_status":"closed","ping_status":"closed","template":"","meta":{"_acf_changed":false,"footnotes":""},"class_list":["post-4828","page","type-page","status-publish","hentry"],"acf":[],"yoast_head":"<!-- This site is optimized with the Yoast SEO plugin v27.5 - https:\/\/yoast.com\/product\/yoast-seo-wordpress\/ -->\n<title>Hotellet opk\u00f8ber stor m\u00e6ngde vin - Hotel Svendborg<\/title>\n<meta name=\"robots\" content=\"index, follow, max-snippet:-1, max-image-preview:large, max-video-preview:-1\" \/>\n<link rel=\"canonical\" href=\"https:\/\/hotelsvendborg.dk\/de\/das-hotel-kauft-grose-mengen-wein-ein\/\" \/>\n<meta property=\"og:locale\" content=\"de_DE\" \/>\n<meta property=\"og:type\" content=\"article\" \/>\n<meta property=\"og:title\" content=\"Hotellet opk\u00f8ber stor m\u00e6ngde vin - Hotel Svendborg\" \/>\n<meta property=\"og:description\" content=\"Pressemeddelelse 17. maj 2017 Hotellet opk\u00f8ber stor m\u00e6ngde vin Lokal vin Hotel Svendborg opk\u00f8ber store m\u00e6ngder af vinh\u00f8sten 2016 p\u00e5 Sydfyn De danske vinavlere har i de seneste 20 \u00e5r, siden vinproduktionen s\u00e5dan rigtig tog fat, k\u00e6mpet med hvilke druesorter der er bedst at anvende p\u00e5 disse nordlige kanter. Hvor er mikroklimaet bedst, og hvad [&hellip;]\" \/>\n<meta property=\"og:url\" content=\"https:\/\/hotelsvendborg.dk\/de\/das-hotel-kauft-grose-mengen-wein-ein\/\" \/>\n<meta property=\"og:site_name\" content=\"Hotel Svendborg\" \/>\n<meta property=\"article:modified_time\" content=\"2025-10-31T08:05:16+00:00\" \/>\n<meta name=\"twitter:card\" content=\"summary_large_image\" \/>\n<meta name=\"twitter:label1\" content=\"Gesch\u00e4tzte Lesezeit\" \/>\n\t<meta name=\"twitter:data1\" content=\"2\u00a0Minuten\" \/>\n<!-- \/ Yoast SEO plugin. -->","yoast_head_json":{"title":"Das Hotel kauft eine gro\u00dfe Menge Wein ein \u2013 Hotel Svendborg","robots":{"index":"index","follow":"follow","max-snippet":"max-snippet:-1","max-image-preview":"max-image-preview:large","max-video-preview":"max-video-preview:-1"},"canonical":"https:\/\/hotelsvendborg.dk\/de\/das-hotel-kauft-grose-mengen-wein-ein\/","og_locale":"de_DE","og_type":"article","og_title":"Hotellet opk\u00f8ber stor m\u00e6ngde vin - Hotel Svendborg","og_description":"Pressemeddelelse 17. maj 2017 Hotellet opk\u00f8ber stor m\u00e6ngde vin Lokal vin Hotel Svendborg opk\u00f8ber store m\u00e6ngder af vinh\u00f8sten 2016 p\u00e5 Sydfyn De danske vinavlere har i de seneste 20 \u00e5r, siden vinproduktionen s\u00e5dan rigtig tog fat, k\u00e6mpet med hvilke druesorter der er bedst at anvende p\u00e5 disse nordlige kanter. Hvor er mikroklimaet bedst, og hvad [&hellip;]","og_url":"https:\/\/hotelsvendborg.dk\/de\/das-hotel-kauft-grose-mengen-wein-ein\/","og_site_name":"Hotel Svendborg","article_modified_time":"2025-10-31T08:05:16+00:00","twitter_card":"summary_large_image","twitter_misc":{"Gesch\u00e4tzte Lesezeit":"2\u00a0Minuten"},"schema":{"@context":"https:\/\/schema.org","@graph":[{"@type":"WebPage","@id":"https:\/\/hotelsvendborg.dk\/hotellet-opkoeber-stor-maengde-vin\/","url":"https:\/\/hotelsvendborg.dk\/hotellet-opkoeber-stor-maengde-vin\/","name":"Das Hotel kauft eine gro\u00dfe Menge Wein ein \u2013 Hotel Svendborg","isPartOf":{"@id":"https:\/\/hotelsvendborg.dk\/#website"},"datePublished":"2025-10-31T07:58:42+00:00","dateModified":"2025-10-31T08:05:16+00:00","breadcrumb":{"@id":"https:\/\/hotelsvendborg.dk\/hotellet-opkoeber-stor-maengde-vin\/#breadcrumb"},"inLanguage":"de","potentialAction":[{"@type":"ReadAction","target":["https:\/\/hotelsvendborg.dk\/hotellet-opkoeber-stor-maengde-vin\/"]}]},{"@type":"BreadcrumbList","@id":"https:\/\/hotelsvendborg.dk\/hotellet-opkoeber-stor-maengde-vin\/#breadcrumb","itemListElement":[{"@type":"ListItem","position":1,"name":"Home","item":"https:\/\/hotelsvendborg.dk\/"},{"@type":"ListItem","position":2,"name":"Hotellet opk\u00f8ber stor m\u00e6ngde vin"}]},{"@type":"WebSite","@id":"https:\/\/hotelsvendborg.dk\/#website","url":"https:\/\/hotelsvendborg.dk\/","name":"Hotel Svendborg","description":"","publisher":{"@id":"https:\/\/hotelsvendborg.dk\/#organization"},"potentialAction":[{"@type":"SearchAction","target":{"@type":"EntryPoint","urlTemplate":"https:\/\/hotelsvendborg.dk\/?s={search_term_string}"},"query-input":{"@type":"PropertyValueSpecification","valueRequired":true,"valueName":"search_term_string"}}],"inLanguage":"de"},{"@type":"Organization","@id":"https:\/\/hotelsvendborg.dk\/#organization","name":"Hotel Svendborg","url":"https:\/\/hotelsvendborg.dk\/","logo":{"@type":"ImageObject","inLanguage":"de","@id":"https:\/\/hotelsvendborg.dk\/#\/schema\/logo\/image\/","url":"https:\/\/hotelsvendborg.dk\/wp-content\/uploads\/2024\/10\/hotel-svendborg.svg","contentUrl":"https:\/\/hotelsvendborg.dk\/wp-content\/uploads\/2024\/10\/hotel-svendborg.svg","width":257,"height":55,"caption":"Hotel Svendborg"},"image":{"@id":"https:\/\/hotelsvendborg.dk\/#\/schema\/logo\/image\/"}}]}},"_links":{"self":[{"href":"https:\/\/hotelsvendborg.dk\/de\/wp-json\/wp\/v2\/pages\/4828","targetHints":{"allow":["GET"]}}],"collection":[{"href":"https:\/\/hotelsvendborg.dk\/de\/wp-json\/wp\/v2\/pages"}],"about":[{"href":"https:\/\/hotelsvendborg.dk\/de\/wp-json\/wp\/v2\/types\/page"}],"author":[{"embeddable":true,"href":"https:\/\/hotelsvendborg.dk\/de\/wp-json\/wp\/v2\/users\/2"}],"replies":[{"embeddable":true,"href":"https:\/\/hotelsvendborg.dk\/de\/wp-json\/wp\/v2\/comments?post=4828"}],"version-history":[{"count":7,"href":"https:\/\/hotelsvendborg.dk\/de\/wp-json\/wp\/v2\/pages\/4828\/revisions"}],"predecessor-version":[{"id":4839,"href":"https:\/\/hotelsvendborg.dk\/de\/wp-json\/wp\/v2\/pages\/4828\/revisions\/4839"}],"wp:attachment":[{"href":"https:\/\/hotelsvendborg.dk\/de\/wp-json\/wp\/v2\/media?parent=4828"}],"curies":[{"name":"wp","href":"https:\/\/api.w.org\/{rel}","templated":true}]}}