{"id":4821,"date":"2025-10-31T08:57:05","date_gmt":"2025-10-31T07:57:05","guid":{"rendered":"https:\/\/hotelsvendborg.dk\/?page_id=4821"},"modified":"2025-10-31T08:57:49","modified_gmt":"2025-10-31T07:57:49","slug":"swedenbrod","status":"publish","type":"page","link":"https:\/\/hotelsvendborg.dk\/de\/svendbroed\/","title":{"rendered":"Das Steckr\u00fcbenbrot"},"content":{"rendered":"<div data-elementor-type=\"wp-page\" data-elementor-id=\"4821\" class=\"elementor elementor-4821\" data-elementor-post-type=\"page\">\n\t\t\t\t<div class=\"elementor-element elementor-element-0da4ad2 e-con-full e-flex e-con e-parent\" data-id=\"0da4ad2\" data-element_type=\"container\" data-e-type=\"container\" data-settings=\"{&quot;background_background&quot;:&quot;classic&quot;}\">\n\t\t\t\t<div class=\"elementor-element elementor-element-0c5e09a elementor-widget elementor-widget-heading\" data-id=\"0c5e09a\" data-element_type=\"widget\" data-e-type=\"widget\" data-widget_type=\"heading.default\">\n\t\t\t\t<div class=\"elementor-widget-container\">\n\t\t\t\t\t<h1 class=\"elementor-heading-title elementor-size-default\">Das Steckr\u00fcbenbrot<\/h1>\t\t\t\t<\/div>\n\t\t\t\t<\/div>\n\t\t\t\t<\/div>\n\t\t<div class=\"elementor-element elementor-element-e486b51 e-flex e-con-boxed e-con e-parent\" data-id=\"e486b51\" data-element_type=\"container\" data-e-type=\"container\">\n\t\t\t\t\t<div class=\"e-con-inner\">\n\t\t<div class=\"elementor-element elementor-element-216c953 e-con-full e-flex e-con e-child\" data-id=\"216c953\" data-element_type=\"container\" data-e-type=\"container\" data-settings=\"{&quot;background_background&quot;:&quot;classic&quot;}\">\n\t\t<div class=\"elementor-element elementor-element-e22a584 e-con-full e-flex e-con e-child\" data-id=\"e22a584\" data-element_type=\"container\" data-e-type=\"container\" data-settings=\"{&quot;background_background&quot;:&quot;classic&quot;}\">\n\t\t\t\t<\/div>\n\t\t<div class=\"elementor-element elementor-element-6119b34 e-con-full e-flex e-con e-child\" data-id=\"6119b34\" data-element_type=\"container\" data-e-type=\"container\">\n\t\t\t\t<div class=\"elementor-element elementor-element-3ca93b7 elementor-widget elementor-widget-heading\" data-id=\"3ca93b7\" data-element_type=\"widget\" data-e-type=\"widget\" data-widget_type=\"heading.default\">\n\t\t\t\t<div class=\"elementor-widget-container\">\n\t\t\t\t\t<p class=\"elementor-heading-title elementor-size-default\">Das Steckr\u00fcbenbrot<\/p>\t\t\t\t<\/div>\n\t\t\t\t<\/div>\n\t\t\t\t<div class=\"elementor-element elementor-element-2f54f4e elementor-widget elementor-widget-heading\" data-id=\"2f54f4e\" data-element_type=\"widget\" data-e-type=\"widget\" data-widget_type=\"heading.default\">\n\t\t\t\t<div class=\"elementor-widget-container\">\n\t\t\t\t\t<h2 class=\"elementor-heading-title elementor-size-default\">Das Hotel bringt sein eigenes Brot auf den Markt und r\u00e4umt lokalen kulinarischen Produkten eine besondere Rolle ein.\n<\/h2>\t\t\t\t<\/div>\n\t\t\t\t<\/div>\n\t\t\t\t<div class=\"elementor-element elementor-element-6d6440f elementor-widget elementor-widget-text-editor\" data-id=\"6d6440f\" data-element_type=\"widget\" data-e-type=\"widget\" data-widget_type=\"text-editor.default\">\n\t\t\t\t<div class=\"elementor-widget-container\">\n\t\t\t\t\t\t\t\t\t<p>\u201dSvendbr\u00f8det\u201d ist nur ein Beispiel daf\u00fcr, wie sich das Hotel Svendborg und lokale Lebensmittelproduzenten gegenseitig st\u00e4rken.<\/p><p>\u2013 Kaum irgendwo sonst in D\u00e4nemark findet man so viele lokale und oft biologische Spezialit\u00e4ten \u2013 Obst, Wein, Bier, Most, Honig und vieles mehr \u2013 im Umkreis von 20 Kilometern wie auf S\u00fcdf\u00fcnen, sagt Restaurantleiter Jan Milton vom Hotel Svendborg.<\/p><p>\u201eUnsere Hotel- und Konferenzg\u00e4ste sind begeistert und fahren gerne zu den Erzeugern, um sich ein St\u00fcck S\u00fcdf\u00fcnen f\u00fcr zu Hause mitzunehmen. Letztes Jahr beispielsweise waren die lokalen Winzer innerhalb weniger Monate mit den Weinen, die wir auf unserer Weinkarte f\u00fchrten, ausverkauft\u201c, erz\u00e4hlt er. Dieses Jahr konzentriert sich das Hotel Svendborg als besondere Attraktion auf einige Spezialit\u00e4ten aus S\u00fcdf\u00fcnen.<\/p>\t\t\t\t\t\t\t\t<\/div>\n\t\t\t\t<\/div>\n\t\t\t\t<\/div>\n\t\t\t\t<\/div>\n\t\t\t\t\t<\/div>\n\t\t\t\t<\/div>\n\t\t<div class=\"elementor-element elementor-element-4dbf55ae e-flex e-con-boxed e-con e-parent\" data-id=\"4dbf55ae\" data-element_type=\"container\" data-e-type=\"container\">\n\t\t\t\t\t<div class=\"e-con-inner\">\n\t\t<div class=\"elementor-element elementor-element-334ac059 e-con-full e-flex e-con e-child\" data-id=\"334ac059\" data-element_type=\"container\" data-e-type=\"container\" data-settings=\"{&quot;background_background&quot;:&quot;classic&quot;}\">\n\t\t<div class=\"elementor-element elementor-element-49c51107 e-con-full e-flex e-con e-child\" data-id=\"49c51107\" data-element_type=\"container\" data-e-type=\"container\" data-settings=\"{&quot;background_background&quot;:&quot;classic&quot;}\">\n\t\t\t\t<\/div>\n\t\t<div class=\"elementor-element elementor-element-700a6a36 e-con-full e-flex e-con e-child\" data-id=\"700a6a36\" data-element_type=\"container\" data-e-type=\"container\">\n\t\t\t\t<div class=\"elementor-element elementor-element-4f8042f1 elementor-widget elementor-widget-heading\" data-id=\"4f8042f1\" data-element_type=\"widget\" data-e-type=\"widget\" data-widget_type=\"heading.default\">\n\t\t\t\t<div class=\"elementor-widget-container\">\n\t\t\t\t\t<p class=\"elementor-heading-title elementor-size-default\">Das Steckr\u00fcbenbrot<\/p>\t\t\t\t<\/div>\n\t\t\t\t<\/div>\n\t\t\t\t<div class=\"elementor-element elementor-element-6a3c3945 elementor-widget elementor-widget-heading\" data-id=\"6a3c3945\" data-element_type=\"widget\" data-e-type=\"widget\" data-widget_type=\"heading.default\">\n\t\t\t\t<div class=\"elementor-widget-container\">\n\t\t\t\t\t<h2 class=\"elementor-heading-title elementor-size-default\">Brandneues Brot\n<\/h2>\t\t\t\t<\/div>\n\t\t\t\t<\/div>\n\t\t\t\t<div class=\"elementor-element elementor-element-54808936 elementor-widget elementor-widget-text-editor\" data-id=\"54808936\" data-element_type=\"widget\" data-e-type=\"widget\" data-widget_type=\"text-editor.default\">\n\t\t\t\t<div class=\"elementor-widget-container\">\n\t\t\t\t\t\t\t\t\t<p>Der erste Bestandteil des neuen regionalen Kulinarikkonzepts im Hotel ist das \u201dSvendbr\u00f8det\u201d. Der Name entstand in einem Mitarbeiterwettbewerb, das Rezept entwickelte Jan Milton jedoch in Absprache mit der B\u00e4ckerei \u00d8kom\u00f8lleriet in Ringe. Diese liefert das frisch gemahlene Mehl f\u00fcr die runden Brote, die sowohl beim Fr\u00fchst\u00fccks- als auch beim Mittagsbuffet im Hotel angeboten werden. Das Svendbr\u00f8det zeichnet sich durch eine dichte Krume, eine weiche Konsistenz und einen milden Geschmack aus, der durch die hausgemachte Butter des Hotels eine besondere Note erh\u00e4lt.<\/p><p>\u2013 Lokale und authentische Dinge sind bei Touristen auf der ganzen Welt gefragt, und auf S\u00fcdf\u00fcnen geh\u00f6ren kulinarische Qualit\u00e4tsprodukte zu unserer DNA, sagt Jan Milton.<\/p><p>\u2013 Deshalb m\u00fcssen in diesem Jahr mindestens 25 Prozent unserer Fr\u00fchst\u00fccks- und Mittagsbuffets aus lokalen Produkten bestehen, sagt er und verr\u00e4t, dass mehrere Initiativen in der Entwicklung sind.<\/p>\t\t\t\t\t\t\t\t<\/div>\n\t\t\t\t<\/div>\n\t\t\t\t<\/div>\n\t\t\t\t<\/div>\n\t\t\t\t\t<\/div>\n\t\t\t\t<\/div>\n\t\t<div class=\"elementor-element elementor-element-24f7a20 e-flex e-con-boxed e-con e-parent\" data-id=\"24f7a20\" data-element_type=\"container\" data-e-type=\"container\">\n\t\t\t\t\t<div class=\"e-con-inner\">\n\t\t<div class=\"elementor-element elementor-element-c8ff55e e-con-full e-flex e-con e-child\" data-id=\"c8ff55e\" data-element_type=\"container\" data-e-type=\"container\" data-settings=\"{&quot;background_background&quot;:&quot;classic&quot;}\">\n\t\t<div class=\"elementor-element elementor-element-0df8b5c e-con-full e-flex e-con e-child\" data-id=\"0df8b5c\" data-element_type=\"container\" data-e-type=\"container\" data-settings=\"{&quot;background_background&quot;:&quot;classic&quot;}\">\n\t\t\t\t<\/div>\n\t\t<div class=\"elementor-element elementor-element-2d7ab7d e-con-full e-flex e-con e-child\" data-id=\"2d7ab7d\" data-element_type=\"container\" data-e-type=\"container\">\n\t\t\t\t<div class=\"elementor-element elementor-element-ec18139 elementor-widget elementor-widget-heading\" data-id=\"ec18139\" data-element_type=\"widget\" data-e-type=\"widget\" data-widget_type=\"heading.default\">\n\t\t\t\t<div class=\"elementor-widget-container\">\n\t\t\t\t\t<p class=\"elementor-heading-title elementor-size-default\">Das Steckr\u00fcbenbrot<\/p>\t\t\t\t<\/div>\n\t\t\t\t<\/div>\n\t\t\t\t<div class=\"elementor-element elementor-element-b45e02e elementor-widget elementor-widget-heading\" data-id=\"b45e02e\" data-element_type=\"widget\" data-e-type=\"widget\" data-widget_type=\"heading.default\">\n\t\t\t\t<div class=\"elementor-widget-container\">\n\t\t\t\t\t<h2 class=\"elementor-heading-title elementor-size-default\">Selbstbedienungstasche\n<\/h2>\t\t\t\t<\/div>\n\t\t\t\t<\/div>\n\t\t\t\t<div class=\"elementor-element elementor-element-9400e59 elementor-widget elementor-widget-text-editor\" data-id=\"9400e59\" data-element_type=\"widget\" data-e-type=\"widget\" data-widget_type=\"text-editor.default\">\n\t\t\t\t<div class=\"elementor-widget-container\">\n\t\t\t\t\t\t\t\t\t<p>Nachdem die G\u00e4ste im Hotel Svendbr\u00f8det genossen haben, k\u00f6nnen sie alle Zutaten f\u00fcr zu Hause kaufen. Eine fertige Backmischung mit Rezept ist derzeit nur vor Ort erh\u00e4ltlich, und im Gesch\u00e4ft \u00d8land, nur wenige hundert Meter vom Hotel entfernt, rechnet Inhaber Sune \u00d8stbjerg mit gro\u00dfem Interesse seitens der Hotelg\u00e4ste.<\/p><p>\u2013 Die Geschichte des biologischen und lokal entwickelten Brotes passt gut zu dem, was unsere Kunden w\u00fcnschen, und hier k\u00f6nnen es sowohl Touristen als auch Einheimische genie\u00dfen, sagt Sune.<\/p><p>Mikael Hansen, Direktor des Kulinarischen Verbandes S\u00fcdf\u00fcnen, ist von dem Konzept begeistert. \u201eEs ist eine fantastische Initiative, bei der sich Hotel und lokale Produzenten gegenseitig st\u00e4rken\u201c, sagt Mikael.<\/p>\t\t\t\t\t\t\t\t<\/div>\n\t\t\t\t<\/div>\n\t\t\t\t<div class=\"elementor-element elementor-element-4109c38 elementor-widget elementor-widget-heading\" data-id=\"4109c38\" data-element_type=\"widget\" data-e-type=\"widget\" data-widget_type=\"heading.default\">\n\t\t\t\t<div class=\"elementor-widget-container\">\n\t\t\t\t\t<h3 class=\"elementor-heading-title elementor-size-default\">Das Geheimnis\n<\/h3>\t\t\t\t<\/div>\n\t\t\t\t<\/div>\n\t\t\t\t<div class=\"elementor-element elementor-element-54840b6 elementor-widget elementor-widget-text-editor\" data-id=\"54840b6\" data-element_type=\"widget\" data-e-type=\"widget\" data-widget_type=\"text-editor.default\">\n\t\t\t\t<div class=\"elementor-widget-container\">\n\t\t\t\t\t\t\t\t\t<p>\u2013 Das Besondere an Svendbr\u00f8d ist, dass es mit Apfelsaft und Honig von lokalen Anbietern gemischt wird, was zusammen mit der Mehlmischung f\u00fcr den besonderen Geschmack und die Konsistenz sorgt. Mit der Fertigmischung haben wir es leicht gemacht, das gleiche Erlebnis auch zu Hause zu genie\u00dfen, sagt Jan Milton.<\/p><p>F\u00fcr weitere Informationen:<br \/>Restaurantleiterin Jan Milton<br \/><a href=\"tel: +45 62 17 62 07\">+45 62 17 62 07<\/a><br \/><a href=\"mailto:jan.milton@hotel-svendborg.dk\">jan.milton@hotel-svendborg.dk<\/a><\/p>\t\t\t\t\t\t\t\t<\/div>\n\t\t\t\t<\/div>\n\t\t\t\t<div class=\"elementor-element elementor-element-e8a8433 elementor-mobile-align-justify elementor-widget elementor-widget-button\" data-id=\"e8a8433\" data-element_type=\"widget\" data-e-type=\"widget\" data-widget_type=\"button.default\">\n\t\t\t\t<div class=\"elementor-widget-container\">\n\t\t\t\t\t\t\t\t\t<div class=\"elementor-button-wrapper\">\n\t\t\t\t\t<a class=\"elementor-button elementor-button-link elementor-size-sm\" href=\"https:\/\/hotelsvendborg.dk\/de\/drucken\/\">\n\t\t\t\t\t\t<span class=\"elementor-button-content-wrapper\">\n\t\t\t\t\t\t\t\t\t<span class=\"elementor-button-text\">Alle Pressemitteilungen ansehen<\/span>\n\t\t\t\t\t<\/span>\n\t\t\t\t\t<\/a>\n\t\t\t\t<\/div>\n\t\t\t\t\t\t\t\t<\/div>\n\t\t\t\t<\/div>\n\t\t\t\t<\/div>\n\t\t\t\t<\/div>\n\t\t\t\t\t<\/div>\n\t\t\t\t<\/div>\n\t\t\t\t<\/div>","protected":false},"excerpt":{"rendered":"<p>Svendbr\u00f8det Svendbr\u00f8det Hotel lancerer eget br\u00f8d og giver lokale, kulinariske produkter en s\u00e6rrolle \u201dSvendbr\u00f8det\u201d er blot \u00e9t eksempel p\u00e5, hvordan Hotel Svendborg og lokale f\u00f8devareproducenter styrker hinanden. \u2013 N\u00e6ppe noget andet sted i Danmark kan du indenfor en radius af 20 kilometer finde s\u00e5 mange lokale og ofte \u00f8kologiske specialiteter \u2013 frugt, vin, \u00f8l, most, [&hellip;]<\/p>\n","protected":false},"author":2,"featured_media":0,"parent":0,"menu_order":0,"comment_status":"closed","ping_status":"closed","template":"","meta":{"_acf_changed":false,"footnotes":""},"class_list":["post-4821","page","type-page","status-publish","hentry"],"acf":[],"yoast_head":"<!-- This site is optimized with the Yoast SEO plugin v27.5 - https:\/\/yoast.com\/product\/yoast-seo-wordpress\/ -->\n<title>Svendbr\u00f8det - Hotel Svendborg<\/title>\n<meta name=\"robots\" content=\"index, follow, max-snippet:-1, max-image-preview:large, max-video-preview:-1\" \/>\n<link rel=\"canonical\" href=\"https:\/\/hotelsvendborg.dk\/de\/swedenbrod\/\" \/>\n<meta property=\"og:locale\" content=\"de_DE\" \/>\n<meta property=\"og:type\" content=\"article\" \/>\n<meta property=\"og:title\" content=\"Svendbr\u00f8det - Hotel Svendborg\" \/>\n<meta property=\"og:description\" content=\"Svendbr\u00f8det Svendbr\u00f8det Hotel lancerer eget br\u00f8d og giver lokale, kulinariske produkter en s\u00e6rrolle \u201dSvendbr\u00f8det\u201d er blot \u00e9t eksempel p\u00e5, hvordan Hotel Svendborg og lokale f\u00f8devareproducenter styrker hinanden. \u2013 N\u00e6ppe noget andet sted i Danmark kan du indenfor en radius af 20 kilometer finde s\u00e5 mange lokale og ofte \u00f8kologiske specialiteter \u2013 frugt, vin, \u00f8l, most, [&hellip;]\" \/>\n<meta property=\"og:url\" content=\"https:\/\/hotelsvendborg.dk\/de\/swedenbrod\/\" \/>\n<meta property=\"og:site_name\" content=\"Hotel Svendborg\" \/>\n<meta property=\"article:modified_time\" content=\"2025-10-31T07:57:49+00:00\" \/>\n<meta name=\"twitter:card\" content=\"summary_large_image\" \/>\n<meta name=\"twitter:label1\" content=\"Gesch\u00e4tzte Lesezeit\" \/>\n\t<meta name=\"twitter:data1\" content=\"3\u00a0Minuten\" \/>\n<!-- \/ Yoast SEO plugin. -->","yoast_head_json":{"title":"Svendbr\u00f8det - Hotel Svendborg","robots":{"index":"index","follow":"follow","max-snippet":"max-snippet:-1","max-image-preview":"max-image-preview:large","max-video-preview":"max-video-preview:-1"},"canonical":"https:\/\/hotelsvendborg.dk\/de\/swedenbrod\/","og_locale":"de_DE","og_type":"article","og_title":"Svendbr\u00f8det - Hotel Svendborg","og_description":"Svendbr\u00f8det Svendbr\u00f8det Hotel lancerer eget br\u00f8d og giver lokale, kulinariske produkter en s\u00e6rrolle \u201dSvendbr\u00f8det\u201d er blot \u00e9t eksempel p\u00e5, hvordan Hotel Svendborg og lokale f\u00f8devareproducenter styrker hinanden. \u2013 N\u00e6ppe noget andet sted i Danmark kan du indenfor en radius af 20 kilometer finde s\u00e5 mange lokale og ofte \u00f8kologiske specialiteter \u2013 frugt, vin, \u00f8l, most, [&hellip;]","og_url":"https:\/\/hotelsvendborg.dk\/de\/swedenbrod\/","og_site_name":"Hotel Svendborg","article_modified_time":"2025-10-31T07:57:49+00:00","twitter_card":"summary_large_image","twitter_misc":{"Gesch\u00e4tzte Lesezeit":"3\u00a0Minuten"},"schema":{"@context":"https:\/\/schema.org","@graph":[{"@type":"WebPage","@id":"https:\/\/hotelsvendborg.dk\/svendbroed\/","url":"https:\/\/hotelsvendborg.dk\/svendbroed\/","name":"Svendbr\u00f8det - Hotel Svendborg","isPartOf":{"@id":"https:\/\/hotelsvendborg.dk\/#website"},"datePublished":"2025-10-31T07:57:05+00:00","dateModified":"2025-10-31T07:57:49+00:00","breadcrumb":{"@id":"https:\/\/hotelsvendborg.dk\/svendbroed\/#breadcrumb"},"inLanguage":"de","potentialAction":[{"@type":"ReadAction","target":["https:\/\/hotelsvendborg.dk\/svendbroed\/"]}]},{"@type":"BreadcrumbList","@id":"https:\/\/hotelsvendborg.dk\/svendbroed\/#breadcrumb","itemListElement":[{"@type":"ListItem","position":1,"name":"Home","item":"https:\/\/hotelsvendborg.dk\/"},{"@type":"ListItem","position":2,"name":"Svendbr\u00f8det"}]},{"@type":"WebSite","@id":"https:\/\/hotelsvendborg.dk\/#website","url":"https:\/\/hotelsvendborg.dk\/","name":"Hotel Svendborg","description":"","publisher":{"@id":"https:\/\/hotelsvendborg.dk\/#organization"},"potentialAction":[{"@type":"SearchAction","target":{"@type":"EntryPoint","urlTemplate":"https:\/\/hotelsvendborg.dk\/?s={search_term_string}"},"query-input":{"@type":"PropertyValueSpecification","valueRequired":true,"valueName":"search_term_string"}}],"inLanguage":"de"},{"@type":"Organization","@id":"https:\/\/hotelsvendborg.dk\/#organization","name":"Hotel Svendborg","url":"https:\/\/hotelsvendborg.dk\/","logo":{"@type":"ImageObject","inLanguage":"de","@id":"https:\/\/hotelsvendborg.dk\/#\/schema\/logo\/image\/","url":"https:\/\/hotelsvendborg.dk\/wp-content\/uploads\/2024\/10\/hotel-svendborg.svg","contentUrl":"https:\/\/hotelsvendborg.dk\/wp-content\/uploads\/2024\/10\/hotel-svendborg.svg","width":257,"height":55,"caption":"Hotel Svendborg"},"image":{"@id":"https:\/\/hotelsvendborg.dk\/#\/schema\/logo\/image\/"}}]}},"_links":{"self":[{"href":"https:\/\/hotelsvendborg.dk\/de\/wp-json\/wp\/v2\/pages\/4821","targetHints":{"allow":["GET"]}}],"collection":[{"href":"https:\/\/hotelsvendborg.dk\/de\/wp-json\/wp\/v2\/pages"}],"about":[{"href":"https:\/\/hotelsvendborg.dk\/de\/wp-json\/wp\/v2\/types\/page"}],"author":[{"embeddable":true,"href":"https:\/\/hotelsvendborg.dk\/de\/wp-json\/wp\/v2\/users\/2"}],"replies":[{"embeddable":true,"href":"https:\/\/hotelsvendborg.dk\/de\/wp-json\/wp\/v2\/comments?post=4821"}],"version-history":[{"count":4,"href":"https:\/\/hotelsvendborg.dk\/de\/wp-json\/wp\/v2\/pages\/4821\/revisions"}],"predecessor-version":[{"id":4827,"href":"https:\/\/hotelsvendborg.dk\/de\/wp-json\/wp\/v2\/pages\/4821\/revisions\/4827"}],"wp:attachment":[{"href":"https:\/\/hotelsvendborg.dk\/de\/wp-json\/wp\/v2\/media?parent=4821"}],"curies":[{"name":"wp","href":"https:\/\/api.w.org\/{rel}","templated":true}]}}