{"id":4266,"date":"2025-10-29T11:48:12","date_gmt":"2025-10-29T10:48:12","guid":{"rendered":"https:\/\/hotelsvendborg.dk\/?page_id=4266"},"modified":"2026-03-23T14:29:46","modified_gmt":"2026-03-23T13:29:46","slug":"veranstaltungszentrum-fur-maritime-angelegenheiten","status":"publish","type":"page","link":"https:\/\/hotelsvendborg.dk\/de\/event-maritimt-center\/","title":{"rendered":"Veranstaltungszentrum Maritimes Zentrum"},"content":{"rendered":"\t\t<div data-elementor-type=\"wp-page\" data-elementor-id=\"4266\" class=\"elementor elementor-4266\" data-elementor-post-type=\"page\">\n\t\t\t\t<div class=\"elementor-element elementor-element-f834f3e e-con-full e-flex e-con e-parent\" data-id=\"f834f3e\" data-element_type=\"container\" data-e-type=\"container\" data-settings=\"{&quot;background_background&quot;:&quot;slideshow&quot;,&quot;background_slideshow_gallery&quot;:[{&quot;id&quot;:8411,&quot;url&quot;:&quot;https:\\\/\\\/hotelsvendborg.dk\\\/wp-content\\\/uploads\\\/2026\\\/03\\\/p2k6178_2ny.jpg&quot;}],&quot;background_slideshow_slide_duration&quot;:3000,&quot;background_slideshow_loop&quot;:&quot;yes&quot;,&quot;background_slideshow_slide_transition&quot;:&quot;fade&quot;,&quot;background_slideshow_transition_duration&quot;:500}\">\n\t\t\t\t<div class=\"elementor-element elementor-element-c22bc29 elementor-widget elementor-widget-heading\" data-id=\"c22bc29\" data-element_type=\"widget\" data-e-type=\"widget\" data-widget_type=\"heading.default\">\n\t\t\t\t<div class=\"elementor-widget-container\">\n\t\t\t\t\t<h1 class=\"elementor-heading-title elementor-size-default\">Event i Maritimt Centers Pakhus\n<\/h1>\t\t\t\t<\/div>\n\t\t\t\t<\/div>\n\t\t\t\t<div class=\"elementor-element elementor-element-bf08ec2 elementor-widget__width-initial elementor-widget elementor-widget-text-editor\" data-id=\"bf08ec2\" data-element_type=\"widget\" data-e-type=\"widget\" data-widget_type=\"text-editor.default\">\n\t\t\t\t<div class=\"elementor-widget-container\">\n\t\t\t\t\t\t\t\t\t<p>Skal jeres n\u00e6ste m\u00f8de, firmafest eller event v\u00e6re i maritime rammer med masser af pakhus atmosf\u00e6re, 3 meter fra havnekajen i Svendborg p\u00e5 Sydfyn?<\/p>\t\t\t\t\t\t\t\t<\/div>\n\t\t\t\t<\/div>\n\t\t\t\t<div class=\"elementor-element elementor-element-168408a btn-slide elementor-mobile-align-justify elementor-widget-mobile__width-inherit elementor-widget elementor-widget-button\" data-id=\"168408a\" data-element_type=\"widget\" data-e-type=\"widget\" data-widget_type=\"button.default\">\n\t\t\t\t<div class=\"elementor-widget-container\">\n\t\t\t\t\t\t\t\t\t<div class=\"elementor-button-wrapper\">\n\t\t\t\t\t<a class=\"elementor-button elementor-button-link elementor-size-sm\" href=\"#mere\">\n\t\t\t\t\t\t<span class=\"elementor-button-content-wrapper\">\n\t\t\t\t\t\t\t\t\t<span class=\"elementor-button-text\">L\u00e6s mere<\/span>\n\t\t\t\t\t<\/span>\n\t\t\t\t\t<\/a>\n\t\t\t\t<\/div>\n\t\t\t\t\t\t\t\t<\/div>\n\t\t\t\t<\/div>\n\t\t\t\t<\/div>\n\t\t<div class=\"elementor-element elementor-element-757bea6 e-flex e-con-boxed e-con e-parent\" data-id=\"757bea6\" data-element_type=\"container\" data-e-type=\"container\" id=\"mere\">\n\t\t\t\t\t<div class=\"e-con-inner\">\n\t\t<div class=\"elementor-element elementor-element-7917b7d e-grid e-con-full e-con e-child\" data-id=\"7917b7d\" data-element_type=\"container\" data-e-type=\"container\">\n\t\t<div class=\"elementor-element elementor-element-260ed86 e-con-full e-flex e-con e-child\" data-id=\"260ed86\" data-element_type=\"container\" data-e-type=\"container\" data-settings=\"{&quot;background_background&quot;:&quot;classic&quot;}\">\n\t\t\t\t<div class=\"elementor-element elementor-element-8dd51a3 elementor-widget elementor-widget-heading\" data-id=\"8dd51a3\" data-element_type=\"widget\" data-e-type=\"widget\" data-widget_type=\"heading.default\">\n\t\t\t\t<div class=\"elementor-widget-container\">\n\t\t\t\t\t<h4 class=\"elementor-heading-title elementor-size-default\">Pris pr. person DKK 996,-\n\n<\/h4>\t\t\t\t<\/div>\n\t\t\t\t<\/div>\n\t\t\t\t<div class=\"elementor-element elementor-element-a2af0b9 elementor-icon-list--layout-traditional elementor-list-item-link-full_width elementor-widget elementor-widget-icon-list\" data-id=\"a2af0b9\" data-element_type=\"widget\" data-e-type=\"widget\" data-widget_type=\"icon-list.default\">\n\t\t\t\t<div class=\"elementor-widget-container\">\n\t\t\t\t\t\t\t<ul class=\"elementor-icon-list-items\">\n\t\t\t\t\t\t\t<li class=\"elementor-icon-list-item\">\n\t\t\t\t\t\t\t\t\t\t<span class=\"elementor-icon-list-text\">For mellem 100 og 150 kuverter<\/span>\n\t\t\t\t\t\t\t\t\t<\/li>\n\t\t\t\t\t\t\t\t<li class=\"elementor-icon-list-item\">\n\t\t\t\t\t\t\t\t\t\t<span class=\"elementor-icon-list-text\">(ved over 150 kuverter reduktion i pris. Ved f\u00e6rre end 100 kuverter, kontakt os)<\/span>\n\t\t\t\t\t\t\t\t\t<\/li>\n\t\t\t\t\t\t<\/ul>\n\t\t\t\t\t\t<\/div>\n\t\t\t\t<\/div>\n\t\t\t\t<div class=\"elementor-element elementor-element-87ed247 elementor-widget elementor-widget-text-editor\" data-id=\"87ed247\" data-element_type=\"widget\" data-e-type=\"widget\" data-widget_type=\"text-editor.default\">\n\t\t\t\t<div class=\"elementor-widget-container\">\n\t\t\t\t\t\t\t\t\t<p>Alle priser er ekskl. moms.<\/p>\t\t\t\t\t\t\t\t<\/div>\n\t\t\t\t<\/div>\n\t\t\t\t<\/div>\n\t\t<div class=\"elementor-element elementor-element-d81a62a e-con-full e-flex e-con e-child\" data-id=\"d81a62a\" data-element_type=\"container\" data-e-type=\"container\" data-settings=\"{&quot;background_background&quot;:&quot;classic&quot;}\">\n\t\t\t\t<\/div>\n\t\t<div class=\"elementor-element elementor-element-c864c58 e-con-full e-flex e-con e-child\" data-id=\"c864c58\" data-element_type=\"container\" data-e-type=\"container\" data-settings=\"{&quot;background_background&quot;:&quot;classic&quot;}\">\n\t\t\t\t<\/div>\n\t\t<div class=\"elementor-element elementor-element-1c12e45 e-con-full e-flex e-con e-child\" data-id=\"1c12e45\" data-element_type=\"container\" data-e-type=\"container\" data-settings=\"{&quot;background_background&quot;:&quot;classic&quot;}\">\n\t\t\t\t<div class=\"elementor-element elementor-element-b085918 elementor-widget elementor-widget-heading\" data-id=\"b085918\" data-element_type=\"widget\" data-e-type=\"widget\" data-widget_type=\"heading.default\">\n\t\t\t\t<div class=\"elementor-widget-container\">\n\t\t\t\t\t<h4 class=\"elementor-heading-title elementor-size-default\">Prisen inkluder ligeledes:\n\n<\/h4>\t\t\t\t<\/div>\n\t\t\t\t<\/div>\n\t\t\t\t<div class=\"elementor-element elementor-element-b297920 elementor-icon-list--layout-traditional elementor-list-item-link-full_width elementor-widget elementor-widget-icon-list\" data-id=\"b297920\" data-element_type=\"widget\" data-e-type=\"widget\" data-widget_type=\"icon-list.default\">\n\t\t\t\t<div class=\"elementor-widget-container\">\n\t\t\t\t\t\t\t<ul class=\"elementor-icon-list-items\">\n\t\t\t\t\t\t\t<li class=\"elementor-icon-list-item\">\n\t\t\t\t\t\t\t\t\t\t<span class=\"elementor-icon-list-text\">- Tjenere &amp; kokke<\/span>\n\t\t\t\t\t\t\t\t\t<\/li>\n\t\t\t\t\t\t\t\t<li class=\"elementor-icon-list-item\">\n\t\t\t\t\t\t\t\t\t\t<span class=\"elementor-icon-list-text\">- Duge &amp; servietter<\/span>\n\t\t\t\t\t\t\t\t\t<\/li>\n\t\t\t\t\t\t\t\t<li class=\"elementor-icon-list-item\">\n\t\t\t\t\t\t\t\t\t\t<span class=\"elementor-icon-list-text\">- Opd\u00e6kning af lokalet<\/span>\n\t\t\t\t\t\t\t\t\t<\/li>\n\t\t\t\t\t\t\t\t<li class=\"elementor-icon-list-item\">\n\t\t\t\t\t\t\t\t\t\t<span class=\"elementor-icon-list-text\">- Borde, stole &amp; service<\/span>\n\t\t\t\t\t\t\t\t\t<\/li>\n\t\t\t\t\t\t\t\t<li class=\"elementor-icon-list-item\">\n\t\t\t\t\t\t\t\t\t\t<span class=\"elementor-icon-list-text\">- Slutreng\u00f8ring (*)<\/span>\n\t\t\t\t\t\t\t\t\t<\/li>\n\t\t\t\t\t\t\t\t<li class=\"elementor-icon-list-item\">\n\t\t\t\t\t\t\t\t\t\t<span class=\"elementor-icon-list-text\">- Leje af hallerne (*)<\/span>\n\t\t\t\t\t\t\t\t\t<\/li>\n\t\t\t\t\t\t<\/ul>\n\t\t\t\t\t\t<\/div>\n\t\t\t\t<\/div>\n\t\t\t\t<div class=\"elementor-element elementor-element-3f165c4 elementor-widget elementor-widget-text-editor\" data-id=\"3f165c4\" data-element_type=\"widget\" data-e-type=\"widget\" data-widget_type=\"text-editor.default\">\n\t\t\t\t<div class=\"elementor-widget-container\">\n\t\t\t\t\t\t\t\t\t(*) Obligatorisk fra udlejer\n\n\t\t\t\t\t\t\t\t<\/div>\n\t\t\t\t<\/div>\n\t\t\t\t<\/div>\n\t\t\t\t<\/div>\n\t\t<div class=\"elementor-element elementor-element-a91be9e e-con-full e-flex e-con e-child\" data-id=\"a91be9e\" data-element_type=\"container\" data-e-type=\"container\" data-settings=\"{&quot;background_background&quot;:&quot;classic&quot;}\">\n\t\t\t\t<div class=\"elementor-element elementor-element-759680b elementor-widget elementor-widget-heading\" data-id=\"759680b\" data-element_type=\"widget\" data-e-type=\"widget\" data-widget_type=\"heading.default\">\n\t\t\t\t<div class=\"elementor-widget-container\">\n\t\t\t\t\t<p class=\"elementor-heading-title elementor-size-default\">Event i Maritimt Centers Pakhus\n<\/p>\t\t\t\t<\/div>\n\t\t\t\t<\/div>\n\t\t\t\t<div class=\"elementor-element elementor-element-79993c9 elementor-widget elementor-widget-heading\" data-id=\"79993c9\" data-element_type=\"widget\" data-e-type=\"widget\" data-widget_type=\"heading.default\">\n\t\t\t\t<div class=\"elementor-widget-container\">\n\t\t\t\t\t<h2 class=\"elementor-heading-title elementor-size-default\">Eksempel p\u00e5 event alt inklusiv:\n<\/h2>\t\t\t\t<\/div>\n\t\t\t\t<\/div>\n\t\t\t\t<div class=\"elementor-element elementor-element-998f9ec elementor-icon-list--layout-traditional elementor-list-item-link-full_width elementor-widget elementor-widget-icon-list\" data-id=\"998f9ec\" data-element_type=\"widget\" data-e-type=\"widget\" data-widget_type=\"icon-list.default\">\n\t\t\t\t<div class=\"elementor-widget-container\">\n\t\t\t\t\t\t\t<ul class=\"elementor-icon-list-items\">\n\t\t\t\t\t\t\t<li class=\"elementor-icon-list-item\">\n\t\t\t\t\t\t\t\t\t\t<span class=\"elementor-icon-list-text\">- Velkomstdrink<\/span>\n\t\t\t\t\t\t\t\t\t<\/li>\n\t\t\t\t\t\t\t\t<li class=\"elementor-icon-list-item\">\n\t\t\t\t\t\t\t\t\t\t<span class=\"elementor-icon-list-text\">- 3 retters menu<\/span>\n\t\t\t\t\t\t\t\t\t<\/li>\n\t\t\t\t\t\t\t\t<li class=\"elementor-icon-list-item\">\n\t\t\t\t\t\t\t\t\t\t<span class=\"elementor-icon-list-text\">- Vine ad libitum til middagen<\/span>\n\t\t\t\t\t\t\t\t\t<\/li>\n\t\t\t\t\t\t\t\t<li class=\"elementor-icon-list-item\">\n\t\t\t\t\t\t\t\t\t\t<span class=\"elementor-icon-list-text\">- Kaffe<\/span>\n\t\t\t\t\t\t\t\t\t<\/li>\n\t\t\t\t\t\t\t\t<li class=\"elementor-icon-list-item\">\n\t\t\t\t\t\t\t\t\t\t<span class=\"elementor-icon-list-text\">- Bar i 3 timer vin, \u00f8l og sodavand<\/span>\n\t\t\t\t\t\t\t\t\t<\/li>\n\t\t\t\t\t\t\t\t<li class=\"elementor-icon-list-item\">\n\t\t\t\t\t\t\t\t\t\t<span class=\"elementor-icon-list-text\">- Natmad<\/span>\n\t\t\t\t\t\t\t\t\t<\/li>\n\t\t\t\t\t\t<\/ul>\n\t\t\t\t\t\t<\/div>\n\t\t\t\t<\/div>\n\t\t\t\t<div class=\"elementor-element elementor-element-2c4d64f elementor-mobile-align-justify elementor-widget elementor-widget-button\" data-id=\"2c4d64f\" data-element_type=\"widget\" data-e-type=\"widget\" data-widget_type=\"button.default\">\n\t\t\t\t<div class=\"elementor-widget-container\">\n\t\t\t\t\t\t\t\t\t<div class=\"elementor-button-wrapper\">\n\t\t\t\t\t<a class=\"elementor-button elementor-button-link elementor-size-sm\" href=\"#kontakt\">\n\t\t\t\t\t\t<span class=\"elementor-button-content-wrapper\">\n\t\t\t\t\t\t\t\t\t<span class=\"elementor-button-text\">Foresp\u00f8rg ophold<\/span>\n\t\t\t\t\t<\/span>\n\t\t\t\t\t<\/a>\n\t\t\t\t<\/div>\n\t\t\t\t\t\t\t\t<\/div>\n\t\t\t\t<\/div>\n\t\t\t\t<\/div>\n\t\t\t\t\t<\/div>\n\t\t\t\t<\/div>\n\t\t<div class=\"elementor-element elementor-element-6e97dc2 e-flex e-con-boxed e-con e-parent\" data-id=\"6e97dc2\" data-element_type=\"container\" data-e-type=\"container\" data-settings=\"{&quot;background_background&quot;:&quot;classic&quot;}\">\n\t\t\t\t\t<div class=\"e-con-inner\">\n\t\t<div class=\"elementor-element elementor-element-419c243 e-con-full e-flex e-con e-child\" data-id=\"419c243\" data-element_type=\"container\" data-e-type=\"container\" data-settings=\"{&quot;background_background&quot;:&quot;classic&quot;}\">\n\t\t\t\t<div class=\"elementor-element elementor-element-64fe5a9 elementor-widget elementor-widget-heading\" data-id=\"64fe5a9\" data-element_type=\"widget\" data-e-type=\"widget\" data-widget_type=\"heading.default\">\n\t\t\t\t<div class=\"elementor-widget-container\">\n\t\t\t\t\t<h2 class=\"elementor-heading-title elementor-size-default\">Hvad f\u00f8lger med til eventet?<\/h2>\t\t\t\t<\/div>\n\t\t\t\t<\/div>\n\t\t<div class=\"elementor-element elementor-element-ea668b9 e-con-full e-flex e-con e-child\" data-id=\"ea668b9\" data-element_type=\"container\" data-e-type=\"container\">\n\t\t\t\t<div class=\"elementor-element elementor-element-ab444a4 elementor-widget__width-initial elementor-widget elementor-widget-text-editor\" data-id=\"ab444a4\" data-element_type=\"widget\" data-e-type=\"widget\" data-widget_type=\"text-editor.default\">\n\t\t\t\t<div class=\"elementor-widget-container\">\n\t\t\t\t\t\t\t\t\t<p>3 retters menu inklusiv kokke alt andet s\u00f8rger I selv for<br \/>pris pr. person<strong> DKK 356,-<\/strong><\/p>\t\t\t\t\t\t\t\t<\/div>\n\t\t\t\t<\/div>\n\t\t\t\t<div class=\"elementor-element elementor-element-465e080 elementor-widget__width-initial elementor-widget elementor-widget-text-editor\" data-id=\"465e080\" data-element_type=\"widget\" data-e-type=\"widget\" data-widget_type=\"text-editor.default\">\n\t\t\t\t<div class=\"elementor-widget-container\">\n\t\t\t\t\t\t\t\t\t<p>Mellem 100-150 kuverter<\/p><p>Ved over 150 kuverter reduktion i pris<\/p><p>Ved under 150 kuverter kontakt os for en pris<\/p>\t\t\t\t\t\t\t\t<\/div>\n\t\t\t\t<\/div>\n\t\t\t\t<\/div>\n\t\t\t\t<\/div>\n\t\t\t\t\t<\/div>\n\t\t\t\t<\/div>\n\t\t\t\t<\/div>\n\t\t","protected":false},"excerpt":{"rendered":"<p>Event i Maritimt Centers Pakhus Skal jeres n\u00e6ste m\u00f8de, firmafest eller event v\u00e6re i maritime rammer med masser af pakhus atmosf\u00e6re, 3 meter fra havnekajen i Svendborg p\u00e5 Sydfyn? L\u00e6s mere Pris pr. person DKK 996,- For mellem 100 og 150 kuverter (ved over 150 kuverter reduktion i pris. Ved f\u00e6rre end 100 kuverter, kontakt [&hellip;]<\/p>\n","protected":false},"author":2,"featured_media":0,"parent":0,"menu_order":0,"comment_status":"closed","ping_status":"closed","template":"","meta":{"_acf_changed":false,"footnotes":""},"class_list":["post-4266","page","type-page","status-publish","hentry"],"acf":[],"yoast_head":"<!-- This site is optimized with the Yoast SEO plugin v27.5 - https:\/\/yoast.com\/product\/yoast-seo-wordpress\/ -->\n<title>Event i Maritimt Pakhus | Hotel Svendborg | Se mere her<\/title>\n<meta name=\"description\" content=\"Hold jeres n\u00e6ste fest p\u00e5 havnen i Svendborg i en maritim atmosf\u00e6re. Vi s\u00f8rger for det hele til dit event. Se hvad vi kan tilbyde her.\" \/>\n<meta name=\"robots\" content=\"index, follow, max-snippet:-1, max-image-preview:large, max-video-preview:-1\" \/>\n<link rel=\"canonical\" href=\"https:\/\/hotelsvendborg.dk\/de\/veranstaltungszentrum-fur-maritime-angelegenheiten\/\" \/>\n<meta property=\"og:locale\" content=\"de_DE\" \/>\n<meta property=\"og:type\" content=\"article\" \/>\n<meta property=\"og:title\" content=\"Event i Maritimt Pakhus | Hotel Svendborg | Se mere her\" \/>\n<meta property=\"og:description\" content=\"Hold jeres n\u00e6ste fest p\u00e5 havnen i Svendborg i en maritim atmosf\u00e6re. Vi s\u00f8rger for det hele til dit event. Se hvad vi kan tilbyde her.\" \/>\n<meta property=\"og:url\" content=\"https:\/\/hotelsvendborg.dk\/de\/veranstaltungszentrum-fur-maritime-angelegenheiten\/\" \/>\n<meta property=\"og:site_name\" content=\"Hotel Svendborg\" \/>\n<meta property=\"article:modified_time\" content=\"2026-03-23T13:29:46+00:00\" \/>\n<meta name=\"twitter:card\" content=\"summary_large_image\" \/>\n<meta name=\"twitter:label1\" content=\"Gesch\u00e4tzte Lesezeit\" \/>\n\t<meta name=\"twitter:data1\" content=\"1\u00a0Minute\" \/>\n<script type=\"application\/ld+json\" class=\"yoast-schema-graph\">{\"@context\":\"https:\\\/\\\/schema.org\",\"@graph\":[{\"@type\":\"WebPage\",\"@id\":\"https:\\\/\\\/hotelsvendborg.dk\\\/event-maritimt-center\\\/\",\"url\":\"https:\\\/\\\/hotelsvendborg.dk\\\/event-maritimt-center\\\/\",\"name\":\"Event i Maritimt Pakhus | Hotel Svendborg | Se mere her\",\"isPartOf\":{\"@id\":\"https:\\\/\\\/hotelsvendborg.dk\\\/#website\"},\"datePublished\":\"2025-10-29T10:48:12+00:00\",\"dateModified\":\"2026-03-23T13:29:46+00:00\",\"description\":\"Hold jeres n\u00e6ste fest p\u00e5 havnen i Svendborg i en maritim atmosf\u00e6re. Vi s\u00f8rger for det hele til dit event. Se hvad vi kan tilbyde her.\",\"breadcrumb\":{\"@id\":\"https:\\\/\\\/hotelsvendborg.dk\\\/event-maritimt-center\\\/#breadcrumb\"},\"inLanguage\":\"de\",\"potentialAction\":[{\"@type\":\"ReadAction\",\"target\":[\"https:\\\/\\\/hotelsvendborg.dk\\\/event-maritimt-center\\\/\"]}]},{\"@type\":\"BreadcrumbList\",\"@id\":\"https:\\\/\\\/hotelsvendborg.dk\\\/event-maritimt-center\\\/#breadcrumb\",\"itemListElement\":[{\"@type\":\"ListItem\",\"position\":1,\"name\":\"Home\",\"item\":\"https:\\\/\\\/hotelsvendborg.dk\\\/\"},{\"@type\":\"ListItem\",\"position\":2,\"name\":\"Event Maritimt Center\"}]},{\"@type\":\"WebSite\",\"@id\":\"https:\\\/\\\/hotelsvendborg.dk\\\/#website\",\"url\":\"https:\\\/\\\/hotelsvendborg.dk\\\/\",\"name\":\"Hotel Svendborg\",\"description\":\"\",\"publisher\":{\"@id\":\"https:\\\/\\\/hotelsvendborg.dk\\\/#organization\"},\"potentialAction\":[{\"@type\":\"SearchAction\",\"target\":{\"@type\":\"EntryPoint\",\"urlTemplate\":\"https:\\\/\\\/hotelsvendborg.dk\\\/?s={search_term_string}\"},\"query-input\":{\"@type\":\"PropertyValueSpecification\",\"valueRequired\":true,\"valueName\":\"search_term_string\"}}],\"inLanguage\":\"de\"},{\"@type\":\"Organization\",\"@id\":\"https:\\\/\\\/hotelsvendborg.dk\\\/#organization\",\"name\":\"Hotel Svendborg\",\"url\":\"https:\\\/\\\/hotelsvendborg.dk\\\/\",\"logo\":{\"@type\":\"ImageObject\",\"inLanguage\":\"de\",\"@id\":\"https:\\\/\\\/hotelsvendborg.dk\\\/#\\\/schema\\\/logo\\\/image\\\/\",\"url\":\"https:\\\/\\\/hotelsvendborg.dk\\\/wp-content\\\/uploads\\\/2024\\\/10\\\/hotel-svendborg.svg\",\"contentUrl\":\"https:\\\/\\\/hotelsvendborg.dk\\\/wp-content\\\/uploads\\\/2024\\\/10\\\/hotel-svendborg.svg\",\"width\":257,\"height\":55,\"caption\":\"Hotel Svendborg\"},\"image\":{\"@id\":\"https:\\\/\\\/hotelsvendborg.dk\\\/#\\\/schema\\\/logo\\\/image\\\/\"}}]}<\/script>\n<!-- \/ Yoast SEO plugin. -->","yoast_head_json":{"title":"Veranstaltung im Maritimt Pakhus | Hotel Svendborg | Weitere Informationen finden Sie hier","description":"Feiern Sie Ihre n\u00e4chste Party im Hafen von Svendborg in maritimer Atmosph\u00e4re. Wir k\u00fcmmern uns um alles. Entdecken Sie hier unser Angebot.","robots":{"index":"index","follow":"follow","max-snippet":"max-snippet:-1","max-image-preview":"max-image-preview:large","max-video-preview":"max-video-preview:-1"},"canonical":"https:\/\/hotelsvendborg.dk\/de\/veranstaltungszentrum-fur-maritime-angelegenheiten\/","og_locale":"de_DE","og_type":"article","og_title":"Event i Maritimt Pakhus | Hotel Svendborg | Se mere her","og_description":"Hold jeres n\u00e6ste fest p\u00e5 havnen i Svendborg i en maritim atmosf\u00e6re. Vi s\u00f8rger for det hele til dit event. Se hvad vi kan tilbyde her.","og_url":"https:\/\/hotelsvendborg.dk\/de\/veranstaltungszentrum-fur-maritime-angelegenheiten\/","og_site_name":"Hotel Svendborg","article_modified_time":"2026-03-23T13:29:46+00:00","twitter_card":"summary_large_image","twitter_misc":{"Gesch\u00e4tzte Lesezeit":"1\u00a0Minute"},"schema":{"@context":"https:\/\/schema.org","@graph":[{"@type":"WebPage","@id":"https:\/\/hotelsvendborg.dk\/event-maritimt-center\/","url":"https:\/\/hotelsvendborg.dk\/event-maritimt-center\/","name":"Veranstaltung im Maritimt Pakhus | Hotel Svendborg | Weitere Informationen finden Sie hier","isPartOf":{"@id":"https:\/\/hotelsvendborg.dk\/#website"},"datePublished":"2025-10-29T10:48:12+00:00","dateModified":"2026-03-23T13:29:46+00:00","description":"Feiern Sie Ihre n\u00e4chste Party im Hafen von Svendborg in maritimer Atmosph\u00e4re. Wir k\u00fcmmern uns um alles. Entdecken Sie hier unser Angebot.","breadcrumb":{"@id":"https:\/\/hotelsvendborg.dk\/event-maritimt-center\/#breadcrumb"},"inLanguage":"de","potentialAction":[{"@type":"ReadAction","target":["https:\/\/hotelsvendborg.dk\/event-maritimt-center\/"]}]},{"@type":"BreadcrumbList","@id":"https:\/\/hotelsvendborg.dk\/event-maritimt-center\/#breadcrumb","itemListElement":[{"@type":"ListItem","position":1,"name":"Home","item":"https:\/\/hotelsvendborg.dk\/"},{"@type":"ListItem","position":2,"name":"Event Maritimt Center"}]},{"@type":"WebSite","@id":"https:\/\/hotelsvendborg.dk\/#website","url":"https:\/\/hotelsvendborg.dk\/","name":"Hotel Svendborg","description":"","publisher":{"@id":"https:\/\/hotelsvendborg.dk\/#organization"},"potentialAction":[{"@type":"SearchAction","target":{"@type":"EntryPoint","urlTemplate":"https:\/\/hotelsvendborg.dk\/?s={search_term_string}"},"query-input":{"@type":"PropertyValueSpecification","valueRequired":true,"valueName":"search_term_string"}}],"inLanguage":"de"},{"@type":"Organization","@id":"https:\/\/hotelsvendborg.dk\/#organization","name":"Hotel Svendborg","url":"https:\/\/hotelsvendborg.dk\/","logo":{"@type":"ImageObject","inLanguage":"de","@id":"https:\/\/hotelsvendborg.dk\/#\/schema\/logo\/image\/","url":"https:\/\/hotelsvendborg.dk\/wp-content\/uploads\/2024\/10\/hotel-svendborg.svg","contentUrl":"https:\/\/hotelsvendborg.dk\/wp-content\/uploads\/2024\/10\/hotel-svendborg.svg","width":257,"height":55,"caption":"Hotel Svendborg"},"image":{"@id":"https:\/\/hotelsvendborg.dk\/#\/schema\/logo\/image\/"}}]}},"_links":{"self":[{"href":"https:\/\/hotelsvendborg.dk\/de\/wp-json\/wp\/v2\/pages\/4266","targetHints":{"allow":["GET"]}}],"collection":[{"href":"https:\/\/hotelsvendborg.dk\/de\/wp-json\/wp\/v2\/pages"}],"about":[{"href":"https:\/\/hotelsvendborg.dk\/de\/wp-json\/wp\/v2\/types\/page"}],"author":[{"embeddable":true,"href":"https:\/\/hotelsvendborg.dk\/de\/wp-json\/wp\/v2\/users\/2"}],"replies":[{"embeddable":true,"href":"https:\/\/hotelsvendborg.dk\/de\/wp-json\/wp\/v2\/comments?post=4266"}],"version-history":[{"count":19,"href":"https:\/\/hotelsvendborg.dk\/de\/wp-json\/wp\/v2\/pages\/4266\/revisions"}],"predecessor-version":[{"id":8484,"href":"https:\/\/hotelsvendborg.dk\/de\/wp-json\/wp\/v2\/pages\/4266\/revisions\/8484"}],"wp:attachment":[{"href":"https:\/\/hotelsvendborg.dk\/de\/wp-json\/wp\/v2\/media?parent=4266"}],"curies":[{"name":"wp","href":"https:\/\/api.w.org\/{rel}","templated":true}]}}